{"id":6344,"date":"2023-04-17T16:10:01","date_gmt":"2023-04-17T13:10:01","guid":{"rendered":"https:\/\/aridamlasi.com\/ballar\/"},"modified":"2023-07-20T14:36:39","modified_gmt":"2023-07-20T11:36:39","slug":"%d8%a7%d9%84%d8%b9%d8%b3%d9%84","status":"publish","type":"page","link":"https:\/\/aridamlasi.com\/ar\/%d8%a7%d9%84%d8%b9%d8%b3%d9%84\/","title":{"rendered":"\u0627\u0644\u0639\u0633\u0644"},"content":{"rendered":"<p>Ballar<br \/>\nline<br \/>\nhide<\/p>\n<p><img decoding=\"async\" src=\"https:\/\/aridamlasi.com\/wp-content\/uploads\/2022\/03\/Cam-Bali-645-AD-4.png\" alt=\"Cam-Bali-645-AD\" \/><br \/>\n\u00c7am Bal\u0131<br \/>\n<a href=\"https:\/\/aridamlasi.com\/tr\/cam-bali-645-g\/\">https:\/\/aridamlasi.com\/cam-bali-645-g\/<\/a><br \/>\nhide<\/p>\n<p><img decoding=\"async\" src=\"https:\/\/aridamlasi.com\/wp-content\/uploads\/2022\/02\/Cicek-Bali-300.png\" alt=\"Cicek-Bali-300\" \/><br \/>\nDo\u011fal S\u00fczme \u00c7i\u00e7ek Bal\u0131<br \/>\n<a href=\"https:\/\/aridamlasi.com\/tr\/dogal-suzme-cicek-bali-645g\/\">https:\/\/aridamlasi.com\/dogal-suzme-cicek-bali-645g\/<\/a><br \/>\nhide<\/p>\n<p><img decoding=\"async\" src=\"https:\/\/aridamlasi.com\/wp-content\/uploads\/2022\/02\/Kestane-Bali-300-3.png\" alt=\"Kestane-Bali-300\" \/><br \/>\nKestane Bal\u0131<br \/>\n<a href=\"https:\/\/aridamlasi.com\/kestane-bali-300-g\/\">https:\/\/aridamlasi.com\/kestane-bali-300-g\/<\/a><br \/>\nhide<\/p>\n","protected":false},"excerpt":{"rendered":"<p>Ballar line hide \u00c7am Bal\u0131 https:\/\/aridamlasi.com\/cam-bali-645-g\/ hide Do\u011fal S\u00fczme \u00c7i\u00e7ek Bal\u0131 https:\/\/aridamlasi.com\/dogal-suzme-cicek-bali-645g\/ hide Kestane Bal\u0131 https:\/\/aridamlasi.com\/kestane-bali-300-g\/ hide<\/p>\n","protected":false},"author":1,"featured_media":0,"parent":0,"menu_order":0,"comment_status":"closed","ping_status":"closed","template":"","meta":{"_joinchat":[],"footnotes":""},"class_list":["post-6344","page","type-page","status-publish","hentry"],"_links":{"self":[{"href":"https:\/\/aridamlasi.com\/ar\/wp-json\/wp\/v2\/pages\/6344","targetHints":{"allow":["GET"]}}],"collection":[{"href":"https:\/\/aridamlasi.com\/ar\/wp-json\/wp\/v2\/pages"}],"about":[{"href":"https:\/\/aridamlasi.com\/ar\/wp-json\/wp\/v2\/types\/page"}],"author":[{"embeddable":true,"href":"https:\/\/aridamlasi.com\/ar\/wp-json\/wp\/v2\/users\/1"}],"replies":[{"embeddable":true,"href":"https:\/\/aridamlasi.com\/ar\/wp-json\/wp\/v2\/comments?post=6344"}],"version-history":[{"count":0,"href":"https:\/\/aridamlasi.com\/ar\/wp-json\/wp\/v2\/pages\/6344\/revisions"}],"wp:attachment":[{"href":"https:\/\/aridamlasi.com\/ar\/wp-json\/wp\/v2\/media?parent=6344"}],"curies":[{"name":"wp","href":"https:\/\/api.w.org\/{rel}","templated":true}]}}