{"id":6350,"date":"2023-04-17T16:14:15","date_gmt":"2023-04-17T13:14:15","guid":{"rendered":"https:\/\/aridamlasi.com\/bitkisel-caylar\/"},"modified":"2023-07-20T14:45:31","modified_gmt":"2023-07-20T11:45:31","slug":"%d8%b4%d8%a7%d9%8a-%d8%a7%d9%84%d8%a7%d8%b9%d8%b4%d8%a7%d8%a8","status":"publish","type":"page","link":"https:\/\/aridamlasi.com\/ar\/%d8%b4%d8%a7%d9%8a-%d8%a7%d9%84%d8%a7%d8%b9%d8%b4%d8%a7%d8%a8\/","title":{"rendered":"\u0634\u0627\u064a \u0627\u0644\u0627\u0639\u0634\u0627\u0628"},"content":{"rendered":"<p>Bitkisel \u00c7aylar<br \/>\nline<br \/>\nhide<\/p>\n<p><img decoding=\"async\" src=\"https:\/\/aridamlasi.com\/wp-content\/uploads\/2022\/12\/L-Karnitinli-Cay.png\" alt=\"L-Karnitinli \u00c7ay\" \/><br \/>\nL-Karnitinli Kar\u0131\u015f\u0131k Bitki \u00c7ay\u0131<br \/>\n<a href=\"https:\/\/aridamlasi.com\/tr\/l-karnitinli-karisik-bitki-cayi\/\">https:\/\/aridamlasi.com\/l-karnitinli-karisik-bitki-cayi\/<\/a><br \/>\nhide<\/p>\n","protected":false},"excerpt":{"rendered":"<p>Bitkisel \u00c7aylar line hide L-Karnitinli Kar\u0131\u015f\u0131k Bitki \u00c7ay\u0131 https:\/\/aridamlasi.com\/l-karnitinli-karisik-bitki-cayi\/ hide<\/p>\n","protected":false},"author":1,"featured_media":0,"parent":0,"menu_order":0,"comment_status":"closed","ping_status":"closed","template":"","meta":{"_joinchat":[],"footnotes":""},"class_list":["post-6350","page","type-page","status-publish","hentry"],"_links":{"self":[{"href":"https:\/\/aridamlasi.com\/ar\/wp-json\/wp\/v2\/pages\/6350","targetHints":{"allow":["GET"]}}],"collection":[{"href":"https:\/\/aridamlasi.com\/ar\/wp-json\/wp\/v2\/pages"}],"about":[{"href":"https:\/\/aridamlasi.com\/ar\/wp-json\/wp\/v2\/types\/page"}],"author":[{"embeddable":true,"href":"https:\/\/aridamlasi.com\/ar\/wp-json\/wp\/v2\/users\/1"}],"replies":[{"embeddable":true,"href":"https:\/\/aridamlasi.com\/ar\/wp-json\/wp\/v2\/comments?post=6350"}],"version-history":[{"count":0,"href":"https:\/\/aridamlasi.com\/ar\/wp-json\/wp\/v2\/pages\/6350\/revisions"}],"wp:attachment":[{"href":"https:\/\/aridamlasi.com\/ar\/wp-json\/wp\/v2\/media?parent=6350"}],"curies":[{"name":"wp","href":"https:\/\/api.w.org\/{rel}","templated":true}]}}