{"id":6355,"date":"2023-04-27T12:27:24","date_gmt":"2023-04-27T09:27:24","guid":{"rendered":"https:\/\/aridamlasi.com\/bugday-yagi\/"},"modified":"2023-07-20T15:07:12","modified_gmt":"2023-07-20T12:07:12","slug":"%d8%b2%d9%8a%d8%aa-%d8%a7%d9%84%d9%82%d9%85%d8%ad-20-%d9%85%d9%84","status":"publish","type":"page","link":"https:\/\/aridamlasi.com\/ar\/%d8%b2%d9%8a%d8%aa-%d8%a7%d9%84%d9%82%d9%85%d8%ad-20-%d9%85%d9%84\/","title":{"rendered":"\u0632\u064a\u062a \u0627\u0644\u0642\u0645\u062d 20 \u0645\u0644"},"content":{"rendered":"<p>Bu\u011fday Ya\u011f\u0131<br \/>\nline<br \/>\nARI DAMLASI<br \/>\nhide<\/p>\n<p><img decoding=\"async\" src=\"https:\/\/aridamlasi.com\/wp-content\/uploads\/2022\/03\/Bugday-Yagi-20.png\" alt=\"Bugday-Yagi-20\" \/><br \/>\nfull<br \/>\ncontain<br \/>\ncenter center<br \/>\nhide<\/p>\n<p>Triticum aestivum\u00a0(bu\u011fday),\u00a0Triticum\u00a0cinsine ba\u011fl\u0131 b\u00fct\u00fcn d\u00fcnyada \u0131slah\u0131 yap\u0131lm\u0131\u015f tek y\u0131ll\u0131k otsu bitki t\u00fcr\u00fcd\u00fcr.Bu\u011fday r\u00fc\u015feymi ve bitkisel ya\u011f ile maserasyon y\u00f6ntemiyle elde edilmi\u015ftir.<br \/>\nhide<\/p>\n","protected":false},"excerpt":{"rendered":"<p>Bu\u011fday Ya\u011f\u0131 line ARI DAMLASI hide full contain center center hide Triticum aestivum\u00a0(bu\u011fday),\u00a0Triticum\u00a0cinsine ba\u011fl\u0131 b\u00fct\u00fcn d\u00fcnyada \u0131slah\u0131 yap\u0131lm\u0131\u015f tek y\u0131ll\u0131k otsu bitki t\u00fcr\u00fcd\u00fcr.Bu\u011fday r\u00fc\u015feymi ve bitkisel<span class=\"excerpt-hellip\"> [\u2026]<\/span><\/p>\n","protected":false},"author":1,"featured_media":0,"parent":0,"menu_order":0,"comment_status":"closed","ping_status":"closed","template":"","meta":{"_joinchat":[],"footnotes":""},"class_list":["post-6355","page","type-page","status-publish","hentry"],"_links":{"self":[{"href":"https:\/\/aridamlasi.com\/ar\/wp-json\/wp\/v2\/pages\/6355","targetHints":{"allow":["GET"]}}],"collection":[{"href":"https:\/\/aridamlasi.com\/ar\/wp-json\/wp\/v2\/pages"}],"about":[{"href":"https:\/\/aridamlasi.com\/ar\/wp-json\/wp\/v2\/types\/page"}],"author":[{"embeddable":true,"href":"https:\/\/aridamlasi.com\/ar\/wp-json\/wp\/v2\/users\/1"}],"replies":[{"embeddable":true,"href":"https:\/\/aridamlasi.com\/ar\/wp-json\/wp\/v2\/comments?post=6355"}],"version-history":[{"count":0,"href":"https:\/\/aridamlasi.com\/ar\/wp-json\/wp\/v2\/pages\/6355\/revisions"}],"wp:attachment":[{"href":"https:\/\/aridamlasi.com\/ar\/wp-json\/wp\/v2\/media?parent=6355"}],"curies":[{"name":"wp","href":"https:\/\/api.w.org\/{rel}","templated":true}]}}