{"id":6368,"date":"2023-04-06T17:30:27","date_gmt":"2023-04-06T14:30:27","guid":{"rendered":"https:\/\/aridamlasi.com\/civanpercemi-ekstraktli-bitkisel-karisim-230-gr\/"},"modified":"2023-07-20T17:09:27","modified_gmt":"2023-07-20T14:09:27","slug":"%d8%ae%d9%84%d9%8a%d8%b7-%d8%b9%d8%b4%d8%a8%d9%8a-%d8%a8%d8%ae%d9%84%d8%a7%d8%b5%d8%a9-%d8%a7%d9%84%d9%8a%d8%a7%d8%b1%d9%88%d9%82%d9%8a%d8%b5%d9%88%d9%85-%d8%a3%d9%84%d9%81%d9%8a-%d8%a7%d9%84%d8%a3","status":"publish","type":"page","link":"https:\/\/aridamlasi.com\/ar\/%d8%ae%d9%84%d9%8a%d8%b7-%d8%b9%d8%b4%d8%a8%d9%8a-%d8%a8%d8%ae%d9%84%d8%a7%d8%b5%d8%a9-%d8%a7%d9%84%d9%8a%d8%a7%d8%b1%d9%88%d9%82%d9%8a%d8%b5%d9%88%d9%85-%d8%a3%d9%84%d9%81%d9%8a-%d8%a7%d9%84%d8%a3\/","title":{"rendered":"\u062e\u0644\u064a\u0637 \u0639\u0634\u0628\u064a \u0628\u062e\u0644\u0627\u0635\u0629 \u0627\u0644\u064a\u0627\u0631\u0648\\\u0642\u064a\u0635\u0648\u0645 \u0623\u0644\u0641\u064a \u0627\u0644\u0623\u0648\u0631\u0627\u0642 230 \u063a\u0631\u0627\u0645"},"content":{"rendered":"<p>Civanper\u00e7emi Ekstraktl\u0131 Bitkisel Kar\u0131\u015f\u0131m<br \/>\nCivanper\u00e7emi (Achillea millefolium), papatyagiller familyas\u0131n\u0131n \u00fcyesi olan \u00e7i\u00e7ekli bir bitkidir. Kuzey ve Do\u011fu Anadoluda yeti\u015fmektedir. Yol kenarlar\u0131, \u00e7ay\u0131rlar, tarlalar ve k\u0131y\u0131 kesimleri gibi hem nemli hem de kuru b\u00f6lgeler i\u00e7in ortak olan civanper\u00e7emi..<br \/>\nline<br \/>\nARI DAMLASI<br \/>\nhide<\/p>\n<p><img decoding=\"async\" src=\"https:\/\/aridamlasi.com\/wp-content\/uploads\/2022\/03\/Civan-Percemi-AD.png\" alt=\"Civan-Percemi-AD\" \/><br \/>\nfull<br \/>\ncontain<br \/>\ncenter center<br \/>\nhide<\/p>\n<p>Civanper\u00e7emi\u00a0(Achillea millefolium),\u00a0papatyagiller\u00a0familyas\u0131n\u0131n\u00a0\u00fcyesi olan\u00a0\u00e7i\u00e7ekli bir bitkidir. Kuzey ve Do\u011fu Anadoluda yeti\u015fmektedir. Yol kenarlar\u0131, \u00e7ay\u0131rlar, tarlalar ve k\u0131y\u0131 kesimleri gibi hem nemli hem de kuru b\u00f6lgeler i\u00e7in ortak olan civanper\u00e7emi, hayvanc\u0131l\u0131kta yem olarak kullan\u0131lmas\u0131 amac\u0131yla Yeni Zelanda ve Avustralya gibi yerlere de g\u00f6t\u00fcr\u00fclm\u00fc\u015ft\u00fcr. Kuvvetli bir kokusu ve ac\u0131mt\u0131rak bir tad\u0131 vard\u0131r.Hay\u0131t Tohumu,\u00a0Vitex agnus-castus t\u00fcr\u00fcn\u00fcn meyveleridir. Mavimsi, renkli \u00e7i\u00e7ekli, \u00e7al\u0131 g\u00f6r\u00fcn\u00fc\u015f\u00fcnde bir a\u011fa\u00e7t\u0131r. Hafif ac\u0131ms\u0131 bir tad\u0131 vard\u0131r. U\u00e7ucu ya\u011f ve rezin i\u00e7ermektedir. Akdeniz B\u00f6lgesi civar\u0131nda yeti\u015fmektedir.Aslan Pen\u00e7esi (Alchemilla alpina),\u00a0g\u00fclgiller (Rosaceae) familyas\u0131ndan bir bitki cinsidir\u00a0ve\u00a0Afrika,\u00a0Asya\u00a0ve\u00a0Avrupa\u2019da ya\u015fayan, \u00f6zellikle da\u011fl\u0131k b\u00f6lgelerde yayg\u0131n olan bir bitkidir. Da\u011fl\u0131k b\u00f6lgelerde \u00e7ok t\u00fcyl\u00fc \u015fekilleri de vard\u0131r. B\u00fcy\u00fckl\u00fc\u011f\u00fc ot ile\u00a0\u00e7al\u0131\u00a0boyutlar\u0131 aras\u0131nda olur. \u00c7i\u00e7ekleri k\u00fc\u00e7\u00fck ve g\u00f6steri\u015fsiz olup ta\u00e7 yapraks\u0131zd\u0131rlar.Bu \u00fcr\u00fcnde bulunan t\u00fcm bitki ve bitki ekstraktlar\u0131 \u00f6zenle se\u00e7ilip g\u0131da g\u00fcvenli\u011fi standartlar\u0131yla \u00fcreterek t\u00fcketiciye sunulmaktad\u0131r.\u0130lave \u015feker, koruyucu ve renklendirici i\u00e7ermez.<br \/>\nhide<\/p>\n","protected":false},"excerpt":{"rendered":"<p>Civanper\u00e7emi Ekstraktl\u0131 Bitkisel Kar\u0131\u015f\u0131m Civanper\u00e7emi (Achillea millefolium), papatyagiller familyas\u0131n\u0131n \u00fcyesi olan \u00e7i\u00e7ekli bir bitkidir. Kuzey ve Do\u011fu Anadoluda yeti\u015fmektedir. Yol kenarlar\u0131, \u00e7ay\u0131rlar, tarlalar ve k\u0131y\u0131 kesimleri<span class=\"excerpt-hellip\"> [\u2026]<\/span><\/p>\n","protected":false},"author":1,"featured_media":0,"parent":0,"menu_order":0,"comment_status":"closed","ping_status":"closed","template":"","meta":{"_joinchat":[],"footnotes":""},"class_list":["post-6368","page","type-page","status-publish","hentry"],"_links":{"self":[{"href":"https:\/\/aridamlasi.com\/ar\/wp-json\/wp\/v2\/pages\/6368","targetHints":{"allow":["GET"]}}],"collection":[{"href":"https:\/\/aridamlasi.com\/ar\/wp-json\/wp\/v2\/pages"}],"about":[{"href":"https:\/\/aridamlasi.com\/ar\/wp-json\/wp\/v2\/types\/page"}],"author":[{"embeddable":true,"href":"https:\/\/aridamlasi.com\/ar\/wp-json\/wp\/v2\/users\/1"}],"replies":[{"embeddable":true,"href":"https:\/\/aridamlasi.com\/ar\/wp-json\/wp\/v2\/comments?post=6368"}],"version-history":[{"count":0,"href":"https:\/\/aridamlasi.com\/ar\/wp-json\/wp\/v2\/pages\/6368\/revisions"}],"wp:attachment":[{"href":"https:\/\/aridamlasi.com\/ar\/wp-json\/wp\/v2\/media?parent=6368"}],"curies":[{"name":"wp","href":"https:\/\/api.w.org\/{rel}","templated":true}]}}