{"id":6388,"date":"2023-04-17T16:15:57","date_gmt":"2023-04-17T13:15:57","guid":{"rendered":"https:\/\/aridamlasi.com\/ekstraktlar\/"},"modified":"2023-07-20T17:46:58","modified_gmt":"2023-07-20T14:46:58","slug":"%d9%85%d9%82%d8%aa%d8%b7%d9%81%d8%a7%d8%aa","status":"publish","type":"page","link":"https:\/\/aridamlasi.com\/ar\/%d9%85%d9%82%d8%aa%d8%b7%d9%81%d8%a7%d8%aa\/","title":{"rendered":"\u0645\u0642\u062a\u0637\u0641\u0627\u062a"},"content":{"rendered":"<p>Ekstraktlar<br \/>\nline<br \/>\nhide<\/p>\n<p><img decoding=\"async\" src=\"https:\/\/aridamlasi.com\/wp-content\/uploads\/2022\/03\/Propolis-Toz-Ekstrakt.png\" alt=\"Propolis-Toz-Ekstrakt\" \/><br \/>\nPropolis Toz Ekstrakt<br \/>\n<a href=\"https:\/\/aridamlasi.com\/tr\/propolis-toz-ekstrakt-15-g\/\">https:\/\/aridamlasi.com\/propolis-toz-ekstrakt-15-g\/<\/a><br \/>\nhide<\/p>\n<p><img decoding=\"async\" src=\"https:\/\/aridamlasi.com\/wp-content\/uploads\/2022\/03\/Zerdacal-Toz-Ekstrakt.png\" alt=\"Zerdacal-Toz-Ekstrakt\" \/><br \/>\nZerde\u00e7al Toz Ekstrakt<br \/>\n<a href=\"https:\/\/aridamlasi.com\/tr\/zerdecal-toz-ekstrakt-15-g\/\">https:\/\/aridamlasi.com\/zerdecal-toz-ekstrakt-15-g\/<\/a><br \/>\nhide<\/p>\n<p><img decoding=\"async\" src=\"https:\/\/aridamlasi.com\/wp-content\/uploads\/2022\/03\/Ari-Sutu-Toz-Ekstrakt.png\" alt=\"Ari-Sutu-Toz-Ekstrakt\" \/><br \/>\nAr\u0131 S\u00fct\u00fc Tozu<br \/>\n<a href=\"https:\/\/aridamlasi.com\/ar\/%d9%85%d8%b3%d8%ad%d9%88%d9%82-%d8%ba%d8%b0%d8%a7%d8%a1-%d9%85%d9%84%d9%83%d8%a7%d8%aa-%d8%a7%d9%84%d9%86%d8%ad%d9%84-15-%d8%ac%d9%85\/\">https:\/\/aridamlasi.com\/ari-sutu-tozu-15-g\/<\/a><br \/>\nhide<\/p>\n<p><img decoding=\"async\" src=\"https:\/\/aridamlasi.com\/wp-content\/uploads\/2022\/03\/Ginseng-Toz-Ekstrakt.png\" alt=\"Ginseng-Toz-Ekstrakt\" \/><br \/>\nGinseng Tozu<br \/>\n<a href=\"https:\/\/aridamlasi.com\/tr\/ginseng-tozu-15-g\/\">https:\/\/aridamlasi.com\/ginseng-tozu-15-g\/<\/a><br \/>\nhide<\/p>\n","protected":false},"excerpt":{"rendered":"<p>Ekstraktlar line hide Propolis Toz Ekstrakt https:\/\/aridamlasi.com\/propolis-toz-ekstrakt-15-g\/ hide Zerde\u00e7al Toz Ekstrakt https:\/\/aridamlasi.com\/zerdecal-toz-ekstrakt-15-g\/ hide Ar\u0131 S\u00fct\u00fc Tozu https:\/\/aridamlasi.com\/ari-sutu-tozu-15-g\/ hide Ginseng Tozu https:\/\/aridamlasi.com\/ginseng-tozu-15-g\/ hide<\/p>\n","protected":false},"author":1,"featured_media":0,"parent":0,"menu_order":0,"comment_status":"closed","ping_status":"closed","template":"","meta":{"_joinchat":[],"footnotes":""},"class_list":["post-6388","page","type-page","status-publish","hentry"],"_links":{"self":[{"href":"https:\/\/aridamlasi.com\/ar\/wp-json\/wp\/v2\/pages\/6388","targetHints":{"allow":["GET"]}}],"collection":[{"href":"https:\/\/aridamlasi.com\/ar\/wp-json\/wp\/v2\/pages"}],"about":[{"href":"https:\/\/aridamlasi.com\/ar\/wp-json\/wp\/v2\/types\/page"}],"author":[{"embeddable":true,"href":"https:\/\/aridamlasi.com\/ar\/wp-json\/wp\/v2\/users\/1"}],"replies":[{"embeddable":true,"href":"https:\/\/aridamlasi.com\/ar\/wp-json\/wp\/v2\/comments?post=6388"}],"version-history":[{"count":0,"href":"https:\/\/aridamlasi.com\/ar\/wp-json\/wp\/v2\/pages\/6388\/revisions"}],"wp:attachment":[{"href":"https:\/\/aridamlasi.com\/ar\/wp-json\/wp\/v2\/media?parent=6388"}],"curies":[{"name":"wp","href":"https:\/\/api.w.org\/{rel}","templated":true}]}}