{"id":6407,"date":"2023-04-28T17:45:52","date_gmt":"2023-04-28T14:45:52","guid":{"rendered":"https:\/\/aridamlasi.com\/findik-yagi\/"},"modified":"2023-07-24T09:35:54","modified_gmt":"2023-07-24T06:35:54","slug":"%d8%b2%d9%8a%d8%aa-%d8%a7%d9%84%d8%a8%d9%86%d8%af%d9%82-50-%d9%85%d9%84","status":"publish","type":"page","link":"https:\/\/aridamlasi.com\/ar\/%d8%b2%d9%8a%d8%aa-%d8%a7%d9%84%d8%a8%d9%86%d8%af%d9%82-50-%d9%85%d9%84\/","title":{"rendered":"\u0632\u064a\u062a \u0627\u0644\u0628\u0646\u062f\u0642 50 \u0645\u0644"},"content":{"rendered":"<p>F\u0131nd\u0131k Ya\u011f\u0131<br \/>\nline<br \/>\nhide<\/p>\n","protected":false},"excerpt":{"rendered":"<p>F\u0131nd\u0131k Ya\u011f\u0131 line hide<\/p>\n","protected":false},"author":1,"featured_media":0,"parent":0,"menu_order":0,"comment_status":"closed","ping_status":"closed","template":"","meta":{"_joinchat":[],"footnotes":""},"class_list":["post-6407","page","type-page","status-publish","hentry"],"_links":{"self":[{"href":"https:\/\/aridamlasi.com\/ar\/wp-json\/wp\/v2\/pages\/6407","targetHints":{"allow":["GET"]}}],"collection":[{"href":"https:\/\/aridamlasi.com\/ar\/wp-json\/wp\/v2\/pages"}],"about":[{"href":"https:\/\/aridamlasi.com\/ar\/wp-json\/wp\/v2\/types\/page"}],"author":[{"embeddable":true,"href":"https:\/\/aridamlasi.com\/ar\/wp-json\/wp\/v2\/users\/1"}],"replies":[{"embeddable":true,"href":"https:\/\/aridamlasi.com\/ar\/wp-json\/wp\/v2\/comments?post=6407"}],"version-history":[{"count":0,"href":"https:\/\/aridamlasi.com\/ar\/wp-json\/wp\/v2\/pages\/6407\/revisions"}],"wp:attachment":[{"href":"https:\/\/aridamlasi.com\/ar\/wp-json\/wp\/v2\/media?parent=6407"}],"curies":[{"name":"wp","href":"https:\/\/api.w.org\/{rel}","templated":true}]}}