{"id":6417,"date":"2023-04-27T12:40:42","date_gmt":"2023-04-27T09:40:42","guid":{"rendered":"https:\/\/aridamlasi.com\/havuc-tohumu-yagi\/"},"modified":"2023-07-24T10:09:46","modified_gmt":"2023-07-24T07:09:46","slug":"%d8%b2%d9%8a%d8%aa-%d8%a8%d8%b0%d9%88%d8%b1-%d8%a7%d9%84%d8%ac%d8%b2%d8%b1-20-%d9%85%d9%84","status":"publish","type":"page","link":"https:\/\/aridamlasi.com\/ar\/%d8%b2%d9%8a%d8%aa-%d8%a8%d8%b0%d9%88%d8%b1-%d8%a7%d9%84%d8%ac%d8%b2%d8%b1-20-%d9%85%d9%84\/","title":{"rendered":"\u0632\u064a\u062a \u0628\u0630\u0648\u0631 \u0627\u0644\u062c\u0632\u0631 \u0645\u0644"},"content":{"rendered":"<p>Havu\u00e7 Tohumu Ya\u011f\u0131<br \/>\nline<br \/>\nhide<\/p>\n<p><img decoding=\"async\" src=\"https:\/\/aridamlasi.com\/wp-content\/uploads\/2022\/03\/Havuc-Yagi-20.png\" alt=\"Havuc-Yagi-20\" \/><br \/>\nfull<br \/>\ncontain<br \/>\ncenter center<br \/>\nhide<\/p>\n<p>Havu\u00e7 (Daucus carota),maydanozgiller (Apiaceae) familyas\u0131ndan, koni bi\u00e7imindeki etli k\u00f6k\u00fc i\u00e7in sebze olarak yeti\u015ftirilen iki y\u0131ll\u0131k otsu bir k\u00fclt\u00fcr bitkisi. Havu\u00e7 tohumu ya\u011f\u0131, Daucus carota bitkisinin tohumlar\u0131ndan elde edilir.Bitkisel ya\u011f ile maserasyon y\u00f6ntemi ile elde edilmi\u015ftir.<br \/>\nhide<\/p>\n","protected":false},"excerpt":{"rendered":"<p>Havu\u00e7 Tohumu Ya\u011f\u0131 line hide full contain center center hide Havu\u00e7 (Daucus carota),maydanozgiller (Apiaceae) familyas\u0131ndan, koni bi\u00e7imindeki etli k\u00f6k\u00fc i\u00e7in sebze olarak yeti\u015ftirilen iki y\u0131ll\u0131k otsu<span class=\"excerpt-hellip\"> [\u2026]<\/span><\/p>\n","protected":false},"author":1,"featured_media":0,"parent":0,"menu_order":0,"comment_status":"closed","ping_status":"closed","template":"","meta":{"_joinchat":[],"footnotes":""},"class_list":["post-6417","page","type-page","status-publish","hentry"],"_links":{"self":[{"href":"https:\/\/aridamlasi.com\/ar\/wp-json\/wp\/v2\/pages\/6417","targetHints":{"allow":["GET"]}}],"collection":[{"href":"https:\/\/aridamlasi.com\/ar\/wp-json\/wp\/v2\/pages"}],"about":[{"href":"https:\/\/aridamlasi.com\/ar\/wp-json\/wp\/v2\/types\/page"}],"author":[{"embeddable":true,"href":"https:\/\/aridamlasi.com\/ar\/wp-json\/wp\/v2\/users\/1"}],"replies":[{"embeddable":true,"href":"https:\/\/aridamlasi.com\/ar\/wp-json\/wp\/v2\/comments?post=6417"}],"version-history":[{"count":0,"href":"https:\/\/aridamlasi.com\/ar\/wp-json\/wp\/v2\/pages\/6417\/revisions"}],"wp:attachment":[{"href":"https:\/\/aridamlasi.com\/ar\/wp-json\/wp\/v2\/media?parent=6417"}],"curies":[{"name":"wp","href":"https:\/\/api.w.org\/{rel}","templated":true}]}}