{"id":6422,"date":"2023-04-06T17:10:22","date_gmt":"2023-04-06T14:10:22","guid":{"rendered":"https:\/\/aridamlasi.com\/hindistan-cevizi-yagi-20-ml\/"},"modified":"2023-07-24T10:13:26","modified_gmt":"2023-07-24T07:13:26","slug":"%d8%b2%d9%8a%d8%aa-%d8%ac%d9%88%d8%b2-%d8%a7%d9%84%d9%87%d9%86%d8%af-20-%d9%85%d9%84","status":"publish","type":"page","link":"https:\/\/aridamlasi.com\/ar\/%d8%b2%d9%8a%d8%aa-%d8%ac%d9%88%d8%b2-%d8%a7%d9%84%d9%87%d9%86%d8%af-20-%d9%85%d9%84\/","title":{"rendered":"\u0632\u064a\u062a \u062c\u0648\u0632 \u0627\u0644\u0647\u0646\u062f 20 \u0645\u0644"},"content":{"rendered":"<p>Hindistan Cevizi Ya\u011f\u0131<br \/>\nHindistan cevizi ya\u011f\u0131, hindistan cevizi avucundan hasat edilen olgun \u00e7ekirdekten elde edilen bir ya\u011fd\u0131r.<br \/>\nline<br \/>\nARI DAMLASI<br \/>\nhide<\/p>\n<p><img decoding=\"async\" src=\"https:\/\/aridamlasi.com\/wp-content\/uploads\/2022\/03\/Hindistan-Yagi-20.png\" alt=\"Hindistan-Yagi-20\" \/><br \/>\nfull<br \/>\ncontain<br \/>\ncenter center<br \/>\nhide<\/p>\n<p>Hindistan cevizi ya\u011f\u0131, hindistan cevizi avucundan hasat edilen olgun \u00e7ekirdekten elde edilen bir ya\u011fd\u0131r. \u00c7e\u015fitli uygulamalara sahiptir. Y\u00fcksek oranda doymu\u015f ya\u011f i\u00e7ermesinden dolay\u0131 oksitlenmesi yava\u015ft\u0131r ve bu nedenle bozulma olmadan durabilir. 25 \u00b0C\u2019nin \u00fcst\u00fcnde berrak bir s\u0131v\u0131 olarak g\u00f6r\u00fcn\u00fcr. Daha so\u011fuk ortamlarda ise hindistan cevizi ya\u011f\u0131 kat\u0131, opak ve beyaz g\u00f6r\u00fcn\u00fcr.So\u011fuk s\u0131k\u0131m (pres) y\u00f6ntemi ile elde edilmi\u015ftir.<br \/>\nhide<\/p>\n","protected":false},"excerpt":{"rendered":"<p>Hindistan Cevizi Ya\u011f\u0131 Hindistan cevizi ya\u011f\u0131, hindistan cevizi avucundan hasat edilen olgun \u00e7ekirdekten elde edilen bir ya\u011fd\u0131r. line ARI DAMLASI hide full contain center center hide<span class=\"excerpt-hellip\"> [\u2026]<\/span><\/p>\n","protected":false},"author":1,"featured_media":0,"parent":0,"menu_order":0,"comment_status":"closed","ping_status":"closed","template":"","meta":{"_joinchat":[],"footnotes":""},"class_list":["post-6422","page","type-page","status-publish","hentry"],"_links":{"self":[{"href":"https:\/\/aridamlasi.com\/ar\/wp-json\/wp\/v2\/pages\/6422","targetHints":{"allow":["GET"]}}],"collection":[{"href":"https:\/\/aridamlasi.com\/ar\/wp-json\/wp\/v2\/pages"}],"about":[{"href":"https:\/\/aridamlasi.com\/ar\/wp-json\/wp\/v2\/types\/page"}],"author":[{"embeddable":true,"href":"https:\/\/aridamlasi.com\/ar\/wp-json\/wp\/v2\/users\/1"}],"replies":[{"embeddable":true,"href":"https:\/\/aridamlasi.com\/ar\/wp-json\/wp\/v2\/comments?post=6422"}],"version-history":[{"count":0,"href":"https:\/\/aridamlasi.com\/ar\/wp-json\/wp\/v2\/pages\/6422\/revisions"}],"wp:attachment":[{"href":"https:\/\/aridamlasi.com\/ar\/wp-json\/wp\/v2\/media?parent=6422"}],"curies":[{"name":"wp","href":"https:\/\/api.w.org\/{rel}","templated":true}]}}