{"id":6430,"date":"2023-04-06T17:23:53","date_gmt":"2023-04-06T14:23:53","guid":{"rendered":"https:\/\/aridamlasi.com\/jojoba-yagi-20-ml\/"},"modified":"2023-07-24T10:19:28","modified_gmt":"2023-07-24T07:19:28","slug":"%d8%b2%d9%8a%d8%aa-%d8%a7%d9%84%d8%ac%d9%88%d8%ac%d9%88%d8%a8%d8%a7-20-%d9%85%d9%84","status":"publish","type":"page","link":"https:\/\/aridamlasi.com\/ar\/%d8%b2%d9%8a%d8%aa-%d8%a7%d9%84%d8%ac%d9%88%d8%ac%d9%88%d8%a8%d8%a7-20-%d9%85%d9%84\/","title":{"rendered":"\u0632\u064a\u062a \u0627\u0644\u062c\u0648\u062c\u0648\u0628\u0627 20 \u0645\u0644"},"content":{"rendered":"<p>Jojoba Ya\u011f\u0131<br \/>\nG\u00fcney Arizona, G\u00fcney Kaliforniya ve Kuzeybat\u0131 Meksika\u2019ya \u00f6zg\u00fc bir \u00e7al\u0131 olan Simmondsia chinensis ( jojoba ) bitkisinin tohumunda \u00fcretilen s\u0131v\u0131d\u0131r .<br \/>\nline<br \/>\nARI DAMLASI<br \/>\nhide<\/p>\n<p><img decoding=\"async\" src=\"https:\/\/aridamlasi.com\/wp-content\/uploads\/2022\/03\/Jojoba-Yagi-20.png\" alt=\"Jojoba-Yagi-20\" \/><br \/>\nfull<br \/>\ncontain<br \/>\ncenter center<br \/>\nhide<\/p>\n<p>G\u00fcney Arizona, G\u00fcney Kaliforniya ve Kuzeybat\u0131 Meksika\u2019ya\u00a0\u00f6zg\u00fc bir\u00a0\u00e7al\u0131 olan\u00a0Simmondsia chinensis\u00a0(\u00a0jojoba\u00a0)\u00a0bitkisinin\u00a0tohumunda \u00fcretilen s\u0131v\u0131d\u0131r\u00a0.\u00a0Ya\u011f , jojoba\u00a0tohumunun a\u011f\u0131rl\u0131k\u00e7a yakla\u015f\u0131k %50\u2019sini olu\u015fturur.\u00a0\u00a0Jojoba ya\u011f\u0131\u201d ve \u201cjojoba mumu\u201d terimleri genellikle birbirinin yerine kullan\u0131l\u0131r \u00e7\u00fcnk\u00fc mum g\u00f6rsel olarak mobil bir ya\u011f gibi g\u00f6r\u00fcn\u00fcr, ancak mum olarak neredeyse tamamen (~%97) uzun zincirli ya\u011f asitlerinin mono-esterlerinden olu\u015fur. Bu bile\u015fim, ger\u00e7ek bitkisel ya\u011flarla kar\u015f\u0131la\u015ft\u0131r\u0131ld\u0131\u011f\u0131nda, a\u015f\u0131r\u0131 raf \u00f6mr\u00fc stabilitesini ve y\u00fcksek s\u0131cakl\u0131klara kar\u015f\u0131 ola\u011fan\u00fcst\u00fc direncini a\u00e7\u0131klar.Cilt Bak\u0131m Ya\u011f\u0131Yo\u011fun nemlendirici ve besleyici etkisi sayesinde sa\u011fl\u0131kl\u0131 cilt yap\u0131s\u0131n\u0131 destekleyerek yard\u0131mc\u0131 olur.\u00a0Jojoba meyvelerinden so\u011fuk s\u0131k\u0131m (pres) y\u00f6ntemi ile elde edilmi\u015ftir.<br \/>\nhide<\/p>\n","protected":false},"excerpt":{"rendered":"<p>Jojoba Ya\u011f\u0131 G\u00fcney Arizona, G\u00fcney Kaliforniya ve Kuzeybat\u0131 Meksika\u2019ya \u00f6zg\u00fc bir \u00e7al\u0131 olan Simmondsia chinensis ( jojoba ) bitkisinin tohumunda \u00fcretilen s\u0131v\u0131d\u0131r . line ARI DAMLASI<span class=\"excerpt-hellip\"> [\u2026]<\/span><\/p>\n","protected":false},"author":1,"featured_media":0,"parent":0,"menu_order":0,"comment_status":"closed","ping_status":"closed","template":"","meta":{"_joinchat":[],"footnotes":""},"class_list":["post-6430","page","type-page","status-publish","hentry"],"_links":{"self":[{"href":"https:\/\/aridamlasi.com\/ar\/wp-json\/wp\/v2\/pages\/6430","targetHints":{"allow":["GET"]}}],"collection":[{"href":"https:\/\/aridamlasi.com\/ar\/wp-json\/wp\/v2\/pages"}],"about":[{"href":"https:\/\/aridamlasi.com\/ar\/wp-json\/wp\/v2\/types\/page"}],"author":[{"embeddable":true,"href":"https:\/\/aridamlasi.com\/ar\/wp-json\/wp\/v2\/users\/1"}],"replies":[{"embeddable":true,"href":"https:\/\/aridamlasi.com\/ar\/wp-json\/wp\/v2\/comments?post=6430"}],"version-history":[{"count":0,"href":"https:\/\/aridamlasi.com\/ar\/wp-json\/wp\/v2\/pages\/6430\/revisions"}],"wp:attachment":[{"href":"https:\/\/aridamlasi.com\/ar\/wp-json\/wp\/v2\/media?parent=6430"}],"curies":[{"name":"wp","href":"https:\/\/api.w.org\/{rel}","templated":true}]}}