{"id":6432,"date":"2023-04-27T13:25:06","date_gmt":"2023-04-27T10:25:06","guid":{"rendered":"https:\/\/aridamlasi.com\/kabak-cekirdegi-yagi\/"},"modified":"2023-07-24T10:21:13","modified_gmt":"2023-07-24T07:21:13","slug":"kabak-cekirdegi-yagi","status":"publish","type":"page","link":"https:\/\/aridamlasi.com\/ar\/kabak-cekirdegi-yagi\/","title":{"rendered":"\u0632\u064a\u062a \u0628\u0630\u0648\u0631 \u0627\u0644\u064a\u0642\u0637\u064a\u0646 20 \u0645\u0644"},"content":{"rendered":"<p>Kabak \u00c7ekirde\u011fi Ya\u011f\u0131<br \/>\nline<br \/>\nhide<\/p>\n","protected":false},"excerpt":{"rendered":"<p>Kabak \u00c7ekirde\u011fi Ya\u011f\u0131 line hide<\/p>\n","protected":false},"author":1,"featured_media":0,"parent":0,"menu_order":0,"comment_status":"closed","ping_status":"closed","template":"","meta":{"_joinchat":[],"footnotes":""},"class_list":["post-6432","page","type-page","status-publish","hentry"],"_links":{"self":[{"href":"https:\/\/aridamlasi.com\/ar\/wp-json\/wp\/v2\/pages\/6432","targetHints":{"allow":["GET"]}}],"collection":[{"href":"https:\/\/aridamlasi.com\/ar\/wp-json\/wp\/v2\/pages"}],"about":[{"href":"https:\/\/aridamlasi.com\/ar\/wp-json\/wp\/v2\/types\/page"}],"author":[{"embeddable":true,"href":"https:\/\/aridamlasi.com\/ar\/wp-json\/wp\/v2\/users\/1"}],"replies":[{"embeddable":true,"href":"https:\/\/aridamlasi.com\/ar\/wp-json\/wp\/v2\/comments?post=6432"}],"version-history":[{"count":0,"href":"https:\/\/aridamlasi.com\/ar\/wp-json\/wp\/v2\/pages\/6432\/revisions"}],"wp:attachment":[{"href":"https:\/\/aridamlasi.com\/ar\/wp-json\/wp\/v2\/media?parent=6432"}],"curies":[{"name":"wp","href":"https:\/\/api.w.org\/{rel}","templated":true}]}}