{"id":6441,"date":"2023-04-27T14:08:50","date_gmt":"2023-04-27T11:08:50","guid":{"rendered":"https:\/\/aridamlasi.com\/kayisi-cekirdegi-yagi\/"},"modified":"2023-07-24T10:28:46","modified_gmt":"2023-07-24T07:28:46","slug":"%d8%b2%d9%8a%d8%aa-%d9%86%d9%88%d8%a7%d8%a9-%d8%a7%d9%84%d9%85%d8%b4%d9%85%d8%b4-20-%d9%85%d9%84","status":"publish","type":"page","link":"https:\/\/aridamlasi.com\/ar\/%d8%b2%d9%8a%d8%aa-%d9%86%d9%88%d8%a7%d8%a9-%d8%a7%d9%84%d9%85%d8%b4%d9%85%d8%b4-20-%d9%85%d9%84\/","title":{"rendered":"\u0632\u064a\u062a \u0646\u0648\u0627\u0629 \u0627\u0644\u0645\u0634\u0645\u0634 20 \u0645\u0644"},"content":{"rendered":"<p>Kay\u0131s\u0131 \u00c7ekirde\u011fi Ya\u011f\u0131<br \/>\nline<br \/>\nhide<\/p>\n","protected":false},"excerpt":{"rendered":"<p>Kay\u0131s\u0131 \u00c7ekirde\u011fi Ya\u011f\u0131 line hide<\/p>\n","protected":false},"author":1,"featured_media":0,"parent":0,"menu_order":0,"comment_status":"closed","ping_status":"closed","template":"","meta":{"_joinchat":[],"footnotes":""},"class_list":["post-6441","page","type-page","status-publish","hentry"],"_links":{"self":[{"href":"https:\/\/aridamlasi.com\/ar\/wp-json\/wp\/v2\/pages\/6441","targetHints":{"allow":["GET"]}}],"collection":[{"href":"https:\/\/aridamlasi.com\/ar\/wp-json\/wp\/v2\/pages"}],"about":[{"href":"https:\/\/aridamlasi.com\/ar\/wp-json\/wp\/v2\/types\/page"}],"author":[{"embeddable":true,"href":"https:\/\/aridamlasi.com\/ar\/wp-json\/wp\/v2\/users\/1"}],"replies":[{"embeddable":true,"href":"https:\/\/aridamlasi.com\/ar\/wp-json\/wp\/v2\/comments?post=6441"}],"version-history":[{"count":0,"href":"https:\/\/aridamlasi.com\/ar\/wp-json\/wp\/v2\/pages\/6441\/revisions"}],"wp:attachment":[{"href":"https:\/\/aridamlasi.com\/ar\/wp-json\/wp\/v2\/media?parent=6441"}],"curies":[{"name":"wp","href":"https:\/\/api.w.org\/{rel}","templated":true}]}}