{"id":6444,"date":"2023-04-27T14:15:07","date_gmt":"2023-04-27T11:15:07","guid":{"rendered":"https:\/\/aridamlasi.com\/kusburnu-yagi\/"},"modified":"2023-07-24T14:19:20","modified_gmt":"2023-07-24T11:19:20","slug":"%d8%b2%d9%8a%d8%aa-%d8%ab%d9%85%d8%b1-%d8%a7%d9%84%d9%88%d8%b1%d8%af-%d9%85%d9%84","status":"publish","type":"page","link":"https:\/\/aridamlasi.com\/ar\/%d8%b2%d9%8a%d8%aa-%d8%ab%d9%85%d8%b1-%d8%a7%d9%84%d9%88%d8%b1%d8%af-%d9%85%d9%84\/","title":{"rendered":"\u0632\u064a\u062a \u062b\u0645\u0631 \u0627\u0644\u0648\u0631\u062f \u0645\u0644"},"content":{"rendered":"<p>Ku\u015fburnu Ya\u011f\u0131<br \/>\nline<br \/>\nhide<\/p>\n","protected":false},"excerpt":{"rendered":"<p>Ku\u015fburnu Ya\u011f\u0131 line hide<\/p>\n","protected":false},"author":1,"featured_media":0,"parent":0,"menu_order":0,"comment_status":"closed","ping_status":"closed","template":"","meta":{"_joinchat":[],"footnotes":""},"class_list":["post-6444","page","type-page","status-publish","hentry"],"_links":{"self":[{"href":"https:\/\/aridamlasi.com\/ar\/wp-json\/wp\/v2\/pages\/6444","targetHints":{"allow":["GET"]}}],"collection":[{"href":"https:\/\/aridamlasi.com\/ar\/wp-json\/wp\/v2\/pages"}],"about":[{"href":"https:\/\/aridamlasi.com\/ar\/wp-json\/wp\/v2\/types\/page"}],"author":[{"embeddable":true,"href":"https:\/\/aridamlasi.com\/ar\/wp-json\/wp\/v2\/users\/1"}],"replies":[{"embeddable":true,"href":"https:\/\/aridamlasi.com\/ar\/wp-json\/wp\/v2\/comments?post=6444"}],"version-history":[{"count":0,"href":"https:\/\/aridamlasi.com\/ar\/wp-json\/wp\/v2\/pages\/6444\/revisions"}],"wp:attachment":[{"href":"https:\/\/aridamlasi.com\/ar\/wp-json\/wp\/v2\/media?parent=6444"}],"curies":[{"name":"wp","href":"https:\/\/api.w.org\/{rel}","templated":true}]}}