{"id":6451,"date":"2023-04-06T17:19:56","date_gmt":"2023-04-06T14:19:56","guid":{"rendered":"https:\/\/aridamlasi.com\/kudret-nari-yagi-iceren-takviye-edici-gida\/"},"modified":"2023-07-24T14:25:55","modified_gmt":"2023-07-24T11:25:55","slug":"%d9%85%d9%83%d9%85%d9%84-%d8%ba%d8%b0%d8%a7%d8%a6%d9%8a-%d9%8a%d8%ad%d8%aa%d9%88%d9%8a-%d8%b9%d9%84%d9%89-%d8%b2%d9%8a%d8%aa-%d8%a7%d9%84%d8%b1%d9%85%d8%a7%d9%86","status":"publish","type":"page","link":"https:\/\/aridamlasi.com\/ar\/%d9%85%d9%83%d9%85%d9%84-%d8%ba%d8%b0%d8%a7%d8%a6%d9%8a-%d9%8a%d8%ad%d8%aa%d9%88%d9%8a-%d8%b9%d9%84%d9%89-%d8%b2%d9%8a%d8%aa-%d8%a7%d9%84%d8%b1%d9%85%d8%a7%d9%86\/","title":{"rendered":"\u0645\u0643\u0645\u0644 \u063a\u0630\u0627\u0626\u064a \u064a\u062d\u062a\u0648\u064a \u0639\u0644\u0649 \u0632\u064a\u062a \u0627\u0644\u0631\u0645\u0627\u0646"},"content":{"rendered":"<p>Kudret Nar\u0131 Ya\u011f\u0131 \u0130\u00e7eren Takviye Edici G\u0131da<br \/>\nKudret nar\u0131 (Momordica charantia), kabakgiller (Cucurbitaceae) familyas\u0131ndan tropik iklim b\u00f6lgelerinde yeti\u015fen g\u0131da ve ila\u00e7 olarak kullan\u0131lan bitki t\u00fcr\u00fcd\u00fcr.<br \/>\nline<br \/>\nARI DAMLASI<br \/>\nhide<\/p>\n<p><img decoding=\"async\" src=\"https:\/\/aridamlasi.com\/wp-content\/uploads\/2022\/12\/Kudret-Nari-Softjel.png\" alt=\"Kudret Nar\u0131 Softjel\" \/><br \/>\nfull<br \/>\ncontain<br \/>\ncenter center<br \/>\nhide<\/p>\n<p>Kudret nar\u0131\u00a0(Momordica charantia), kabakgiller (Cucurbitaceae) familyas\u0131ndan tropik iklim b\u00f6lgelerinde yeti\u015fen g\u0131da ve ila\u00e7 olarak kullan\u0131lan bitki t\u00fcr\u00fcd\u00fcr. B\u00fct\u00fcn k\u0131s\u0131mlar\u0131 ve \u00f6z suyu \u00e7ok ac\u0131 olan meyve hamken ye\u015fil, olgunla\u015f\u0131nca turuncu-k\u0131rm\u0131z\u0131 renkte, 10\u201320 cm uzunlu\u011funda, geni\u015f bir mekik sekline gelir. Girintili \u00e7\u0131k\u0131nt\u0131l\u0131 ve p\u00fcrt\u00fckl\u00fc bir y\u00fczeye sahiptir. Olgunla\u015f\u0131nca, kabu\u011fu geriye b\u00fck\u00fcld\u00fc\u011f\u00fcnde \u00e7ok say\u0131da, k\u0131rm\u0131z\u0131, kahverengi veya beyaz renkli \u00e7ekirdekleri ortaya \u00e7\u0131kar. Tohumlar\u0131 (\u00e7ekirdekleri) 7-10mm boyunda, yass\u0131 ve p\u00fct\u00fcrl\u00fcd\u00fcr.Sar\u0131 kantaron\u00a0(Hypericum perforatum), K\u0131l\u0131\u00e7 otu, Mayas\u0131l otu ve Koyunk\u0131ran olarak da bilinir, sar\u0131 kantarongiller (Hypericaceae) familyas\u0131na dahil bir bitki t\u00fcr\u00fc. Esas olarak d\u00fcnyan\u0131n bir\u00e7ok yerinde bulunan bir bitkidir. Avrupa\u2019da tarla, yol ve orman kenarlar\u0131nda kendili\u011finden yeti\u015fen bitki Kuzey Amerika\u2019ya da uyum sa\u011flam\u0131\u015f ve do\u011fal olarak k\u0131rlarda yeti\u015fmeye ba\u015flam\u0131\u015ft\u0131r. \u00c7i\u00e7eklenme d\u00f6neminde bitkinin \u00e7i\u00e7ek ve tomurcuklar\u0131 veya t\u00fcm toprak \u00fcst\u00fc k\u0131s\u0131mlar\u0131 toplanarak hemen kurutulduktan sonra kullan\u0131l\u0131r. Avrupa\u2019da uzun s\u00fcredir ruhsal bozukluklar\u0131n tedavisinde kullan\u0131lan Amerika\u2019da da olduk\u00e7a pop\u00fcler bir bitki t\u00fcr\u00fcd\u00fcr. Hiperisin ve ps\u00f6dohiperisin gibi bile\u015fikler bitkinin %0.05-0.3 \u00fcn\u00fc olu\u015fturan karakteristik bile\u015fenleridir.Ayn\u0131safa,\u00a0Calendula officinalis\u00a0,\u00a0saks\u0131 kadife \u00e7i\u00e7e\u011fi\u00a0,\u00a0yayg\u0131n kadife \u00e7i\u00e7e\u011fi\u00a0,\u00a0ruddles\u00a0veya\u00a0\u0130sko\u00e7 kadife \u00e7i\u00e7e\u011fi\u00a0, Asteraceae\u00a0papatya\u00a0ailesindeki\u00a0\u00e7i\u00e7ekli bir\u00a0bitkidir. Ayn\u0131safa\u2019n\u0131n yapraklar\u0131\u00a0ve poleni,\u00a0triterpenoid\u00a0esterler\u00a0ve\u00a0karotenoidler\u00a0flavoxanthin\u00a0ve\u00a0auroxanthin\u00a0(antioksidanlar ve sar\u0131-turuncu renklenmenin kayna\u011f\u0131) i\u00e7erir.\u00a0Yapraklar ve g\u00f6vdeler, \u00e7o\u011funlukla\u00a0lutein\u00a0(%80),\u00a0zeaksantin\u00a0(%5) ve\u00a0beta-karoten\u00a0olmak \u00fczere di\u011fer karotenoidleri i\u00e7erir.\u00a0Saponinler\u00a0,\u00a0re\u00e7ineler\u00a0ve\u00a0u\u00e7ucu ya\u011flar\u00a0gibi bile\u015fiklerin varl\u0131\u011f\u0131ndan dolay\u0131 kozmetik taraf\u0131ndan da yayg\u0131n olarak kullan\u0131lmaktad\u0131r.\u00c7\u00f6rekotu\u00a0(Nigella), d\u00fc\u011f\u00fcn \u00e7i\u00e7e\u011figiller (Ranunculaceae) familyas\u0131ndan \u00e7ok y\u0131ll\u0131k otsu bir bitkidir, tohumlar\u0131ndan \u00e7o\u011fal\u0131r. Kumlu gev\u015fek topraklar\u0131 sever, \u00e7i\u00e7eklenme d\u00f6nemine kadar su ister daha sonra sulanmaz. Tohumlar\u0131 ha\u015fha\u015f bitkisinde oldu\u011fu gibi kozalak (Kaps\u00fcl) i\u00e7erisinde olgunla\u015f\u0131r. Tohumlar\u0131 2\u20133 mm boyunda 3 y\u00fczeyli mat olmayan siyah renklidir. \u00c7ok ya\u011fl\u0131 bir tohum de\u011fildir.Kudret Nar\u0131 Ya\u011f\u0131, Ayn\u0131safa Ya\u011f\u0131, Sar\u0131 Kantaron Ya\u011f\u0131 maserasyon ve \u00c7\u00f6rekotu Ya\u011f\u0131 so\u011fuk s\u0131k\u0131m y\u00f6ntemi ile elde edilmi\u015ftir.Helel Sertifikal\u0131 S\u0131\u011f\u0131r jelatini kullan\u0131lm\u0131\u015ft\u0131r.Renklendirici ve koruyucu i\u00e7ermez.<br \/>\nhide<\/p>\n","protected":false},"excerpt":{"rendered":"<p>Kudret Nar\u0131 Ya\u011f\u0131 \u0130\u00e7eren Takviye Edici G\u0131da Kudret nar\u0131 (Momordica charantia), kabakgiller (Cucurbitaceae) familyas\u0131ndan tropik iklim b\u00f6lgelerinde yeti\u015fen g\u0131da ve ila\u00e7 olarak kullan\u0131lan bitki t\u00fcr\u00fcd\u00fcr. line<span class=\"excerpt-hellip\"> [\u2026]<\/span><\/p>\n","protected":false},"author":1,"featured_media":0,"parent":0,"menu_order":0,"comment_status":"closed","ping_status":"closed","template":"","meta":{"_joinchat":[],"footnotes":""},"class_list":["post-6451","page","type-page","status-publish","hentry"],"_links":{"self":[{"href":"https:\/\/aridamlasi.com\/ar\/wp-json\/wp\/v2\/pages\/6451","targetHints":{"allow":["GET"]}}],"collection":[{"href":"https:\/\/aridamlasi.com\/ar\/wp-json\/wp\/v2\/pages"}],"about":[{"href":"https:\/\/aridamlasi.com\/ar\/wp-json\/wp\/v2\/types\/page"}],"author":[{"embeddable":true,"href":"https:\/\/aridamlasi.com\/ar\/wp-json\/wp\/v2\/users\/1"}],"replies":[{"embeddable":true,"href":"https:\/\/aridamlasi.com\/ar\/wp-json\/wp\/v2\/comments?post=6451"}],"version-history":[{"count":0,"href":"https:\/\/aridamlasi.com\/ar\/wp-json\/wp\/v2\/pages\/6451\/revisions"}],"wp:attachment":[{"href":"https:\/\/aridamlasi.com\/ar\/wp-json\/wp\/v2\/media?parent=6451"}],"curies":[{"name":"wp","href":"https:\/\/api.w.org\/{rel}","templated":true}]}}