{"id":6479,"date":"2023-04-06T17:08:52","date_gmt":"2023-04-06T14:08:52","guid":{"rendered":"https:\/\/aridamlasi.com\/susam-yagi-250-ml-2\/"},"modified":"2023-07-25T11:38:36","modified_gmt":"2023-07-25T08:38:36","slug":"%d8%b2%d9%8a%d8%aa-%d8%a7%d9%84%d8%b3%d9%85%d8%b3%d9%85-250-%d9%85%d9%84","status":"publish","type":"page","link":"https:\/\/aridamlasi.com\/ar\/%d8%b2%d9%8a%d8%aa-%d8%a7%d9%84%d8%b3%d9%85%d8%b3%d9%85-250-%d9%85%d9%84\/","title":{"rendered":"\u0632\u064a\u062a \u0627\u0644\u0633\u0645\u0633\u0645 250 \u0645\u0644"},"content":{"rendered":"<p>Susam Ya\u011f\u0131<br \/>\nSusam Ya\u011f\u0131, susam tanelerinden \u00fcretilen bir bitkisel ya\u011fd\u0131r.<br \/>\nline<br \/>\nARI DAMLASI<br \/>\nhide<\/p>\n<p><img decoding=\"async\" src=\"https:\/\/aridamlasi.com\/wp-content\/uploads\/2022\/03\/Susam-Yagi-250.png\" alt=\"Susam-Yagi-250\" \/><br \/>\nfull<br \/>\ncontain<br \/>\ncenter center<br \/>\nhide<\/p>\n<p>Susam Ya\u011f\u0131,\u00a0susam\u00a0tanelerinden \u00fcretilen bir\u00a0bitkisel ya\u011fd\u0131r.\u00a0G\u00fcney Hindistan\u2019da bir k\u0131zartma ya\u011f\u0131 olarak kullan\u0131l\u0131yor olmas\u0131 yan\u0131 s\u0131ra s\u0131k s\u0131k\u00a0Kore,\u00a0\u00c7in,\u00a0Japonya,\u00a0Orta Do\u011fu\u00a0ve\u00a0G\u00fcneydo\u011fu Asya\u00a0mutfaklar\u0131nda \u00e7o\u011fu zaman bir lezzet artt\u0131r\u0131c\u0131 olarak kullan\u0131l\u0131r. Susam ya\u011f\u0131n\u0131n farkl\u0131 bir ceviz aromas\u0131 ve tad\u0131 bulunmaktad\u0131r.So\u011fuk s\u0131k\u0131m (pres) y\u00f6ntemi ile elde edilmi\u015ftir.<br \/>\nhide<\/p>\n","protected":false},"excerpt":{"rendered":"<p>Susam Ya\u011f\u0131 Susam Ya\u011f\u0131, susam tanelerinden \u00fcretilen bir bitkisel ya\u011fd\u0131r. line ARI DAMLASI hide full contain center center hide Susam Ya\u011f\u0131,\u00a0susam\u00a0tanelerinden \u00fcretilen bir\u00a0bitkisel ya\u011fd\u0131r.\u00a0G\u00fcney Hindistan\u2019da bir<span class=\"excerpt-hellip\"> [\u2026]<\/span><\/p>\n","protected":false},"author":1,"featured_media":0,"parent":0,"menu_order":0,"comment_status":"closed","ping_status":"closed","template":"","meta":{"_joinchat":[],"footnotes":""},"class_list":["post-6479","page","type-page","status-publish","hentry"],"_links":{"self":[{"href":"https:\/\/aridamlasi.com\/ar\/wp-json\/wp\/v2\/pages\/6479","targetHints":{"allow":["GET"]}}],"collection":[{"href":"https:\/\/aridamlasi.com\/ar\/wp-json\/wp\/v2\/pages"}],"about":[{"href":"https:\/\/aridamlasi.com\/ar\/wp-json\/wp\/v2\/types\/page"}],"author":[{"embeddable":true,"href":"https:\/\/aridamlasi.com\/ar\/wp-json\/wp\/v2\/users\/1"}],"replies":[{"embeddable":true,"href":"https:\/\/aridamlasi.com\/ar\/wp-json\/wp\/v2\/comments?post=6479"}],"version-history":[{"count":0,"href":"https:\/\/aridamlasi.com\/ar\/wp-json\/wp\/v2\/pages\/6479\/revisions"}],"wp:attachment":[{"href":"https:\/\/aridamlasi.com\/ar\/wp-json\/wp\/v2\/media?parent=6479"}],"curies":[{"name":"wp","href":"https:\/\/api.w.org\/{rel}","templated":true}]}}