{"id":6487,"date":"2023-04-27T12:38:59","date_gmt":"2023-04-27T09:38:59","guid":{"rendered":"https:\/\/aridamlasi.com\/tarcin-yagi\/"},"modified":"2023-07-25T12:26:02","modified_gmt":"2023-07-25T09:26:02","slug":"%d8%b2%d9%8a%d8%aa-%d8%a7%d9%84%d9%82%d8%b1%d9%81%d8%a9","status":"publish","type":"page","link":"https:\/\/aridamlasi.com\/ar\/%d8%b2%d9%8a%d8%aa-%d8%a7%d9%84%d9%82%d8%b1%d9%81%d8%a9\/","title":{"rendered":"\u0632\u064a\u062a \u0627\u0644\u0642\u0631\u0641\u0629"},"content":{"rendered":"<p>Tar\u00e7\u0131n Ya\u011f\u0131<br \/>\nline<br \/>\nhide<\/p>\n<p><img decoding=\"async\" src=\"https:\/\/aridamlasi.com\/wp-content\/uploads\/2022\/03\/Tarcin-Yagi-20.png\" alt=\"Tarcin-Yagi-20\" \/><br \/>\nfull<br \/>\ncontain<br \/>\ncenter center<br \/>\nhide<\/p>\n<p>&lt;b&gt;Tar\u00e7\u0131n&lt;\/b&gt; , defnegiller familyas\u0131ndan anavatan\u0131 G\u00fcney ve G\u00fcneydo\u011fu Asya olan, yaprak d\u00f6kmeyen aromatik kokulu a\u011fa\u00e7 cinsi. Kokusu kuvvetli, kesin ve uzun s\u00fcreli, tad\u0131 tatl\u0131ms\u0131 ve yak\u0131c\u0131d\u0131r. Tanen ve u\u00e7ucu ya\u011f ta\u015f\u0131r. Baharat olarak kullan\u0131l\u0131r. Tatl\u0131lara, \u00f6zellikle de s\u00fctl\u00fc tatl\u0131lara \u00e7e\u015fni olarak kat\u0131l\u0131r. Kahve, \u00e7ikolata ve meyve soslar\u0131nda, i\u00e7eceklerde de yayg\u0131n olarak kullan\u0131l\u0131r. Distilasyon y\u00f6ntemi ile elde edilmi\u015ftir. &amp;nbsp;<br \/>\nhide<\/p>\n","protected":false},"excerpt":{"rendered":"<p>Tar\u00e7\u0131n Ya\u011f\u0131 line hide full contain center center hide &lt;b&gt;Tar\u00e7\u0131n&lt;\/b&gt; , defnegiller familyas\u0131ndan anavatan\u0131 G\u00fcney ve G\u00fcneydo\u011fu Asya olan, yaprak d\u00f6kmeyen aromatik kokulu a\u011fa\u00e7 cinsi. Kokusu<span class=\"excerpt-hellip\"> [\u2026]<\/span><\/p>\n","protected":false},"author":1,"featured_media":0,"parent":0,"menu_order":0,"comment_status":"closed","ping_status":"closed","template":"","meta":{"_joinchat":[],"footnotes":""},"class_list":["post-6487","page","type-page","status-publish","hentry"],"_links":{"self":[{"href":"https:\/\/aridamlasi.com\/ar\/wp-json\/wp\/v2\/pages\/6487","targetHints":{"allow":["GET"]}}],"collection":[{"href":"https:\/\/aridamlasi.com\/ar\/wp-json\/wp\/v2\/pages"}],"about":[{"href":"https:\/\/aridamlasi.com\/ar\/wp-json\/wp\/v2\/types\/page"}],"author":[{"embeddable":true,"href":"https:\/\/aridamlasi.com\/ar\/wp-json\/wp\/v2\/users\/1"}],"replies":[{"embeddable":true,"href":"https:\/\/aridamlasi.com\/ar\/wp-json\/wp\/v2\/comments?post=6487"}],"version-history":[{"count":0,"href":"https:\/\/aridamlasi.com\/ar\/wp-json\/wp\/v2\/pages\/6487\/revisions"}],"wp:attachment":[{"href":"https:\/\/aridamlasi.com\/ar\/wp-json\/wp\/v2\/media?parent=6487"}],"curies":[{"name":"wp","href":"https:\/\/api.w.org\/{rel}","templated":true}]}}