{"id":5014,"date":"2022-03-15T05:33:44","date_gmt":"2022-03-15T05:33:44","guid":{"rendered":"https:\/\/www.aridamlasi.com\/hakkimizda\/"},"modified":"2023-09-18T16:24:52","modified_gmt":"2023-09-18T13:24:52","slug":"about-us","status":"publish","type":"page","link":"https:\/\/aridamlasi.com\/en\/about-us\/","title":{"rendered":"About Us"},"content":{"rendered":"\t\t<div data-elementor-type=\"wp-page\" data-elementor-id=\"5014\" class=\"elementor elementor-5014 elementor-3840\">\n\t\t\t\t\t\t<section class=\"elementor-section elementor-top-section elementor-element elementor-element-35e7fa19 elementor-section-stretched elementor-section-boxed elementor-section-height-default elementor-section-height-default\" data-id=\"35e7fa19\" data-element_type=\"section\" data-settings=\"{&quot;stretch_section&quot;:&quot;section-stretched&quot;}\">\n\t\t\t\t\t\t<div class=\"elementor-container elementor-column-gap-default\">\n\t\t\t\t\t<div class=\"elementor-column elementor-col-50 elementor-top-column elementor-element elementor-element-3ec2ad21\" data-id=\"3ec2ad21\" data-element_type=\"column\">\n\t\t\t<div class=\"elementor-widget-wrap elementor-element-populated\">\n\t\t\t\t\t\t<div class=\"elementor-element elementor-element-128d2363 elementor-widget elementor-widget-text-editor\" data-id=\"128d2363\" data-element_type=\"widget\" data-widget_type=\"text-editor.default\">\n\t\t\t\t<div class=\"elementor-widget-container\">\n\t\t\t\t\t\t\t\t\t<p>The adventure that started with the story of Traveler Beekeeping in 1978 turns into a passion for announcing unique bee products to wider masses. Our founder has been beekeeping in every part of Turkey from 1978 to 1997, and with her dedication to this business, she took charge in various companies for the production of bee products. She established the Ar\u0131 Damlas\u0131 brand in 2014 in order to establish her own business and to deliver natural bee products to the consumer. The story, which started with honey and other bee products, was expanded with molasses, vegetable oils, herbal mixture pastes and food supplements.<\/p>\n<p><strong>Only Natural<\/strong><\/p>\n<p>We love undisturbed purity. Our source is nature, which is far from technology, far from the destructive effects of industry, in the vast heights of our Anatolia, which contains the most suitable plant and flower harmony for quality products. Bu y\u00fczden Ar\u0131 Damlas\u0131 markal\u0131 \u00fcr\u00fcnleri el de\u011fmemi\u015f do\u011fan\u0131n benzersiz rayihas\u0131n\u0131 hemen fark eder, tad\u0131na doyamazs\u0131n\u0131z.<\/p>\n<p><strong>We Are Just Intermediaries Between You and Nature<\/strong><\/p>\n<p>Our sole aim is to present the miraculous value of nature to you without spoiling the first taste of humanity. Tabiat\u0131n o kendine has b\u00fcy\u00fcs\u00fc i\u00e7inde \u00f6z\u00fcn\u00fc toplad\u0131klar\u0131 \u00fcr\u00fcnlere hi\u00e7 m\u00fcdahale etmeden, do\u011fadan gelen o e\u015fsiz lezzeti sizlere sunabilmektir bizim mutlulu\u011fumuz. It is our happiness to deliver you the best quality products compiled in the untouched nature of our regions, which have the richest and most untouched flora in the world. \u00c7\u00fcnk\u00fc biz biliyoruz ki b\u00fct\u00fcn \u015fifalar\u0131n hazinesi bitkilerdedir. That&#8217;s why we produce only natural products for a healthier generation. With this production sensitivity and social responsibility awareness, Ar\u0131 Damlas\u0131 is expanding its investments and market network to become the most reliable natural products producer and brand not only in Turkey but also in the world.<\/p>\n<p><strong>A Drop of Nature&#8230;<\/strong><\/p>\n<p>Those who care about quality of life also know the importance of nutrition. The right eating habits, which are often overlooked and neglected in the fast pace of big city life, ultimately cause us to be unhealthy, more unproductive, and invite many unwanted diseases. That&#8217;s why Ar\u0131 Drops has adopted offering natural, delicious and healthy products as its main principle since the day it was founded in order to contribute to a correct and healthy diet and to support a productive and happy life.<\/p>\n<p><strong>Your Satisfaction Only<\/strong><\/p>\n<p>Ar\u0131 Damlas\u0131 is a special product brand in Turkey and the World market. It has a quality understanding that is aware of the fact that the main expectation of the consumer is natural and high quality products, and adopts the principle of producing only high quality products from product supply to the last stage of production for this purpose. Ar\u0131 Damlas\u0131 manufactures all its products on the basis of customer satisfaction and continuity, without compromising its high quality. Bug\u00fcn T\u00fcrkiye ve D\u00fcnya\u2019da Ar\u0131 Damlas\u0131 \u00fcr\u00fcnleri ile tan\u0131\u015farak y\u00fcksek kaliteli \u00fcr\u00fcnlerinin keyfini alan her m\u00fc\u015fteri Ar\u0131 Damlas\u0131 ailesinin do\u011fal bir ferdi olman\u0131n mutlulu\u011funu ya\u015f\u0131yor. Because Bee Drops produces only natural products for its special customers.<\/p>\n<p><strong>Sadece Y\u00fcksek Standartlar<\/strong><\/p>\n<p>Production for Bee Drops is the process of delivering the true miracle of nature to you, without interfering with the nature of its high-quality products, which it has carefully compiled in a 100 percent hygiene and sterile environment. Ar\u0131 Damlas\u0131 always delivers high quality products to you with high production standards with its professional staff in the production stages supported by the latest technological production structure and laboratory studies. Bu y\u00fczden Ar\u0131 Damlas\u0131 markal\u0131 her \u00fcr\u00fcnde ayn\u0131 kaliteyi ve g\u00fcveni bulursunuz. What makes Bee Drops products a passion is the high standard and precision applied in production as well as in product supply.<\/p>\n\t\t\t\t\t\t\t\t<\/div>\n\t\t\t\t<\/div>\n\t\t\t\t\t<\/div>\n\t\t<\/div>\n\t\t\t\t<div class=\"elementor-column elementor-col-50 elementor-top-column elementor-element elementor-element-b02f94b\" data-id=\"b02f94b\" data-element_type=\"column\">\n\t\t\t<div class=\"elementor-widget-wrap elementor-element-populated\">\n\t\t\t\t\t\t<div class=\"elementor-element elementor-element-33e74f7 elementor-widget elementor-widget-heading\" data-id=\"33e74f7\" data-element_type=\"widget\" data-widget_type=\"heading.default\">\n\t\t\t\t<div class=\"elementor-widget-container\">\n\t\t\t\t\t<h2 class=\"elementor-heading-title elementor-size-default\">Sertifikalar<\/h2>\t\t\t\t<\/div>\n\t\t\t\t<\/div>\n\t\t\t\t<div class=\"elementor-element elementor-element-558be00 elementor-widget elementor-widget-image-gallery\" data-id=\"558be00\" data-element_type=\"widget\" data-widget_type=\"image-gallery.default\">\n\t\t\t\t<div class=\"elementor-widget-container\">\n\t\t\t\t\t\t\t<div class=\"elementor-image-gallery\">\n\t\t\t\n\t\t\t<style type='text\/css'>\n\t\t\t\t#sc_gallery-1 {\n\t\t\t\t\tmargin: auto;\n\t\t\t\t}\n\t\t\t\t#sc_gallery-1 .gallery-item {\n\t\t\t\t\tfloat: left;\n\t\t\t\t\ttext-align: center;\n\t\t\t\t\twidth: 49.99%;\n\t\t\t\t}\n\t\t\t\t#sc_gallery-1 img {\n\t\t\t\t\tborder: 2px solid #cfcfcf;\n\t\t\t\t}\n\t\t\t\t\/* see sc_gallery() in functions\/theme-shortcodes.php *\/\n\t\t\t<\/style>\n\t\t<div id='sc_gallery-1' class='gallery galleryid-5014 gallery-columns-2 gallery-size-medium file element_classes gallery-default'><dl class='gallery-item'  data-title='gastro-marka-tescil.jpg' data-description=''><div class='gallery-item-wrapper'>\n\t\t\t\t<dt class='gallery-icon portrait'>\n\t\t\t\t\t<a data-elementor-open-lightbox=\"yes\" data-elementor-lightbox-slideshow=\"558be00\" data-elementor-lightbox-title=\"gastro-marka-tescil.jpg\" data-e-action-hash=\"#elementor-action%3Aaction%3Dlightbox%26settings%3DeyJpZCI6NTk0NCwidXJsIjoiaHR0cHM6XC9cL2FyaWRhbWxhc2kuY29tXC93cC1jb250ZW50XC91cGxvYWRzXC8yMDIyXC8wM1wvZ2FzdHJvLW1hcmthLXRlc2NpbC5qcGciLCJzbGlkZXNob3ciOiI1NThiZTAwIn0%3D\" href='https:\/\/aridamlasi.com\/wp-content\/uploads\/2022\/03\/gastro-marka-tescil.jpg'><img fetchpriority=\"high\" decoding=\"async\" width=\"218\" height=\"300\" src=\"https:\/\/aridamlasi.com\/wp-content\/uploads\/2022\/03\/gastro-marka-tescil-218x300.jpg\" class=\"attachment-medium size-medium\" alt=\"\" srcset=\"https:\/\/aridamlasi.com\/wp-content\/uploads\/2022\/03\/gastro-marka-tescil-218x300.jpg 218w, https:\/\/aridamlasi.com\/wp-content\/uploads\/2022\/03\/gastro-marka-tescil-745x1024.jpg 745w, https:\/\/aridamlasi.com\/wp-content\/uploads\/2022\/03\/gastro-marka-tescil-768x1056.jpg 768w, https:\/\/aridamlasi.com\/wp-content\/uploads\/2022\/03\/gastro-marka-tescil-1117x1536.jpg 1117w, https:\/\/aridamlasi.com\/wp-content\/uploads\/2022\/03\/gastro-marka-tescil-1489x2048.jpg 1489w, https:\/\/aridamlasi.com\/wp-content\/uploads\/2022\/03\/gastro-marka-tescil.jpg 1700w\" sizes=\"(max-width:767px) 218px, 218px\" \/><\/a>\n\t\t\t\t<\/dt><\/div><\/dl><dl class='gallery-item'  data-title='ISO-9001-2015-Sertifikasi-1.jpg' data-description=''><div class='gallery-item-wrapper'>\n\t\t\t\t<dt class='gallery-icon portrait'>\n\t\t\t\t\t<a data-elementor-open-lightbox=\"yes\" data-elementor-lightbox-slideshow=\"558be00\" data-elementor-lightbox-title=\"ISO-9001-2015-Sertifikasi-1.jpg\" data-e-action-hash=\"#elementor-action%3Aaction%3Dlightbox%26settings%3DeyJpZCI6NTk0OCwidXJsIjoiaHR0cHM6XC9cL2FyaWRhbWxhc2kuY29tXC93cC1jb250ZW50XC91cGxvYWRzXC8yMDIyXC8wM1wvSVNPLTkwMDEtMjAxNS1TZXJ0aWZpa2FzaS0xLmpwZyIsInNsaWRlc2hvdyI6IjU1OGJlMDAifQ%3D%3D\" href='https:\/\/aridamlasi.com\/wp-content\/uploads\/2022\/03\/ISO-9001-2015-Sertifikasi-1.jpg'><img decoding=\"async\" width=\"212\" height=\"300\" src=\"https:\/\/aridamlasi.com\/wp-content\/uploads\/2022\/03\/ISO-9001-2015-Sertifikasi-1-212x300.jpg\" class=\"attachment-medium size-medium\" alt=\"\" srcset=\"https:\/\/aridamlasi.com\/wp-content\/uploads\/2022\/03\/ISO-9001-2015-Sertifikasi-1-212x300.jpg 212w, https:\/\/aridamlasi.com\/wp-content\/uploads\/2022\/03\/ISO-9001-2015-Sertifikasi-1-724x1024.jpg 724w, https:\/\/aridamlasi.com\/wp-content\/uploads\/2022\/03\/ISO-9001-2015-Sertifikasi-1-768x1086.jpg 768w, https:\/\/aridamlasi.com\/wp-content\/uploads\/2022\/03\/ISO-9001-2015-Sertifikasi-1-1086x1536.jpg 1086w, https:\/\/aridamlasi.com\/wp-content\/uploads\/2022\/03\/ISO-9001-2015-Sertifikasi-1-1449x2048.jpg 1449w, https:\/\/aridamlasi.com\/wp-content\/uploads\/2022\/03\/ISO-9001-2015-Sertifikasi-1.jpg 1653w\" sizes=\"(max-width:767px) 212px, 212px\" \/><\/a>\n\t\t\t\t<\/dt><\/div><\/dl><br style=\"clear: both\" \/><dl class='gallery-item'  data-title='helal-sertifikasi.jpg' data-description=''><div class='gallery-item-wrapper'>\n\t\t\t\t<dt class='gallery-icon portrait'>\n\t\t\t\t\t<a data-elementor-open-lightbox=\"yes\" data-elementor-lightbox-slideshow=\"558be00\" data-elementor-lightbox-title=\"helal-sertifikasi.jpg\" data-e-action-hash=\"#elementor-action%3Aaction%3Dlightbox%26settings%3DeyJpZCI6NTk0NiwidXJsIjoiaHR0cHM6XC9cL2FyaWRhbWxhc2kuY29tXC93cC1jb250ZW50XC91cGxvYWRzXC8yMDIyXC8wM1wvaGVsYWwtc2VydGlmaWthc2kuanBnIiwic2xpZGVzaG93IjoiNTU4YmUwMCJ9\" href='https:\/\/aridamlasi.com\/wp-content\/uploads\/2022\/03\/helal-sertifikasi.jpg'><img decoding=\"async\" width=\"218\" height=\"300\" src=\"https:\/\/aridamlasi.com\/wp-content\/uploads\/2022\/03\/helal-sertifikasi-218x300.jpg\" class=\"attachment-medium size-medium\" alt=\"\" srcset=\"https:\/\/aridamlasi.com\/wp-content\/uploads\/2022\/03\/helal-sertifikasi-218x300.jpg 218w, https:\/\/aridamlasi.com\/wp-content\/uploads\/2022\/03\/helal-sertifikasi-745x1024.jpg 745w, https:\/\/aridamlasi.com\/wp-content\/uploads\/2022\/03\/helal-sertifikasi-768x1056.jpg 768w, https:\/\/aridamlasi.com\/wp-content\/uploads\/2022\/03\/helal-sertifikasi-1117x1536.jpg 1117w, https:\/\/aridamlasi.com\/wp-content\/uploads\/2022\/03\/helal-sertifikasi-1489x2048.jpg 1489w, https:\/\/aridamlasi.com\/wp-content\/uploads\/2022\/03\/helal-sertifikasi.jpg 1700w\" sizes=\"(max-width:767px) 218px, 218px\" \/><\/a>\n\t\t\t\t<\/dt><\/div><\/dl><dl class='gallery-item'  data-title='tarim-isletme-kayit.jpg' data-description=''><div class='gallery-item-wrapper'>\n\t\t\t\t<dt class='gallery-icon portrait'>\n\t\t\t\t\t<a data-elementor-open-lightbox=\"yes\" data-elementor-lightbox-slideshow=\"558be00\" data-elementor-lightbox-title=\"tarim-isletme-kayit.jpg\" data-e-action-hash=\"#elementor-action%3Aaction%3Dlightbox%26settings%3DeyJpZCI6NTk1MiwidXJsIjoiaHR0cHM6XC9cL2FyaWRhbWxhc2kuY29tXC93cC1jb250ZW50XC91cGxvYWRzXC8yMDIyXC8wM1wvdGFyaW0taXNsZXRtZS1rYXlpdC5qcGciLCJzbGlkZXNob3ciOiI1NThiZTAwIn0%3D\" href='https:\/\/aridamlasi.com\/wp-content\/uploads\/2022\/03\/tarim-isletme-kayit.jpg'><img loading=\"lazy\" decoding=\"async\" width=\"218\" height=\"300\" src=\"https:\/\/aridamlasi.com\/wp-content\/uploads\/2022\/03\/tarim-isletme-kayit-218x300.jpg\" class=\"attachment-medium size-medium\" alt=\"\" srcset=\"https:\/\/aridamlasi.com\/wp-content\/uploads\/2022\/03\/tarim-isletme-kayit-218x300.jpg 218w, https:\/\/aridamlasi.com\/wp-content\/uploads\/2022\/03\/tarim-isletme-kayit-745x1024.jpg 745w, https:\/\/aridamlasi.com\/wp-content\/uploads\/2022\/03\/tarim-isletme-kayit-768x1056.jpg 768w, https:\/\/aridamlasi.com\/wp-content\/uploads\/2022\/03\/tarim-isletme-kayit-1117x1536.jpg 1117w, https:\/\/aridamlasi.com\/wp-content\/uploads\/2022\/03\/tarim-isletme-kayit-1489x2048.jpg 1489w, https:\/\/aridamlasi.com\/wp-content\/uploads\/2022\/03\/tarim-isletme-kayit.jpg 1700w\" sizes=\"(max-width:767px) 218px, 218px\" \/><\/a>\n\t\t\t\t<\/dt><\/div><\/dl><br style=\"clear: both\" \/><dl class='gallery-item'  data-title='ISO-22000-2005-Sertifikasi-1.jpg' data-description=''><div class='gallery-item-wrapper'>\n\t\t\t\t<dt class='gallery-icon portrait'>\n\t\t\t\t\t<a data-elementor-open-lightbox=\"yes\" data-elementor-lightbox-slideshow=\"558be00\" data-elementor-lightbox-title=\"ISO-22000-2005-Sertifikasi-1.jpg\" data-e-action-hash=\"#elementor-action%3Aaction%3Dlightbox%26settings%3DeyJpZCI6NTk1MCwidXJsIjoiaHR0cHM6XC9cL2FyaWRhbWxhc2kuY29tXC93cC1jb250ZW50XC91cGxvYWRzXC8yMDIyXC8wM1wvSVNPLTIyMDAwLTIwMDUtU2VydGlmaWthc2ktMS5qcGciLCJzbGlkZXNob3ciOiI1NThiZTAwIn0%3D\" href='https:\/\/aridamlasi.com\/wp-content\/uploads\/2022\/03\/ISO-22000-2005-Sertifikasi-1.jpg'><img loading=\"lazy\" decoding=\"async\" width=\"212\" height=\"300\" src=\"https:\/\/aridamlasi.com\/wp-content\/uploads\/2022\/03\/ISO-22000-2005-Sertifikasi-1-212x300.jpg\" class=\"attachment-medium size-medium\" alt=\"\" srcset=\"https:\/\/aridamlasi.com\/wp-content\/uploads\/2022\/03\/ISO-22000-2005-Sertifikasi-1-212x300.jpg 212w, https:\/\/aridamlasi.com\/wp-content\/uploads\/2022\/03\/ISO-22000-2005-Sertifikasi-1-724x1024.jpg 724w, https:\/\/aridamlasi.com\/wp-content\/uploads\/2022\/03\/ISO-22000-2005-Sertifikasi-1-768x1086.jpg 768w, https:\/\/aridamlasi.com\/wp-content\/uploads\/2022\/03\/ISO-22000-2005-Sertifikasi-1-1086x1536.jpg 1086w, https:\/\/aridamlasi.com\/wp-content\/uploads\/2022\/03\/ISO-22000-2005-Sertifikasi-1-1449x2048.jpg 1449w, https:\/\/aridamlasi.com\/wp-content\/uploads\/2022\/03\/ISO-22000-2005-Sertifikasi-1.jpg 1653w\" sizes=\"(max-width:767px) 212px, 212px\" \/><\/a>\n\t\t\t\t<\/dt><\/div><\/dl><dl class='gallery-item'  data-title='ari-damlasi-marka-1.jpg' data-description=''><div class='gallery-item-wrapper'>\n\t\t\t\t<dt class='gallery-icon portrait'>\n\t\t\t\t\t<a data-elementor-open-lightbox=\"yes\" data-elementor-lightbox-slideshow=\"558be00\" data-elementor-lightbox-title=\"ari-damlasi-marka-1.jpg\" data-e-action-hash=\"#elementor-action%3Aaction%3Dlightbox%26settings%3DeyJpZCI6NTk0MiwidXJsIjoiaHR0cHM6XC9cL2FyaWRhbWxhc2kuY29tXC93cC1jb250ZW50XC91cGxvYWRzXC8yMDIyXC8wM1wvYXJpLWRhbWxhc2ktbWFya2EtMS5qcGciLCJzbGlkZXNob3ciOiI1NThiZTAwIn0%3D\" href='https:\/\/aridamlasi.com\/wp-content\/uploads\/2022\/03\/ari-damlasi-marka-1.jpg'><img loading=\"lazy\" decoding=\"async\" width=\"218\" height=\"300\" src=\"https:\/\/aridamlasi.com\/wp-content\/uploads\/2022\/03\/ari-damlasi-marka-1-218x300.jpg\" class=\"attachment-medium size-medium\" alt=\"\" srcset=\"https:\/\/aridamlasi.com\/wp-content\/uploads\/2022\/03\/ari-damlasi-marka-1-218x300.jpg 218w, https:\/\/aridamlasi.com\/wp-content\/uploads\/2022\/03\/ari-damlasi-marka-1-745x1024.jpg 745w, https:\/\/aridamlasi.com\/wp-content\/uploads\/2022\/03\/ari-damlasi-marka-1-768x1056.jpg 768w, https:\/\/aridamlasi.com\/wp-content\/uploads\/2022\/03\/ari-damlasi-marka-1-1117x1536.jpg 1117w, https:\/\/aridamlasi.com\/wp-content\/uploads\/2022\/03\/ari-damlasi-marka-1-1489x2048.jpg 1489w, https:\/\/aridamlasi.com\/wp-content\/uploads\/2022\/03\/ari-damlasi-marka-1.jpg 1700w\" sizes=\"(max-width:767px) 218px, 218px\" \/><\/a>\n\t\t\t\t<\/dt><\/div><\/dl><br style=\"clear: both\" \/>\n\t\t\t<\/div>\n\t\t<\/div>\n\t\t\t\t\t\t<\/div>\n\t\t\t\t<\/div>\n\t\t\t\t\t<\/div>\n\t\t<\/div>\n\t\t\t\t\t<\/div>\n\t\t<\/section>\n\t\t\t\t<\/div>\n\t\t","protected":false},"excerpt":{"rendered":"<p>In 1978, the adventure that started with the story of Travelling Beekeeping turns into the love of announcing the unique bee products to a wider audience.<span class=\"excerpt-hellip\"> [\u2026]<\/span><\/p>\n","protected":false},"author":1,"featured_media":0,"parent":0,"menu_order":0,"comment_status":"closed","ping_status":"closed","template":"","meta":{"_joinchat":[],"footnotes":""},"class_list":["post-5014","page","type-page","status-publish","hentry"],"_links":{"self":[{"href":"https:\/\/aridamlasi.com\/en\/wp-json\/wp\/v2\/pages\/5014","targetHints":{"allow":["GET"]}}],"collection":[{"href":"https:\/\/aridamlasi.com\/en\/wp-json\/wp\/v2\/pages"}],"about":[{"href":"https:\/\/aridamlasi.com\/en\/wp-json\/wp\/v2\/types\/page"}],"author":[{"embeddable":true,"href":"https:\/\/aridamlasi.com\/en\/wp-json\/wp\/v2\/users\/1"}],"replies":[{"embeddable":true,"href":"https:\/\/aridamlasi.com\/en\/wp-json\/wp\/v2\/comments?post=5014"}],"version-history":[{"count":0,"href":"https:\/\/aridamlasi.com\/en\/wp-json\/wp\/v2\/pages\/5014\/revisions"}],"wp:attachment":[{"href":"https:\/\/aridamlasi.com\/en\/wp-json\/wp\/v2\/media?parent=5014"}],"curies":[{"name":"wp","href":"https:\/\/api.w.org\/{rel}","templated":true}]}}