{"id":5688,"date":"2023-04-06T17:39:27","date_gmt":"2023-04-06T14:39:27","guid":{"rendered":"https:\/\/aridamlasi.com\/enginar-sirkesi-500-ml\/"},"modified":"2023-06-21T17:41:08","modified_gmt":"2023-06-21T14:41:08","slug":"artichoke-vinegar","status":"publish","type":"page","link":"https:\/\/aridamlasi.com\/en\/artichoke-vinegar\/","title":{"rendered":"Artichoke Vinegar"},"content":{"rendered":"<p>Enginar Sirkesi<br \/>\nEnginar (Cynara scolymus), papatyagiller familyas\u0131ndan mavi-mor renkli \u00e7i\u00e7ekler a\u00e7an, 50-150 cm boyunda \u00e7ok senelik otsu bir bitki. G\u00fcney Avrupa ve Akdeniz \u00e7evresinde yeti\u015fir.<br \/>\nline<br \/>\nARI DAMLASI<br \/>\nhide<\/p>\n<p><img decoding=\"async\" src=\"https:\/\/aridamlasi.com\/wp-content\/uploads\/2022\/12\/Enginar-Sirkesi-Yeni.png\" alt=\"Enginar Sirkesi Yeni\" \/><br \/>\nfull<br \/>\ncontain<br \/>\ncenter center<br \/>\nhide<\/p>\n<p>Enginar\u00a0(Cynara scolymus),\u00a0papatyagiller\u00a0familyas\u0131ndan mavi-mor renkli \u00e7i\u00e7ekler a\u00e7an, 50-150\u00a0cm boyunda \u00e7ok senelik otsu bir\u00a0bitki. G\u00fcney Avrupa ve Akdeniz \u00e7evresinde yeti\u015fir. G\u00f6vdeleri dik, kuvvetli, sert ve boyuna olukludur.\u00a0Yapraklar\u0131\u00a0saps\u0131z, b\u00fcy\u00fck, uzun-oval ve par\u00e7al\u0131d\u0131r.\u00a0\u00c7i\u00e7ekler\u00a0\u00fcst yapraklar\u0131n koltu\u011fundan \u00e7\u0131kan, uzun saplar\u0131n ucunda b\u00fcy\u00fck ba\u015f\u00e7\u0131klar halinde toplanm\u0131\u015ft\u0131r. \u00c7i\u00e7ek tablas\u0131 etlidir. Hepsi t\u00fcp \u015feklinde olan \u00e7i\u00e7ekleri ve bunlar\u0131n aralar\u0131nda bulunan t\u00fcyleri ta\u015f\u0131r.Sirke, tar\u0131m k\u00f6kenli s\u0131v\u0131lar veya di\u011fer maddelerden, iki a\u015famal\u0131 alkol ve asetik asit fermantasyonuyla, biyolojik yolla \u00fcretilen kendine \u00f6zg\u00fc \u00fcr\u00fcn diye tan\u0131mlanmaktad\u0131r. Fermantasyon y\u00f6ntemiyle elde edilen g\u0131dalar ya\u015fayan g\u0131dalard\u0131r. Do\u011fal fermantasyon yoluyla g\u0131da temas\u0131na uygun ambalajlarda yakla\u015f\u0131k 12 ay boyunca dinlendirildikten sonra sirkemiz \u015fi\u015felenip t\u00fcketiciye ula\u015ft\u0131r\u0131lmaktad\u0131r. Sirkelerimizde ticari ama\u00e7larla h\u0131zland\u0131r\u0131lm\u0131\u015f fermantasyon y\u00f6ntemi uygulanmaz.Do\u011fal fermantasyon y\u00f6ntemi ile \u00fcretilip filtrasyon ve past\u00f6rizasyon yap\u0131lmad\u0131\u011f\u0131ndan i\u00e7erisinde tortu olabilir.Katk\u0131 maddesi ve Koruyucu i\u00e7ermez.Asitlik derecesi en az %4\u2019t\u00fcr.<br \/>\nhide<\/p>\n","protected":false},"excerpt":{"rendered":"<p>Enginar Sirkesi Enginar (Cynara scolymus), papatyagiller familyas\u0131ndan mavi-mor renkli \u00e7i\u00e7ekler a\u00e7an, 50-150 cm boyunda \u00e7ok senelik otsu bir bitki. G\u00fcney Avrupa ve Akdeniz \u00e7evresinde yeti\u015fir. line<span class=\"excerpt-hellip\"> [\u2026]<\/span><\/p>\n","protected":false},"author":1,"featured_media":0,"parent":0,"menu_order":0,"comment_status":"closed","ping_status":"closed","template":"","meta":{"_joinchat":[],"footnotes":""},"class_list":["post-5688","page","type-page","status-publish","hentry"],"_links":{"self":[{"href":"https:\/\/aridamlasi.com\/en\/wp-json\/wp\/v2\/pages\/5688","targetHints":{"allow":["GET"]}}],"collection":[{"href":"https:\/\/aridamlasi.com\/en\/wp-json\/wp\/v2\/pages"}],"about":[{"href":"https:\/\/aridamlasi.com\/en\/wp-json\/wp\/v2\/types\/page"}],"author":[{"embeddable":true,"href":"https:\/\/aridamlasi.com\/en\/wp-json\/wp\/v2\/users\/1"}],"replies":[{"embeddable":true,"href":"https:\/\/aridamlasi.com\/en\/wp-json\/wp\/v2\/comments?post=5688"}],"version-history":[{"count":0,"href":"https:\/\/aridamlasi.com\/en\/wp-json\/wp\/v2\/pages\/5688\/revisions"}],"wp:attachment":[{"href":"https:\/\/aridamlasi.com\/en\/wp-json\/wp\/v2\/media?parent=5688"}],"curies":[{"name":"wp","href":"https:\/\/api.w.org\/{rel}","templated":true}]}}