{"id":5692,"date":"2023-04-06T17:40:07","date_gmt":"2023-04-06T14:40:07","guid":{"rendered":"https:\/\/aridamlasi.com\/uzum-sirkesi-500-ml\/"},"modified":"2023-07-05T15:38:47","modified_gmt":"2023-07-05T12:38:47","slug":"grape-vinegaer","status":"publish","type":"page","link":"https:\/\/aridamlasi.com\/en\/grape-vinegaer\/","title":{"rendered":"Grape Vinegaer"},"content":{"rendered":"<p>\u00dcz\u00fcm Sirkesi<br \/>\n\u00dcz\u00fcm, yaprak d\u00f6ken odunsu asmalar\u0131n (asmagiller (Vitaceae) familyas\u0131n\u0131n) vitis cinsinden \u00e7i\u00e7keli bitki meyvesinin ad\u0131d\u0131r<br \/>\nline<br \/>\nARI DAMLASI<br \/>\nhide<\/p>\n<p><img decoding=\"async\" src=\"https:\/\/aridamlasi.com\/wp-content\/uploads\/2022\/12\/Uzum-Sirkesi-Yeni.png\" alt=\"\u00dcz\u00fcm Sirkesi Yeni\" \/><br \/>\nfull<br \/>\ncontain<br \/>\ncenter center<br \/>\nhide<\/p>\n<p>\u00dcz\u00fcm,\u00a0yaprak d\u00f6ken odunsu asmalar\u0131n (asmagiller (Vitaceae) familyas\u0131n\u0131n) vitis cinsinden \u00e7i\u00e7keli bitki meyvesinin ad\u0131d\u0131r. \u00dcz\u00fcm d\u00fcnyada k\u00fclt\u00fcr\u00fc yap\u0131lan en eski meyve t\u00fcrlerinden biridir. \u00dcz\u00fcmler\u00a0sofral\u0131k \u00fcz\u00fcm\u00a0olarak taze yenebilir veya\u00a0\u00a0pekmez, re\u00e7el,\u00a0\u00fcz\u00fcm suyu,\u00a0\u00fcz\u00fcm \u00e7ekirde\u011fi \u00f6z\u00fc,\u00a0kuru \u00fcz\u00fcmler,\u00a0sirke\u00a0ve\u00a0\u00fcz\u00fcm \u00e7ekirde\u011fi ya\u011f\u0131\u00a0yap\u0131m\u0131nda kullan\u0131labilir. \u00dcz\u00fcm, genellikle salk\u0131mlar halinde olu\u015fan,\u00a0klimakterik\u00a0olmayan bir meyve t\u00fcr\u00fcd\u00fcr.Sirke, tar\u0131m k\u00f6kenli s\u0131v\u0131lar veya di\u011fer maddelerden, iki a\u015famal\u0131 alkol ve asetik asit fermantasyonuyla, biyolojik yolla \u00fcretilen kendine \u00f6zg\u00fc \u00fcr\u00fcn diye tan\u0131mlanmaktad\u0131r. Fermantasyon y\u00f6ntemiyle elde edilen g\u0131dalar ya\u015fayan g\u0131dalard\u0131r. Mevsiminde toplanan \u00fcz\u00fcm preslenip \u00e7\u0131kan \u00fcz\u00fcm suyunun do\u011fal fermantasyon yoluyla g\u0131da temas\u0131na uygun ambalajlarda yakla\u015f\u0131k 18 ay boyunca dinlendirildikten sonra sirkemiz \u015fi\u015felenip t\u00fcketiciye ula\u015ft\u0131r\u0131lmaktad\u0131r. Sirkelerimizde ticari ama\u00e7larla h\u0131zland\u0131r\u0131lm\u0131\u015f fermantasyon y\u00f6ntemi uygulanmaz.Do\u011fal fermantasyon y\u00f6ntemi ile \u00fcretilip filtrasyon ve past\u00f6rizasyon yap\u0131lmad\u0131\u011f\u0131ndan i\u00e7erisinde tortu olabilir.Katk\u0131 maddesi ve Koruyucu i\u00e7ermez.Asitlik derecesi en az %4\u2019t\u00fcr.<br \/>\nhide<\/p>\n","protected":false},"excerpt":{"rendered":"<p>\u00dcz\u00fcm Sirkesi \u00dcz\u00fcm, yaprak d\u00f6ken odunsu asmalar\u0131n (asmagiller (Vitaceae) familyas\u0131n\u0131n) vitis cinsinden \u00e7i\u00e7keli bitki meyvesinin ad\u0131d\u0131r line ARI DAMLASI hide full contain center center hide \u00dcz\u00fcm,\u00a0yaprak<span class=\"excerpt-hellip\"> [\u2026]<\/span><\/p>\n","protected":false},"author":1,"featured_media":0,"parent":0,"menu_order":0,"comment_status":"closed","ping_status":"closed","template":"","meta":{"_joinchat":[],"footnotes":""},"class_list":["post-5692","page","type-page","status-publish","hentry"],"_links":{"self":[{"href":"https:\/\/aridamlasi.com\/en\/wp-json\/wp\/v2\/pages\/5692","targetHints":{"allow":["GET"]}}],"collection":[{"href":"https:\/\/aridamlasi.com\/en\/wp-json\/wp\/v2\/pages"}],"about":[{"href":"https:\/\/aridamlasi.com\/en\/wp-json\/wp\/v2\/types\/page"}],"author":[{"embeddable":true,"href":"https:\/\/aridamlasi.com\/en\/wp-json\/wp\/v2\/users\/1"}],"replies":[{"embeddable":true,"href":"https:\/\/aridamlasi.com\/en\/wp-json\/wp\/v2\/comments?post=5692"}],"version-history":[{"count":0,"href":"https:\/\/aridamlasi.com\/en\/wp-json\/wp\/v2\/pages\/5692\/revisions"}],"wp:attachment":[{"href":"https:\/\/aridamlasi.com\/en\/wp-json\/wp\/v2\/media?parent=5692"}],"curies":[{"name":"wp","href":"https:\/\/api.w.org\/{rel}","templated":true}]}}