{"id":5719,"date":"2023-04-06T17:24:21","date_gmt":"2023-04-06T14:24:21","guid":{"rendered":"https:\/\/aridamlasi.com\/aloe-vera-yagi-20-ml\/"},"modified":"2023-04-06T17:24:21","modified_gmt":"2023-04-06T14:24:21","slug":"aloe-vera-yagi-20-ml","status":"publish","type":"page","link":"https:\/\/aridamlasi.com\/en\/aloe-vera-yagi-20-ml\/","title":{"rendered":"Aloe Vera Ya\u011f\u0131 20 mL"},"content":{"rendered":"<p>Aloe Vera Ya\u011f\u0131<br \/>\nAloe vera, anavatan\u0131 Afrika olan ve \u00fczerinde minik dikenler bulunan bir bitki. T\u00fcrk\u00e7ede \u201cSar\u0131sab\u0131r\u201d olarak da bilinir.<br \/>\nline<br \/>\nARI DAMLASI<br \/>\nhide<\/p>\n<p><img decoding=\"async\" src=\"https:\/\/aridamlasi.com\/wp-content\/uploads\/2022\/03\/Aloe-Vera-Yagi-20.png\" alt=\"Aloe-Vera-Yagi-20\" \/><br \/>\nfull<br \/>\ncontain<br \/>\ncenter center<br \/>\nhide<\/p>\n<p>Aloe vera, anavatan\u0131 Afrika olan ve \u00fczerinde minik dikenler bulunan bir bitki. T\u00fcrk\u00e7ede \u201cSar\u0131sab\u0131r\u201d olarak da bilinir. Yapra\u011f\u0131n i\u00e7 k\u0131sm\u0131nda bulunan ve parankim h\u00fccreler taraf\u0131ndan imal edilen m\u00fcsilaj g\u00f6r\u00fcn\u00fcml\u00fc renksiz k\u0131sma ise\u00a0Aloe vera Jel\u00a0ad\u0131 verilir.Cilt Bak\u0131m Ya\u011f\u0131Besleyici etkisi sayesinde sa\u011fl\u0131kl\u0131 cilt yap\u0131s\u0131n\u0131 destekleyerek yard\u0131mc\u0131 olur. Kullan\u0131m \u00f6ncesinde \u015fi\u015feyi \u00e7alkalay\u0131n\u0131z.Maserasyon y\u00f6ntemi ile elde edilmi\u015ftir.<br \/>\nhide<\/p>\n","protected":false},"excerpt":{"rendered":"<p>Aloe Vera Ya\u011f\u0131 Aloe vera, anavatan\u0131 Afrika olan ve \u00fczerinde minik dikenler bulunan bir bitki. T\u00fcrk\u00e7ede \u201cSar\u0131sab\u0131r\u201d olarak da bilinir. line ARI DAMLASI hide full contain<span class=\"excerpt-hellip\"> [\u2026]<\/span><\/p>\n","protected":false},"author":1,"featured_media":0,"parent":0,"menu_order":0,"comment_status":"closed","ping_status":"closed","template":"","meta":{"_joinchat":[],"footnotes":""},"class_list":["post-5719","page","type-page","status-publish","hentry"],"_links":{"self":[{"href":"https:\/\/aridamlasi.com\/en\/wp-json\/wp\/v2\/pages\/5719","targetHints":{"allow":["GET"]}}],"collection":[{"href":"https:\/\/aridamlasi.com\/en\/wp-json\/wp\/v2\/pages"}],"about":[{"href":"https:\/\/aridamlasi.com\/en\/wp-json\/wp\/v2\/types\/page"}],"author":[{"embeddable":true,"href":"https:\/\/aridamlasi.com\/en\/wp-json\/wp\/v2\/users\/1"}],"replies":[{"embeddable":true,"href":"https:\/\/aridamlasi.com\/en\/wp-json\/wp\/v2\/comments?post=5719"}],"version-history":[{"count":0,"href":"https:\/\/aridamlasi.com\/en\/wp-json\/wp\/v2\/pages\/5719\/revisions"}],"wp:attachment":[{"href":"https:\/\/aridamlasi.com\/en\/wp-json\/wp\/v2\/media?parent=5719"}],"curies":[{"name":"wp","href":"https:\/\/api.w.org\/{rel}","templated":true}]}}