{"id":5736,"date":"2023-04-27T12:33:03","date_gmt":"2023-04-27T09:33:03","guid":{"rendered":"https:\/\/aridamlasi.com\/biberiye-yagi\/"},"modified":"2023-06-22T14:07:42","modified_gmt":"2023-06-22T11:07:42","slug":"aromatic-rosemary-oil","status":"publish","type":"page","link":"https:\/\/aridamlasi.com\/en\/aromatic-rosemary-oil\/","title":{"rendered":"Aromatic Rosemary Oil"},"content":{"rendered":"<p>Biberiye Ya\u011f\u0131<br \/>\nline<br \/>\nhide<\/p>\n<p><img decoding=\"async\" src=\"https:\/\/aridamlasi.com\/wp-content\/uploads\/2022\/03\/Biberiye-Yagi-20.png\" alt=\"Biberiye-Yagi-20\" \/><br \/>\nfull<br \/>\ncontain<br \/>\ncenter center<br \/>\nhide<\/p>\n<p>Biberiye\u00a0olarak bilinen\u00a0Salvia rosmarinus, kokulu,\u00a0yaprak d\u00f6kmeyen, i\u011fneye benzer ince yapraklar\u0131 ve beyaz, pembe, mor veya mavi \u00e7i\u00e7ekli,\u00a0Akdeniz b\u00f6lgesi\u2019nin her dem ye\u015fil\u00a0yerli\u00a0bir \u00e7al\u0131s\u0131d\u0131r.\u00a02017 y\u0131l\u0131na kadar art\u0131k bir\u00a0e\u015f anlaml\u0131\u00a0olan bilimsel ad\u0131\u00a0Rosmarinus officinalis\u00a0ile biliniyordu.Distilasyon y\u00f6ntemi ile elde edilmi\u015ftir.<br \/>\nhide<\/p>\n","protected":false},"excerpt":{"rendered":"<p>Biberiye Ya\u011f\u0131 line hide full contain center center hide Biberiye\u00a0olarak bilinen\u00a0Salvia rosmarinus, kokulu,\u00a0yaprak d\u00f6kmeyen, i\u011fneye benzer ince yapraklar\u0131 ve beyaz, pembe, mor veya mavi \u00e7i\u00e7ekli,\u00a0Akdeniz b\u00f6lgesi\u2019nin<span class=\"excerpt-hellip\"> [\u2026]<\/span><\/p>\n","protected":false},"author":1,"featured_media":0,"parent":0,"menu_order":0,"comment_status":"closed","ping_status":"closed","template":"","meta":{"_joinchat":[],"footnotes":""},"class_list":["post-5736","page","type-page","status-publish","hentry"],"_links":{"self":[{"href":"https:\/\/aridamlasi.com\/en\/wp-json\/wp\/v2\/pages\/5736","targetHints":{"allow":["GET"]}}],"collection":[{"href":"https:\/\/aridamlasi.com\/en\/wp-json\/wp\/v2\/pages"}],"about":[{"href":"https:\/\/aridamlasi.com\/en\/wp-json\/wp\/v2\/types\/page"}],"author":[{"embeddable":true,"href":"https:\/\/aridamlasi.com\/en\/wp-json\/wp\/v2\/users\/1"}],"replies":[{"embeddable":true,"href":"https:\/\/aridamlasi.com\/en\/wp-json\/wp\/v2\/comments?post=5736"}],"version-history":[{"count":0,"href":"https:\/\/aridamlasi.com\/en\/wp-json\/wp\/v2\/pages\/5736\/revisions"}],"wp:attachment":[{"href":"https:\/\/aridamlasi.com\/en\/wp-json\/wp\/v2\/media?parent=5736"}],"curies":[{"name":"wp","href":"https:\/\/api.w.org\/{rel}","templated":true}]}}