{"id":5741,"date":"2023-04-06T17:25:18","date_gmt":"2023-04-06T14:25:18","guid":{"rendered":"https:\/\/aridamlasi.com\/cay-agaci-yagi-20-ml\/"},"modified":"2023-06-23T09:36:38","modified_gmt":"2023-06-23T06:36:38","slug":"cay-agaci-yagi-20-ml","status":"publish","type":"page","link":"https:\/\/aridamlasi.com\/en\/cay-agaci-yagi-20-ml\/","title":{"rendered":"\u00c7ay A\u011fac\u0131 Ya\u011f\u0131 20 mL"},"content":{"rendered":"<p>\u00c7ay A\u011fac\u0131 Ya\u011f\u0131<br \/>\nMelaleuca alternifolia, g\u00fcr bir ta\u00e7 ve beyaz\u0131ms\u0131, ka\u011f\u0131t kabu\u011fu ile yakla\u015f\u0131k 7 m\u2019ye (20 ft) kadar b\u00fcy\u00fcyebilen k\u00fc\u00e7\u00fck bir a\u011fa\u00e7t\u0131r. Yapraklar d\u00f6n\u00fc\u015f\u00fcml\u00fc olarak, bazen da\u011f\u0131n\u0131k veya k\u0131vr\u0131ml\u0131 olarak d\u00fczenlenmi\u015ftir .<br \/>\nline<br \/>\nARI DAMLASI<br \/>\nhide<\/p>\n<p><img decoding=\"async\" src=\"https:\/\/aridamlasi.com\/wp-content\/uploads\/2022\/03\/Cay-Agaci-Yagi-20.png\" alt=\"Cay-Agaci-Yagi-20\" \/><br \/>\nfull<br \/>\ncontain<br \/>\ncenter center<br \/>\nhide<\/p>\n<p>Melaleuca alternifolia, g\u00fcr bir ta\u00e7 ve beyaz\u0131ms\u0131, ka\u011f\u0131t kabu\u011fu ile yakla\u015f\u0131k 7 m\u2019ye (20 ft) kadar b\u00fcy\u00fcyebilen k\u00fc\u00e7\u00fck bir a\u011fa\u00e7t\u0131r.\u00a0Yapraklar d\u00f6n\u00fc\u015f\u00fcml\u00fc olarak, bazen da\u011f\u0131n\u0131k veya\u00a0k\u0131vr\u0131ml\u0131\u00a0olarak d\u00fczenlenmi\u015ftir .\u00a0Yapraklar d\u00fcz, yumu\u015fak, do\u011frusal, 10-35 mm (0,4-1 in\u00e7) uzunlu\u011funda ve 1 mm (0,04 in\u00e7) geni\u015fli\u011findedir.\u00a0Bezleri\u00a0belirgin\u00a0olan ya\u011f bak\u0131m\u0131ndan da zengindirler. Avustralya\u2019ya\u00a0\u00f6zg\u00fcd\u00fcr.Cilt Bak\u0131m Ya\u011f\u0131Nemlendirici ve besleyici etkisi sayesinde sa\u011fl\u0131kl\u0131 cilt yap\u0131s\u0131n\u0131 destekleyerek yard\u0131mc\u0131 olur.\u00a0\u00c7ay a\u011fac\u0131 bitkisinden buhar distilasyonu y\u00f6ntemi ile elde edilmi\u015ftir.<br \/>\nhide<\/p>\n","protected":false},"excerpt":{"rendered":"<p>\u00c7ay A\u011fac\u0131 Ya\u011f\u0131 Melaleuca alternifolia, g\u00fcr bir ta\u00e7 ve beyaz\u0131ms\u0131, ka\u011f\u0131t kabu\u011fu ile yakla\u015f\u0131k 7 m\u2019ye (20 ft) kadar b\u00fcy\u00fcyebilen k\u00fc\u00e7\u00fck bir a\u011fa\u00e7t\u0131r. Yapraklar d\u00f6n\u00fc\u015f\u00fcml\u00fc olarak,<span class=\"excerpt-hellip\"> [\u2026]<\/span><\/p>\n","protected":false},"author":1,"featured_media":0,"parent":0,"menu_order":0,"comment_status":"closed","ping_status":"closed","template":"","meta":{"_joinchat":[],"footnotes":""},"class_list":["post-5741","page","type-page","status-publish","hentry"],"_links":{"self":[{"href":"https:\/\/aridamlasi.com\/en\/wp-json\/wp\/v2\/pages\/5741","targetHints":{"allow":["GET"]}}],"collection":[{"href":"https:\/\/aridamlasi.com\/en\/wp-json\/wp\/v2\/pages"}],"about":[{"href":"https:\/\/aridamlasi.com\/en\/wp-json\/wp\/v2\/types\/page"}],"author":[{"embeddable":true,"href":"https:\/\/aridamlasi.com\/en\/wp-json\/wp\/v2\/users\/1"}],"replies":[{"embeddable":true,"href":"https:\/\/aridamlasi.com\/en\/wp-json\/wp\/v2\/comments?post=5741"}],"version-history":[{"count":0,"href":"https:\/\/aridamlasi.com\/en\/wp-json\/wp\/v2\/pages\/5741\/revisions"}],"wp:attachment":[{"href":"https:\/\/aridamlasi.com\/en\/wp-json\/wp\/v2\/media?parent=5741"}],"curies":[{"name":"wp","href":"https:\/\/api.w.org\/{rel}","templated":true}]}}