{"id":5752,"date":"2023-04-06T17:23:14","date_gmt":"2023-04-06T14:23:14","guid":{"rendered":"https:\/\/aridamlasi.com\/e-vitamini-20-ml\/"},"modified":"2023-04-06T17:23:14","modified_gmt":"2023-04-06T14:23:14","slug":"e-vitamini-20-ml","status":"publish","type":"page","link":"https:\/\/aridamlasi.com\/en\/e-vitamini-20-ml\/","title":{"rendered":"E Vitamini 20 mL"},"content":{"rendered":"<p>E Vitamini<br \/>E vitamini, kimyasal yap\u0131 itibar\u0131 ile bir tokol olup antisterilite vitamin olarak da bilinir.<br \/>line<br \/>ARI DAMLASI<br \/>hide<\/p>\n<p><img decoding=\"async\" src=\"https:\/\/aridamlasi.com\/wp-content\/uploads\/2022\/12\/E-Vitamini.png\" alt=\"E Vitamini\" \/><br \/>full<br \/>contain<br \/>center center<br \/>hide<\/p>\n<p>E vitamini, kimyasal yap\u0131 itibar\u0131 ile bir\u00a0tokol\u00a0olup antisterilite\u00a0vitamin\u00a0olarak da bilinir. E vitamini ya\u011fda \u00e7\u00f6z\u00fcnen \u00f6nemli bir\u00a0antioksidand\u0131r\u00a0ve \u00f6zellikle h\u00fccre zarlar\u0131 ve\u00a0lipoproteinlerde\u00a0\u00f6nemli antioksidan i\u015flevler g\u00f6rmektedir.<br \/>hide<\/p>\n","protected":false},"excerpt":{"rendered":"<p>E VitaminiE vitamini, kimyasal yap\u0131 itibar\u0131 ile bir tokol olup antisterilite vitamin olarak da bilinir.lineARI DAMLASIhide fullcontaincenter centerhide E vitamini, kimyasal yap\u0131 itibar\u0131 ile bir\u00a0tokol\u00a0olup antisterilite\u00a0vitamin\u00a0olarak<span class=\"excerpt-hellip\"> [\u2026]<\/span><\/p>\n","protected":false},"author":1,"featured_media":0,"parent":0,"menu_order":0,"comment_status":"closed","ping_status":"closed","template":"","meta":{"_joinchat":[],"footnotes":""},"class_list":["post-5752","page","type-page","status-publish","hentry"],"_links":{"self":[{"href":"https:\/\/aridamlasi.com\/en\/wp-json\/wp\/v2\/pages\/5752","targetHints":{"allow":["GET"]}}],"collection":[{"href":"https:\/\/aridamlasi.com\/en\/wp-json\/wp\/v2\/pages"}],"about":[{"href":"https:\/\/aridamlasi.com\/en\/wp-json\/wp\/v2\/types\/page"}],"author":[{"embeddable":true,"href":"https:\/\/aridamlasi.com\/en\/wp-json\/wp\/v2\/users\/1"}],"replies":[{"embeddable":true,"href":"https:\/\/aridamlasi.com\/en\/wp-json\/wp\/v2\/comments?post=5752"}],"version-history":[{"count":0,"href":"https:\/\/aridamlasi.com\/en\/wp-json\/wp\/v2\/pages\/5752\/revisions"}],"wp:attachment":[{"href":"https:\/\/aridamlasi.com\/en\/wp-json\/wp\/v2\/media?parent=5752"}],"curies":[{"name":"wp","href":"https:\/\/api.w.org\/{rel}","templated":true}]}}