{"id":5802,"date":"2023-04-27T12:54:40","date_gmt":"2023-04-27T09:54:40","guid":{"rendered":"https:\/\/aridamlasi.com\/karanfil-yagi\/"},"modified":"2023-07-05T12:17:19","modified_gmt":"2023-07-05T09:17:19","slug":"clove-oil","status":"publish","type":"page","link":"https:\/\/aridamlasi.com\/en\/clove-oil\/","title":{"rendered":"CLOVE OIL"},"content":{"rendered":"<p>Karanfil Ya\u011f\u0131<br \/>\nline<br \/>\nhide<\/p>\n<p><img decoding=\"async\" src=\"https:\/\/aridamlasi.com\/wp-content\/uploads\/2022\/03\/Karanfil-Yagi-20.png\" alt=\"Karanfil-Yagi-20\" \/><br \/>\nfull<br \/>\ncontain<br \/>\ncenter center<br \/>\nhide<\/p>\n<p>\u0130lk olarak Moluk Adalar\u0131nda bulunmu\u015ftur. Karanfil a\u011fac\u0131 d\u00f6rt mevsim ye\u015fil kal\u0131r ve 10\u201320 m uzunlu\u011fa eri\u015febilir. Karanfil \u00e7i\u00e7eklerine Karanfil baharat\u0131 (Syzygium aromaticum) ile benzer kokuya sahip oldu\u011fu i\u00e7in bu ad verilmi\u015ftir.Distilasyon y\u00f6ntemi ile elde edilmi\u015ftir.<br \/>\nhide<\/p>\n","protected":false},"excerpt":{"rendered":"<p>Karanfil Ya\u011f\u0131 line hide full contain center center hide \u0130lk olarak Moluk Adalar\u0131nda bulunmu\u015ftur. Karanfil a\u011fac\u0131 d\u00f6rt mevsim ye\u015fil kal\u0131r ve 10\u201320 m uzunlu\u011fa eri\u015febilir. Karanfil<span class=\"excerpt-hellip\"> [\u2026]<\/span><\/p>\n","protected":false},"author":1,"featured_media":0,"parent":0,"menu_order":0,"comment_status":"closed","ping_status":"closed","template":"","meta":{"_joinchat":[],"footnotes":""},"class_list":["post-5802","page","type-page","status-publish","hentry"],"_links":{"self":[{"href":"https:\/\/aridamlasi.com\/en\/wp-json\/wp\/v2\/pages\/5802","targetHints":{"allow":["GET"]}}],"collection":[{"href":"https:\/\/aridamlasi.com\/en\/wp-json\/wp\/v2\/pages"}],"about":[{"href":"https:\/\/aridamlasi.com\/en\/wp-json\/wp\/v2\/types\/page"}],"author":[{"embeddable":true,"href":"https:\/\/aridamlasi.com\/en\/wp-json\/wp\/v2\/users\/1"}],"replies":[{"embeddable":true,"href":"https:\/\/aridamlasi.com\/en\/wp-json\/wp\/v2\/comments?post=5802"}],"version-history":[{"count":0,"href":"https:\/\/aridamlasi.com\/en\/wp-json\/wp\/v2\/pages\/5802\/revisions"}],"wp:attachment":[{"href":"https:\/\/aridamlasi.com\/en\/wp-json\/wp\/v2\/media?parent=5802"}],"curies":[{"name":"wp","href":"https:\/\/api.w.org\/{rel}","templated":true}]}}