{"id":5841,"date":"2023-04-28T14:09:25","date_gmt":"2023-04-28T11:09:25","guid":{"rendered":"https:\/\/aridamlasi.com\/uzum-cekirdegi-yagi\/"},"modified":"2023-07-05T15:50:20","modified_gmt":"2023-07-05T12:50:20","slug":"grape-seed-oil","status":"publish","type":"page","link":"https:\/\/aridamlasi.com\/en\/grape-seed-oil\/","title":{"rendered":"Grape Seed Oil"},"content":{"rendered":"<p>\u00dcz\u00fcm \u00c7ekirde\u011fi Ya\u011f\u0131<br \/>\nline<br \/>\nhide<\/p>\n","protected":false},"excerpt":{"rendered":"<p>\u00dcz\u00fcm \u00c7ekirde\u011fi Ya\u011f\u0131 line hide<\/p>\n","protected":false},"author":1,"featured_media":0,"parent":0,"menu_order":0,"comment_status":"closed","ping_status":"closed","template":"","meta":{"_joinchat":[],"footnotes":""},"class_list":["post-5841","page","type-page","status-publish","hentry"],"_links":{"self":[{"href":"https:\/\/aridamlasi.com\/en\/wp-json\/wp\/v2\/pages\/5841","targetHints":{"allow":["GET"]}}],"collection":[{"href":"https:\/\/aridamlasi.com\/en\/wp-json\/wp\/v2\/pages"}],"about":[{"href":"https:\/\/aridamlasi.com\/en\/wp-json\/wp\/v2\/types\/page"}],"author":[{"embeddable":true,"href":"https:\/\/aridamlasi.com\/en\/wp-json\/wp\/v2\/users\/1"}],"replies":[{"embeddable":true,"href":"https:\/\/aridamlasi.com\/en\/wp-json\/wp\/v2\/comments?post=5841"}],"version-history":[{"count":0,"href":"https:\/\/aridamlasi.com\/en\/wp-json\/wp\/v2\/pages\/5841\/revisions"}],"wp:attachment":[{"href":"https:\/\/aridamlasi.com\/en\/wp-json\/wp\/v2\/media?parent=5841"}],"curies":[{"name":"wp","href":"https:\/\/api.w.org\/{rel}","templated":true}]}}