{"id":5857,"date":"2023-04-17T16:14:15","date_gmt":"2023-04-17T13:14:15","guid":{"rendered":"https:\/\/aridamlasi.com\/bitkisel-caylar\/"},"modified":"2023-07-06T13:38:47","modified_gmt":"2023-07-06T10:38:47","slug":"herbal-teas","status":"publish","type":"page","link":"https:\/\/aridamlasi.com\/en\/herbal-teas\/","title":{"rendered":"Herbal Teas"},"content":{"rendered":"<p>Bitkisel \u00c7aylar<br \/>\nline<br \/>\nhide<\/p>\n<p><img decoding=\"async\" src=\"https:\/\/aridamlasi.com\/wp-content\/uploads\/2022\/12\/L-Karnitinli-Cay.png\" alt=\"L-Karnitinli \u00c7ay\" \/><br \/>\nL-Karnitinli Kar\u0131\u015f\u0131k Bitki \u00c7ay\u0131<br \/>\n<a href=\"https:\/\/aridamlasi.com\/en\/l-karnitinli-karisik-bitki-cayi\/\">https:\/\/aridamlasi.com\/l-karnitinli-karisik-bitki-cayi\/<\/a><br \/>\nhide<\/p>\n","protected":false},"excerpt":{"rendered":"<p>Bitkisel \u00c7aylar line hide L-Karnitinli Kar\u0131\u015f\u0131k Bitki \u00c7ay\u0131 https:\/\/aridamlasi.com\/l-karnitinli-karisik-bitki-cayi\/ hide<\/p>\n","protected":false},"author":1,"featured_media":0,"parent":0,"menu_order":0,"comment_status":"closed","ping_status":"closed","template":"","meta":{"_joinchat":[],"footnotes":""},"class_list":["post-5857","page","type-page","status-publish","hentry"],"_links":{"self":[{"href":"https:\/\/aridamlasi.com\/en\/wp-json\/wp\/v2\/pages\/5857","targetHints":{"allow":["GET"]}}],"collection":[{"href":"https:\/\/aridamlasi.com\/en\/wp-json\/wp\/v2\/pages"}],"about":[{"href":"https:\/\/aridamlasi.com\/en\/wp-json\/wp\/v2\/types\/page"}],"author":[{"embeddable":true,"href":"https:\/\/aridamlasi.com\/en\/wp-json\/wp\/v2\/users\/1"}],"replies":[{"embeddable":true,"href":"https:\/\/aridamlasi.com\/en\/wp-json\/wp\/v2\/comments?post=5857"}],"version-history":[{"count":0,"href":"https:\/\/aridamlasi.com\/en\/wp-json\/wp\/v2\/pages\/5857\/revisions"}],"wp:attachment":[{"href":"https:\/\/aridamlasi.com\/en\/wp-json\/wp\/v2\/media?parent=5857"}],"curies":[{"name":"wp","href":"https:\/\/api.w.org\/{rel}","templated":true}]}}