{"id":5906,"date":"2023-04-06T17:38:30","date_gmt":"2023-04-06T14:38:30","guid":{"rendered":"https:\/\/aridamlasi.com\/sandalos-sakizli-eksi-yesil-elma-sirkesi\/"},"modified":"2023-07-18T15:29:36","modified_gmt":"2023-07-18T12:29:36","slug":"apple-vinegar-with-sandaraca-gum","status":"publish","type":"page","link":"https:\/\/aridamlasi.com\/en\/apple-vinegar-with-sandaraca-gum\/","title":{"rendered":"Apple Vinegar With Sandaraca Gum"},"content":{"rendered":"<p>Sandaloz Sak\u0131zl\u0131 Ek\u015fi Ye\u015fil Elma Sirkesi<br \/>\nSandaloz sak\u0131z\u0131, Kuzey Afrika civar\u0131nda yeti\u015fen sandaloz a\u011fac\u0131ndan elde edilen bir sak\u0131zd\u0131r.<br \/>\nline<br \/>\nARI DAMLASI<br \/>\nhide<\/p>\n<p><img decoding=\"async\" src=\"https:\/\/aridamlasi.com\/wp-content\/uploads\/2022\/12\/Sandaloz-Sakizli-Sirke-Yeni.png\" alt=\"Sandaloz Sak\u0131zl\u0131 Sirke Yeni\" \/><br \/>\nfull<br \/>\ncontain<br \/>\ncenter center<br \/>\nhide<\/p>\n<p>Sandaloz sak\u0131z\u0131, Kuzey Afrika civar\u0131nda yeti\u015fen sandaloz a\u011fac\u0131ndan elde edilen bir sak\u0131zd\u0131r. Bu a\u011fa\u00e7 neredeyse 6 metre kadar uzayabilen bir a\u011fa\u00e7t\u0131r. A\u011fac\u0131n dallar\u0131ndan ve g\u00f6vdesinden \u00f6zel bir bal damlar. Sak\u0131z k\u0131vam\u0131nda olan bu bal, sandaloz sak\u0131z\u0131 olarak bilinmektedir. Kuzey Afrika\u2019da\u00a0sandaloz a\u011fac\u0131 s\u0131cak havaya maruz kald\u0131\u011f\u0131 i\u00e7in, bu bal k\u0131vam\u0131ndaki s\u0131v\u0131, sak\u0131z gibi erimektedir. Eriyen sak\u0131z\u0131n rengi beyaza yak\u0131n bir sar\u0131d\u0131r. Ele al\u0131nd\u0131\u011f\u0131nda kolayca par\u00e7alanabilme \u00f6zelli\u011fine sahiptir.Sirke, tar\u0131m k\u00f6kenli s\u0131v\u0131lar veya di\u011fer maddelerden, iki a\u015famal\u0131 alkol ve asetik asit fermantasyonuyla, biyolojik yolla \u00fcretilen kendine \u00f6zg\u00fc \u00fcr\u00fcn diye tan\u0131mlanmaktad\u0131r. Fermantasyon y\u00f6ntemiyle elde edilen g\u0131dalar ya\u015fayan g\u0131dalard\u0131r. Do\u011fal fermantasyon yoluyla elde edilen elma sirkemiz sandaloz sak\u0131z\u0131 birle\u015fimiyle yeni bir \u00fcr\u00fcn elde edilmi\u015f oldu. Ek\u015fi ye\u015fil elma sirkemiz sandaloz sak\u0131z\u0131yla birlikte yakla\u015f\u0131k 12 ay boyunca dinlendirildikten sonra sirkemiz \u015fi\u015felenip t\u00fcketiciye ula\u015ft\u0131r\u0131lmaktad\u0131r. Sirkelerimizde ticari ama\u00e7larla h\u0131zland\u0131r\u0131lm\u0131\u015f fermantasyon y\u00f6ntemi uygulanmaz.Do\u011fal fermantasyon y\u00f6ntemi ile \u00fcretilip filtrasyon ve past\u00f6rizasyon yap\u0131lmad\u0131\u011f\u0131ndan i\u00e7erisinde tortu olabilir.Katk\u0131 maddesi ve Koruyucu i\u00e7ermez.Asitlik derecesi en az %4\u2019t\u00fcr.<br \/>\nhide<\/p>\n","protected":false},"excerpt":{"rendered":"<p>Sandaloz Sak\u0131zl\u0131 Ek\u015fi Ye\u015fil Elma Sirkesi Sandaloz sak\u0131z\u0131, Kuzey Afrika civar\u0131nda yeti\u015fen sandaloz a\u011fac\u0131ndan elde edilen bir sak\u0131zd\u0131r. line ARI DAMLASI hide full contain center center<span class=\"excerpt-hellip\"> [\u2026]<\/span><\/p>\n","protected":false},"author":1,"featured_media":0,"parent":0,"menu_order":0,"comment_status":"closed","ping_status":"closed","template":"","meta":{"_joinchat":[],"footnotes":""},"class_list":["post-5906","page","type-page","status-publish","hentry"],"_links":{"self":[{"href":"https:\/\/aridamlasi.com\/en\/wp-json\/wp\/v2\/pages\/5906","targetHints":{"allow":["GET"]}}],"collection":[{"href":"https:\/\/aridamlasi.com\/en\/wp-json\/wp\/v2\/pages"}],"about":[{"href":"https:\/\/aridamlasi.com\/en\/wp-json\/wp\/v2\/types\/page"}],"author":[{"embeddable":true,"href":"https:\/\/aridamlasi.com\/en\/wp-json\/wp\/v2\/users\/1"}],"replies":[{"embeddable":true,"href":"https:\/\/aridamlasi.com\/en\/wp-json\/wp\/v2\/comments?post=5906"}],"version-history":[{"count":0,"href":"https:\/\/aridamlasi.com\/en\/wp-json\/wp\/v2\/pages\/5906\/revisions"}],"wp:attachment":[{"href":"https:\/\/aridamlasi.com\/en\/wp-json\/wp\/v2\/media?parent=5906"}],"curies":[{"name":"wp","href":"https:\/\/api.w.org\/{rel}","templated":true}]}}