{"id":5916,"date":"2023-04-28T18:09:35","date_gmt":"2023-04-28T15:09:35","guid":{"rendered":"https:\/\/aridamlasi.com\/nar-eksisi\/"},"modified":"2023-07-18T16:15:10","modified_gmt":"2023-07-18T13:15:10","slug":"pomegranate-sour","status":"publish","type":"page","link":"https:\/\/aridamlasi.com\/en\/pomegranate-sour\/","title":{"rendered":"Pomegranate Sour"},"content":{"rendered":"<p>Nar Ek\u015fisi<br \/>\nline<br \/>\nhide<\/p>\n<p><img decoding=\"async\" src=\"https:\/\/aridamlasi.com\/wp-content\/uploads\/2022\/03\/Ari-Damlasi-Nar-Eksisi-340g.png\" alt=\"Ari-Damlasi-Nar-Eksisi-340g\" \/><br \/>\nfull<br \/>\ncontain<br \/>\ncenter center<br \/>\nhide<\/p>\n<p>Nar ek\u015fisi,\u00a0nar\u00a0suyunun i\u00e7indeki \u015fekerin karamelize olmas\u0131n\u0131 sa\u011flay\u0131p suyunun u\u00e7urulmas\u0131yla elde edilen bir \u00fcr\u00fcnd\u00fcr. Mayho\u015f ve tatl\u0131 bir tad\u0131 vard\u0131r,\u00a0balzamik sirkeyi\u00a0and\u0131r\u0131r.\u00a0Hatay\\&#8217;\u0131n nar ek\u015fisi me\u015fhurdur, fakat sadece Hatay\\&#8217;da kullan\u0131lmamaktad\u0131r. T\u00fcm g\u00fcney mutfa\u011f\u0131nda kullan\u0131lan bir malzemedir.Nar ek\u015fisi genelde\u00a0salata sosu\u00a0olarak kullan\u0131l\u0131r.\u00dcr\u00fcn\u00fcm\u00fczde koruyucu ve renklendirici bulunmamaktad\u0131r.<br \/>\nhide<\/p>\n","protected":false},"excerpt":{"rendered":"<p>Nar Ek\u015fisi line hide full contain center center hide Nar ek\u015fisi,\u00a0nar\u00a0suyunun i\u00e7indeki \u015fekerin karamelize olmas\u0131n\u0131 sa\u011flay\u0131p suyunun u\u00e7urulmas\u0131yla elde edilen bir \u00fcr\u00fcnd\u00fcr. Mayho\u015f ve tatl\u0131 bir<span class=\"excerpt-hellip\"> [\u2026]<\/span><\/p>\n","protected":false},"author":1,"featured_media":0,"parent":0,"menu_order":0,"comment_status":"closed","ping_status":"closed","template":"","meta":{"_joinchat":[],"footnotes":""},"class_list":["post-5916","page","type-page","status-publish","hentry"],"_links":{"self":[{"href":"https:\/\/aridamlasi.com\/en\/wp-json\/wp\/v2\/pages\/5916","targetHints":{"allow":["GET"]}}],"collection":[{"href":"https:\/\/aridamlasi.com\/en\/wp-json\/wp\/v2\/pages"}],"about":[{"href":"https:\/\/aridamlasi.com\/en\/wp-json\/wp\/v2\/types\/page"}],"author":[{"embeddable":true,"href":"https:\/\/aridamlasi.com\/en\/wp-json\/wp\/v2\/users\/1"}],"replies":[{"embeddable":true,"href":"https:\/\/aridamlasi.com\/en\/wp-json\/wp\/v2\/comments?post=5916"}],"version-history":[{"count":0,"href":"https:\/\/aridamlasi.com\/en\/wp-json\/wp\/v2\/pages\/5916\/revisions"}],"wp:attachment":[{"href":"https:\/\/aridamlasi.com\/en\/wp-json\/wp\/v2\/media?parent=5916"}],"curies":[{"name":"wp","href":"https:\/\/api.w.org\/{rel}","templated":true}]}}