{"id":36,"date":"2022-02-07T08:07:09","date_gmt":"2022-02-07T08:07:09","guid":{"rendered":"http:\/\/www.xmedya.com.tr\/aridamlasi\/?page_id=36"},"modified":"2022-02-07T08:07:09","modified_gmt":"2022-02-07T08:07:09","slug":"kurumsal-5","status":"publish","type":"page","link":"https:\/\/aridamlasi.com\/tr\/kurumsal-5\/","title":{"rendered":"Kurumsal"},"content":{"rendered":"\t\t<div data-elementor-type=\"wp-page\" data-elementor-id=\"36\" class=\"elementor elementor-36\">\n\t\t\t\t\t\t<section class=\"elementor-section elementor-top-section elementor-element elementor-element-8dc849f elementor-section-stretched elementor-section-boxed elementor-section-height-default elementor-section-height-default\" data-id=\"8dc849f\" data-element_type=\"section\" data-settings=\"{&quot;stretch_section&quot;:&quot;section-stretched&quot;}\">\n\t\t\t\t\t\t<div class=\"elementor-container elementor-column-gap-default\">\n\t\t\t\t\t<div class=\"elementor-column elementor-col-66 elementor-top-column elementor-element elementor-element-6fa8c6e\" data-id=\"6fa8c6e\" data-element_type=\"column\">\n\t\t\t<div class=\"elementor-widget-wrap elementor-element-populated\">\n\t\t\t\t\t\t<div class=\"elementor-element elementor-element-22124f0 elementor-widget elementor-widget-heading\" data-id=\"22124f0\" data-element_type=\"widget\" data-widget_type=\"heading.default\">\n\t\t\t\t<div class=\"elementor-widget-container\">\n\t\t\t\t\t<h4 class=\"elementor-heading-title elementor-size-default\">Sadece Do\u011fal<\/h4>\t\t\t\t<\/div>\n\t\t\t\t<\/div>\n\t\t\t\t<div class=\"elementor-element elementor-element-43c1563 elementor-widget elementor-widget-text-editor\" data-id=\"43c1563\" data-element_type=\"widget\" data-widget_type=\"text-editor.default\">\n\t\t\t\t<div class=\"elementor-widget-container\">\n\t\t\t\t\t\t\t\t\t<p>Do\u011fas\u0131na m\u00fcdahale edilmemi\u015f safl\u0131\u011f\u0131 seviyoruz biz. Teknolojiden uzak, sanayinin tahrip edici etkilerinin \u00e7ok uza\u011f\u0131nda Anadolu\u2019muzun u\u00e7suz bucaks\u0131z y\u00fckseltilerinde, kaliteli \u00fcr\u00fcnler i\u00e7in en elveri\u015fli bitki ve \u00e7i\u00e7ek armonisini bar\u0131nd\u0131ran do\u011fas\u0131d\u0131r bizim kayna\u011f\u0131m\u0131z. Bu y\u00fczden Ar\u0131 Damlas\u0131 markal\u0131 \u00fcr\u00fcnleri el de\u011fmemi\u015f do\u011fan\u0131n benzersiz rayihas\u0131n\u0131 hemen fark eder, tad\u0131na doyamazs\u0131n\u0131z. Ar\u0131 Damlas\u0131 \u00fcr\u00fcnleri bu y\u00fczden ger\u00e7ek enerji demektir, lezzet, sa\u011fl\u0131k, din\u00e7lik ve \u015fifa demektir.<\/p>\t\t\t\t\t\t\t\t<\/div>\n\t\t\t\t<\/div>\n\t\t\t\t<div class=\"elementor-element elementor-element-e6454d4 elementor-widget elementor-widget-heading\" data-id=\"e6454d4\" data-element_type=\"widget\" data-widget_type=\"heading.default\">\n\t\t\t\t<div class=\"elementor-widget-container\">\n\t\t\t\t\t<h4 class=\"elementor-heading-title elementor-size-default\">Biz Sadece Do\u011fa \u0130le Aran\u0131zdaki Arac\u0131lar\u0131z<\/h4>\t\t\t\t<\/div>\n\t\t\t\t<\/div>\n\t\t\t\t<div class=\"elementor-element elementor-element-81d1028 elementor-widget elementor-widget-text-editor\" data-id=\"81d1028\" data-element_type=\"widget\" data-widget_type=\"text-editor.default\">\n\t\t\t\t<div class=\"elementor-widget-container\">\n\t\t\t\t\t\t\t\t\t<p>Do\u011fan\u0131n o mucizevi de\u011ferini insanl\u0131\u011f\u0131n ilk a\u011f\u0131z tad\u0131n\u0131 hi\u00e7 bozmadan sizlere sunabilmektir yegane amac\u0131m\u0131z. Tabiat\u0131n o kendine has b\u00fcy\u00fcs\u00fc i\u00e7inde \u00f6z\u00fcn\u00fc toplad\u0131klar\u0131 \u00fcr\u00fcnlere hi\u00e7 m\u00fcdahale etmeden, do\u011fadan gelen o e\u015fsiz lezzeti sizlere sunabilmektir bizim mutlulu\u011fumuz. D\u00fcnyan\u0131n en zengin ve bakir floras\u0131na sahip y\u00f6relerimizin el de\u011fmemi\u015f do\u011fas\u0131 i\u00e7inde derlenmi\u015f d\u00fcnyan\u0131n en kaliteli \u00fcr\u00fcnleri size ula\u015ft\u0131rmakt\u0131r bizim mutlulu\u011fumuz. \u00c7\u00fcnk\u00fc biz biliyoruz ki b\u00fct\u00fcn \u015fifalar\u0131n hazinesi bitkilerdedir. Bu y\u00fczden biz daha sa\u011fl\u0131kl\u0131 bir nesil i\u00e7in sadece do\u011fal \u00fcr\u00fcnler \u00fcretiyoruz. Ar\u0131 Damlas\u0131 bu \u00fcretim hassasiyeti ve sosyal sorumluluk bilinciyle sadece T\u00fcrkiye&#8217;nin de\u011fil d\u00fcnyan\u0131n en g\u00fcvenilir do\u011fal \u00fcr\u00fcnler \u00fcreticisi ve markas\u0131 olma yolunda yat\u0131r\u0131mlar\u0131n\u0131 ve pazar a\u011f\u0131n\u0131 b\u00fcy\u00fctmektedir.<\/p>\t\t\t\t\t\t\t\t<\/div>\n\t\t\t\t<\/div>\n\t\t\t\t<div class=\"elementor-element elementor-element-59ccc48 elementor-widget elementor-widget-heading\" data-id=\"59ccc48\" data-element_type=\"widget\" data-widget_type=\"heading.default\">\n\t\t\t\t<div class=\"elementor-widget-container\">\n\t\t\t\t\t<h4 class=\"elementor-heading-title elementor-size-default\">Do\u011fadan Bir Damla...<\/h4>\t\t\t\t<\/div>\n\t\t\t\t<\/div>\n\t\t\t\t<div class=\"elementor-element elementor-element-84d2eb8 elementor-widget elementor-widget-text-editor\" data-id=\"84d2eb8\" data-element_type=\"widget\" data-widget_type=\"text-editor.default\">\n\t\t\t\t<div class=\"elementor-widget-container\">\n\t\t\t\t\t\t\t\t\t<p>Ya\u015fam kalitesine \u00f6nem verenler beslenmenin \u00f6nemini de bilirler. B\u00fcy\u00fck kent ya\u015fam\u0131n\u0131n h\u0131zl\u0131 temposu i\u00e7erisinde \u00e7o\u011fu kez g\u00f6zden ka\u00e7\u0131r\u0131lan, ihmal edilen do\u011fru beslenme al\u0131\u015fkanl\u0131\u011f\u0131, sonu\u00e7ta daha sa\u011fl\u0131ks\u0131z, daha verimsiz olmam\u0131za sebep olur, istenmeyen pek \u00e7ok hastal\u0131\u011fa da davetiye \u00e7\u0131kar\u0131r. \u0130\u015fte bu y\u00fczden Ar\u0131 Damlas\u0131, do\u011fru ve sa\u011fl\u0131kl\u0131 beslenmeye katk\u0131da bulunmak, verimli ve mutlu bir hayata destekte bulunmak i\u00e7in do\u011fal, lezzetli ve sa\u011fl\u0131kl\u0131 \u00fcr\u00fcnler sunmay\u0131 kuruldu\u011fu g\u00fcnden itibaren ana ilke olarak benimsemi\u015ftir.<\/p>\t\t\t\t\t\t\t\t<\/div>\n\t\t\t\t<\/div>\n\t\t\t\t<div class=\"elementor-element elementor-element-b38a8e0 elementor-widget elementor-widget-heading\" data-id=\"b38a8e0\" data-element_type=\"widget\" data-widget_type=\"heading.default\">\n\t\t\t\t<div class=\"elementor-widget-container\">\n\t\t\t\t\t<h4 class=\"elementor-heading-title elementor-size-default\">Sadece Memnuniyetiniz<\/h4>\t\t\t\t<\/div>\n\t\t\t\t<\/div>\n\t\t\t\t<div class=\"elementor-element elementor-element-5c22f98 elementor-widget elementor-widget-text-editor\" data-id=\"5c22f98\" data-element_type=\"widget\" data-widget_type=\"text-editor.default\">\n\t\t\t\t<div class=\"elementor-widget-container\">\n\t\t\t\t\t\t\t\t\t<p>Ar\u0131 Damlas\u0131, T\u00fcrkiye ve D\u00fcnya pazar\u0131nda \u00f6zel bir \u00fcr\u00fcnler markas\u0131d\u0131r. T\u00fcketicinin temel beklentisinin saf do\u011fal ve y\u00fcksek kaliteli \u00fcr\u00fcnler oldu\u011funun fark\u0131nda olan, bu ama\u00e7la \u00fcr\u00fcn temininden \u00fcretimin son a\u015famas\u0131na kadar sadece y\u00fcksek kaliteli \u00fcr\u00fcn \u00fcretmeyi ilke edinen bir kalite anlay\u0131\u015f\u0131na sahiptir. Ar\u0131 Damlas\u0131 \u00fcretti\u011fi t\u00fcm \u00fcr\u00fcnleri y\u00fcksek kalitesini asla bozmadan m\u00fc\u015fteri memnuniyetini ve s\u00fcreklili\u011fini esas alarak \u00fcretim yapmaktad\u0131r. Bug\u00fcn T\u00fcrkiye ve D\u00fcnya&#8217;da Ar\u0131 Damlas\u0131 \u00fcr\u00fcnleri ile tan\u0131\u015farak y\u00fcksek kaliteli \u00fcr\u00fcnlerinin keyfini alan her m\u00fc\u015fteri Ar\u0131 Damlas\u0131 ailesinin do\u011fal bir ferdi olman\u0131n mutlulu\u011funu ya\u015f\u0131yor. \u00c7\u00fcnk\u00fc Ar\u0131 Damlas\u0131 \u00f6zel m\u00fc\u015fterileri i\u00e7in sadece do\u011fal \u00fcr\u00fcnler \u00fcretir.<\/p>\t\t\t\t\t\t\t\t<\/div>\n\t\t\t\t<\/div>\n\t\t\t\t<div class=\"elementor-element elementor-element-414d12b elementor-widget elementor-widget-heading\" data-id=\"414d12b\" data-element_type=\"widget\" data-widget_type=\"heading.default\">\n\t\t\t\t<div class=\"elementor-widget-container\">\n\t\t\t\t\t<h4 class=\"elementor-heading-title elementor-size-default\">Sadece Y\u00fcksek Standartlar<\/h4>\t\t\t\t<\/div>\n\t\t\t\t<\/div>\n\t\t\t\t<div class=\"elementor-element elementor-element-36310cc elementor-widget elementor-widget-text-editor\" data-id=\"36310cc\" data-element_type=\"widget\" data-widget_type=\"text-editor.default\">\n\t\t\t\t<div class=\"elementor-widget-container\">\n\t\t\t\t\t\t\t\t\t<p>Ar\u0131 Damlas\u0131 i\u00e7in \u00fcretim, y\u00fczde y\u00fcz hijyen ve steril bir ortamda \u00f6zenle derledi\u011fi y\u00fcksek kaliteli \u00fcr\u00fcnlerinin do\u011fas\u0131na m\u00fcdahale etmeden, do\u011fan\u0131n ger\u00e7ek mucizesini sizlere ula\u015ft\u0131rma s\u00fcrecidir. Ar\u0131 Damlas\u0131, en son teknolojik \u00fcretim yap\u0131s\u0131yla, laboratuvar \u00e7al\u0131\u015fmalar\u0131yla destekledi\u011fi \u00fcretim a\u015famalar\u0131nda profesyonel kadrosuyla sizlere daima y\u00fcksek kaliteli \u00fcr\u00fcn y\u00fcksek \u00fcretim standartlar\u0131yla ula\u015ft\u0131rmaktad\u0131r. Bu y\u00fczden Ar\u0131 Damlas\u0131 markal\u0131 her \u00fcr\u00fcnde ayn\u0131 kaliteyi ve g\u00fcveni bulursunuz. Ar\u0131 Damlas\u0131 \u00fcr\u00fcnlerinin tutkusuna d\u00f6n\u00fc\u015ft\u00fcren de, \u00fcr\u00fcn temininde oldu\u011fu kadar \u00fcretimde uygulanan y\u00fcksek standart ve hassasiyettir.<\/p>\t\t\t\t\t\t\t\t<\/div>\n\t\t\t\t<\/div>\n\t\t\t\t\t<\/div>\n\t\t<\/div>\n\t\t\t\t<div class=\"elementor-column elementor-col-33 elementor-top-column elementor-element elementor-element-96321d2\" data-id=\"96321d2\" data-element_type=\"column\">\n\t\t\t<div class=\"elementor-widget-wrap elementor-element-populated\">\n\t\t\t\t\t\t<div class=\"elementor-element elementor-element-a75bfe0 elementor-widget elementor-widget-heading\" data-id=\"a75bfe0\" data-element_type=\"widget\" data-widget_type=\"heading.default\">\n\t\t\t\t<div class=\"elementor-widget-container\">\n\t\t\t\t\t<h4 class=\"elementor-heading-title elementor-size-default\">Sertifikalar<\/h4>\t\t\t\t<\/div>\n\t\t\t\t<\/div>\n\t\t\t\t<div class=\"elementor-element elementor-element-9e3876a elementor-pagination-position-outside elementor-widget elementor-widget-image-carousel\" data-id=\"9e3876a\" data-element_type=\"widget\" data-settings=\"{&quot;slides_to_show&quot;:&quot;1&quot;,&quot;navigation&quot;:&quot;dots&quot;,&quot;autoplay&quot;:&quot;yes&quot;,&quot;pause_on_hover&quot;:&quot;yes&quot;,&quot;pause_on_interaction&quot;:&quot;yes&quot;,&quot;autoplay_speed&quot;:5000,&quot;infinite&quot;:&quot;yes&quot;,&quot;effect&quot;:&quot;slide&quot;,&quot;speed&quot;:500}\" data-widget_type=\"image-carousel.default\">\n\t\t\t\t<div class=\"elementor-widget-container\">\n\t\t\t\t\t\t\t<div class=\"elementor-image-carousel-wrapper swiper\" role=\"region\" aria-roledescription=\"carousel\" aria-label=\"Resim D\u00f6ng\u00fcs\u00fc\" dir=\"ltr\">\n\t\t\t<div class=\"elementor-image-carousel swiper-wrapper\" aria-live=\"off\">\n\t\t\t\t\t\t\t\t<div class=\"swiper-slide\" role=\"group\" aria-roledescription=\"slide\" aria-label=\"1 \/ 6\"><a data-elementor-open-lightbox=\"yes\" data-elementor-lightbox-slideshow=\"9e3876a\" data-e-action-hash=\"#elementor-action%3Aaction%3Dlightbox%26settings%3DeyJpZCI6NDIsInVybCI6ZmFsc2UsInNsaWRlc2hvdyI6IjllMzg3NmEifQ%3D%3D\"><figure class=\"swiper-slide-inner\"><img decoding=\"async\" class=\"swiper-slide-image\" src=\"http:\/\/www.xmedya.com.tr\/aridamlasi\/wp-content\/uploads\/2022\/02\/ari-damlasi-marka-1.jpg\" alt=\"\" \/><\/figure><\/a><\/div><div class=\"swiper-slide\" role=\"group\" aria-roledescription=\"slide\" aria-label=\"2 \/ 6\"><a data-elementor-open-lightbox=\"yes\" data-elementor-lightbox-slideshow=\"9e3876a\" data-elementor-lightbox-title=\"ari-damlasi-marka-1.jpg\" data-e-action-hash=\"#elementor-action%3Aaction%3Dlightbox%26settings%3DeyJpZCI6NDMsInVybCI6Imh0dHBzOlwvXC9hcmlkYW1sYXNpLmNvbVwvd3AtY29udGVudFwvdXBsb2Fkc1wvMjAyMlwvMDNcL2FyaS1kYW1sYXNpLW1hcmthLTEuanBnIiwic2xpZGVzaG93IjoiOWUzODc2YSJ9\" href=\"https:\/\/aridamlasi.com\/wp-content\/uploads\/2022\/03\/ari-damlasi-marka-1.jpg\"><figure class=\"swiper-slide-inner\"><img decoding=\"async\" class=\"swiper-slide-image\" src=\"https:\/\/aridamlasi.com\/wp-content\/uploads\/2022\/03\/ari-damlasi-marka-1-745x1024.jpg\" alt=\"ari-damlasi-marka-1.jpg\" \/><\/figure><\/a><\/div><div class=\"swiper-slide\" role=\"group\" aria-roledescription=\"slide\" aria-label=\"3 \/ 6\"><a data-elementor-open-lightbox=\"yes\" data-elementor-lightbox-slideshow=\"9e3876a\" data-elementor-lightbox-title=\"gastro-marka-tescil.jpg\" data-e-action-hash=\"#elementor-action%3Aaction%3Dlightbox%26settings%3DeyJpZCI6NDQsInVybCI6Imh0dHBzOlwvXC9hcmlkYW1sYXNpLmNvbVwvd3AtY29udGVudFwvdXBsb2Fkc1wvMjAyMlwvMDNcL2dhc3Ryby1tYXJrYS10ZXNjaWwuanBnIiwic2xpZGVzaG93IjoiOWUzODc2YSJ9\" href=\"https:\/\/aridamlasi.com\/wp-content\/uploads\/2022\/03\/gastro-marka-tescil.jpg\"><figure class=\"swiper-slide-inner\"><img decoding=\"async\" class=\"swiper-slide-image\" src=\"https:\/\/aridamlasi.com\/wp-content\/uploads\/2022\/03\/gastro-marka-tescil-745x1024.jpg\" alt=\"gastro-marka-tescil.jpg\" \/><\/figure><\/a><\/div><div class=\"swiper-slide\" role=\"group\" aria-roledescription=\"slide\" aria-label=\"4 \/ 6\"><a data-elementor-open-lightbox=\"yes\" data-elementor-lightbox-slideshow=\"9e3876a\" data-elementor-lightbox-title=\"helal-sertifikasi.jpg\" data-e-action-hash=\"#elementor-action%3Aaction%3Dlightbox%26settings%3DeyJpZCI6NDUsInVybCI6Imh0dHBzOlwvXC9hcmlkYW1sYXNpLmNvbVwvd3AtY29udGVudFwvdXBsb2Fkc1wvMjAyMlwvMDNcL2hlbGFsLXNlcnRpZmlrYXNpLmpwZyIsInNsaWRlc2hvdyI6IjllMzg3NmEifQ%3D%3D\" href=\"https:\/\/aridamlasi.com\/wp-content\/uploads\/2022\/03\/helal-sertifikasi.jpg\"><figure class=\"swiper-slide-inner\"><img decoding=\"async\" class=\"swiper-slide-image\" src=\"https:\/\/aridamlasi.com\/wp-content\/uploads\/2022\/03\/helal-sertifikasi-745x1024.jpg\" alt=\"helal-sertifikasi.jpg\" \/><\/figure><\/a><\/div><div class=\"swiper-slide\" role=\"group\" aria-roledescription=\"slide\" aria-label=\"5 \/ 6\"><a data-elementor-open-lightbox=\"yes\" data-elementor-lightbox-slideshow=\"9e3876a\" data-elementor-lightbox-title=\"ISO-9001-2015-Sertifikasi-1.jpg\" data-e-action-hash=\"#elementor-action%3Aaction%3Dlightbox%26settings%3DeyJpZCI6NDYsInVybCI6Imh0dHBzOlwvXC9hcmlkYW1sYXNpLmNvbVwvd3AtY29udGVudFwvdXBsb2Fkc1wvMjAyMlwvMDNcL0lTTy05MDAxLTIwMTUtU2VydGlmaWthc2ktMS5qcGciLCJzbGlkZXNob3ciOiI5ZTM4NzZhIn0%3D\" href=\"https:\/\/aridamlasi.com\/wp-content\/uploads\/2022\/03\/ISO-9001-2015-Sertifikasi-1.jpg\"><figure class=\"swiper-slide-inner\"><img decoding=\"async\" class=\"swiper-slide-image\" src=\"https:\/\/aridamlasi.com\/wp-content\/uploads\/2022\/03\/ISO-9001-2015-Sertifikasi-1-724x1024.jpg\" alt=\"ISO-9001-2015-Sertifikasi-1.jpg\" \/><\/figure><\/a><\/div><div class=\"swiper-slide\" role=\"group\" aria-roledescription=\"slide\" aria-label=\"6 \/ 6\"><a data-elementor-open-lightbox=\"yes\" data-elementor-lightbox-slideshow=\"9e3876a\" data-elementor-lightbox-title=\"ISO-22000-2005-Sertifikasi-1.jpg\" data-e-action-hash=\"#elementor-action%3Aaction%3Dlightbox%26settings%3DeyJpZCI6NDcsInVybCI6Imh0dHBzOlwvXC9hcmlkYW1sYXNpLmNvbVwvd3AtY29udGVudFwvdXBsb2Fkc1wvMjAyMlwvMDNcL0lTTy0yMjAwMC0yMDA1LVNlcnRpZmlrYXNpLTEuanBnIiwic2xpZGVzaG93IjoiOWUzODc2YSJ9\" href=\"https:\/\/aridamlasi.com\/wp-content\/uploads\/2022\/03\/ISO-22000-2005-Sertifikasi-1.jpg\"><figure class=\"swiper-slide-inner\"><img decoding=\"async\" class=\"swiper-slide-image\" src=\"https:\/\/aridamlasi.com\/wp-content\/uploads\/2022\/03\/ISO-22000-2005-Sertifikasi-1-724x1024.jpg\" alt=\"ISO-22000-2005-Sertifikasi-1.jpg\" \/><\/figure><\/a><\/div>\t\t\t<\/div>\n\t\t\t\t\t\t\t\n\t\t\t\t\t\t\t\t\t<div class=\"swiper-pagination\"><\/div>\n\t\t\t\t\t\t\t\t\t<\/div>\n\t\t\t\t\t\t<\/div>\n\t\t\t\t<\/div>\n\t\t\t\t<div class=\"elementor-element elementor-element-cb6973c elementor-widget elementor-widget-heading\" data-id=\"cb6973c\" data-element_type=\"widget\" data-widget_type=\"heading.default\">\n\t\t\t\t<div class=\"elementor-widget-container\">\n\t\t\t\t\t<h4 class=\"elementor-heading-title elementor-size-default\">Galeri<\/h4>\t\t\t\t<\/div>\n\t\t\t\t<\/div>\n\t\t\t\t<div class=\"elementor-element elementor-element-46cfdb9 elementor-pagination-position-outside elementor-widget elementor-widget-image-carousel\" data-id=\"46cfdb9\" data-element_type=\"widget\" data-settings=\"{&quot;slides_to_show&quot;:&quot;1&quot;,&quot;navigation&quot;:&quot;dots&quot;,&quot;autoplay&quot;:&quot;yes&quot;,&quot;pause_on_hover&quot;:&quot;yes&quot;,&quot;pause_on_interaction&quot;:&quot;yes&quot;,&quot;autoplay_speed&quot;:5000,&quot;infinite&quot;:&quot;yes&quot;,&quot;effect&quot;:&quot;slide&quot;,&quot;speed&quot;:500}\" data-widget_type=\"image-carousel.default\">\n\t\t\t\t<div class=\"elementor-widget-container\">\n\t\t\t\t\t\t\t<div class=\"elementor-image-carousel-wrapper swiper\" role=\"region\" aria-roledescription=\"carousel\" aria-label=\"Resim D\u00f6ng\u00fcs\u00fc\" dir=\"ltr\">\n\t\t\t<div class=\"elementor-image-carousel swiper-wrapper\" aria-live=\"off\">\n\t\t\t\t\t\t\t\t<div class=\"swiper-slide\" role=\"group\" aria-roledescription=\"slide\" aria-label=\"1 \/ 6\"><a data-elementor-open-lightbox=\"yes\" data-elementor-lightbox-slideshow=\"46cfdb9\" data-elementor-lightbox-title=\"tarim-isletme-kayit.jpg\" data-e-action-hash=\"#elementor-action%3Aaction%3Dlightbox%26settings%3DeyJpZCI6NDgsInVybCI6Imh0dHBzOlwvXC9hcmlkYW1sYXNpLmNvbVwvd3AtY29udGVudFwvdXBsb2Fkc1wvMjAyMlwvMDNcL3RhcmltLWlzbGV0bWUta2F5aXQuanBnIiwic2xpZGVzaG93IjoiNDZjZmRiOSJ9\" href=\"https:\/\/aridamlasi.com\/wp-content\/uploads\/2022\/03\/tarim-isletme-kayit.jpg\"><figure class=\"swiper-slide-inner\"><img decoding=\"async\" class=\"swiper-slide-image\" src=\"https:\/\/aridamlasi.com\/wp-content\/uploads\/2022\/03\/tarim-isletme-kayit-745x1024.jpg\" alt=\"tarim-isletme-kayit.jpg\" \/><\/figure><\/a><\/div><div class=\"swiper-slide\" role=\"group\" aria-roledescription=\"slide\" aria-label=\"2 \/ 6\"><a data-elementor-open-lightbox=\"yes\" data-elementor-lightbox-slideshow=\"46cfdb9\" data-elementor-lightbox-title=\"f1.jpg\" data-e-action-hash=\"#elementor-action%3Aaction%3Dlightbox%26settings%3DeyJpZCI6NDksInVybCI6Imh0dHBzOlwvXC9hcmlkYW1sYXNpLmNvbVwvd3AtY29udGVudFwvdXBsb2Fkc1wvMjAyMlwvMDNcL2YxLmpwZyIsInNsaWRlc2hvdyI6IjQ2Y2ZkYjkifQ%3D%3D\" href=\"https:\/\/aridamlasi.com\/wp-content\/uploads\/2022\/03\/f1.jpg\"><figure class=\"swiper-slide-inner\"><img decoding=\"async\" class=\"swiper-slide-image\" src=\"https:\/\/aridamlasi.com\/wp-content\/uploads\/2022\/03\/f1.jpg\" alt=\"f1.jpg\" \/><\/figure><\/a><\/div><div class=\"swiper-slide\" role=\"group\" aria-roledescription=\"slide\" aria-label=\"3 \/ 6\"><a data-elementor-open-lightbox=\"yes\" data-elementor-lightbox-slideshow=\"46cfdb9\" data-elementor-lightbox-title=\"f2.jpg\" data-e-action-hash=\"#elementor-action%3Aaction%3Dlightbox%26settings%3DeyJpZCI6NTAsInVybCI6Imh0dHBzOlwvXC9hcmlkYW1sYXNpLmNvbVwvd3AtY29udGVudFwvdXBsb2Fkc1wvMjAyMlwvMDNcL2YyLmpwZyIsInNsaWRlc2hvdyI6IjQ2Y2ZkYjkifQ%3D%3D\" href=\"https:\/\/aridamlasi.com\/wp-content\/uploads\/2022\/03\/f2.jpg\"><figure class=\"swiper-slide-inner\"><img decoding=\"async\" class=\"swiper-slide-image\" src=\"https:\/\/aridamlasi.com\/wp-content\/uploads\/2022\/03\/f2.jpg\" alt=\"f2.jpg\" \/><\/figure><\/a><\/div><div class=\"swiper-slide\" role=\"group\" aria-roledescription=\"slide\" aria-label=\"4 \/ 6\"><a data-elementor-open-lightbox=\"yes\" data-elementor-lightbox-slideshow=\"46cfdb9\" data-elementor-lightbox-title=\"f3.jpg\" data-e-action-hash=\"#elementor-action%3Aaction%3Dlightbox%26settings%3DeyJpZCI6NTEsInVybCI6Imh0dHBzOlwvXC9hcmlkYW1sYXNpLmNvbVwvd3AtY29udGVudFwvdXBsb2Fkc1wvMjAyMlwvMDNcL2YzLmpwZyIsInNsaWRlc2hvdyI6IjQ2Y2ZkYjkifQ%3D%3D\" href=\"https:\/\/aridamlasi.com\/wp-content\/uploads\/2022\/03\/f3.jpg\"><figure class=\"swiper-slide-inner\"><img decoding=\"async\" class=\"swiper-slide-image\" src=\"https:\/\/aridamlasi.com\/wp-content\/uploads\/2022\/03\/f3.jpg\" alt=\"f3.jpg\" \/><\/figure><\/a><\/div><div class=\"swiper-slide\" role=\"group\" aria-roledescription=\"slide\" aria-label=\"5 \/ 6\"><a data-elementor-open-lightbox=\"yes\" data-elementor-lightbox-slideshow=\"46cfdb9\" data-elementor-lightbox-title=\"f4.jpg\" data-e-action-hash=\"#elementor-action%3Aaction%3Dlightbox%26settings%3DeyJpZCI6NTIsInVybCI6Imh0dHBzOlwvXC9hcmlkYW1sYXNpLmNvbVwvd3AtY29udGVudFwvdXBsb2Fkc1wvMjAyMlwvMDNcL2Y0LmpwZyIsInNsaWRlc2hvdyI6IjQ2Y2ZkYjkifQ%3D%3D\" href=\"https:\/\/aridamlasi.com\/wp-content\/uploads\/2022\/03\/f4.jpg\"><figure class=\"swiper-slide-inner\"><img decoding=\"async\" class=\"swiper-slide-image\" src=\"https:\/\/aridamlasi.com\/wp-content\/uploads\/2022\/03\/f4.jpg\" alt=\"f4.jpg\" \/><\/figure><\/a><\/div><div class=\"swiper-slide\" role=\"group\" aria-roledescription=\"slide\" aria-label=\"6 \/ 6\"><a data-elementor-open-lightbox=\"yes\" data-elementor-lightbox-slideshow=\"46cfdb9\" data-elementor-lightbox-title=\"f5.jpg\" data-e-action-hash=\"#elementor-action%3Aaction%3Dlightbox%26settings%3DeyJpZCI6NTMsInVybCI6Imh0dHBzOlwvXC9hcmlkYW1sYXNpLmNvbVwvd3AtY29udGVudFwvdXBsb2Fkc1wvMjAyMlwvMDNcL2Y1LmpwZyIsInNsaWRlc2hvdyI6IjQ2Y2ZkYjkifQ%3D%3D\" href=\"https:\/\/aridamlasi.com\/wp-content\/uploads\/2022\/03\/f5.jpg\"><figure class=\"swiper-slide-inner\"><img decoding=\"async\" class=\"swiper-slide-image\" src=\"https:\/\/aridamlasi.com\/wp-content\/uploads\/2022\/03\/f5.jpg\" alt=\"f5.jpg\" \/><\/figure><\/a><\/div>\t\t\t<\/div>\n\t\t\t\t\t\t\t\n\t\t\t\t\t\t\t\t\t<div class=\"swiper-pagination\"><\/div>\n\t\t\t\t\t\t\t\t\t<\/div>\n\t\t\t\t\t\t<\/div>\n\t\t\t\t<\/div>\n\t\t\t\t\t<\/div>\n\t\t<\/div>\n\t\t\t\t\t<\/div>\n\t\t<\/section>\n\t\t\t\t<\/div>\n\t\t","protected":false},"excerpt":{"rendered":"<p>Sadece Do\u011fal Do\u011fas\u0131na m\u00fcdahale edilmemi\u015f safl\u0131\u011f\u0131 seviyoruz biz. Teknolojiden uzak, sanayinin tahrip edici etkilerinin \u00e7ok uza\u011f\u0131nda Anadolu\u2019muzun u\u00e7suz bucaks\u0131z y\u00fckseltilerinde, kaliteli \u00fcr\u00fcnler i\u00e7in en elveri\u015fli bitki<span class=\"excerpt-hellip\"> [\u2026]<\/span><\/p>\n","protected":false},"author":1,"featured_media":0,"parent":0,"menu_order":0,"comment_status":"closed","ping_status":"closed","template":"","meta":{"_joinchat":[],"footnotes":""},"class_list":["post-36","page","type-page","status-publish","hentry"],"_links":{"self":[{"href":"https:\/\/aridamlasi.com\/tr\/wp-json\/wp\/v2\/pages\/36","targetHints":{"allow":["GET"]}}],"collection":[{"href":"https:\/\/aridamlasi.com\/tr\/wp-json\/wp\/v2\/pages"}],"about":[{"href":"https:\/\/aridamlasi.com\/tr\/wp-json\/wp\/v2\/types\/page"}],"author":[{"embeddable":true,"href":"https:\/\/aridamlasi.com\/tr\/wp-json\/wp\/v2\/users\/1"}],"replies":[{"embeddable":true,"href":"https:\/\/aridamlasi.com\/tr\/wp-json\/wp\/v2\/comments?post=36"}],"version-history":[{"count":0,"href":"https:\/\/aridamlasi.com\/tr\/wp-json\/wp\/v2\/pages\/36\/revisions"}],"wp:attachment":[{"href":"https:\/\/aridamlasi.com\/tr\/wp-json\/wp\/v2\/media?parent=36"}],"curies":[{"name":"wp","href":"https:\/\/api.w.org\/{rel}","templated":true}]}}