{"id":5169,"date":"2023-04-06T17:04:48","date_gmt":"2023-04-06T14:04:48","guid":{"rendered":"https:\/\/aridamlasi.fedze.com\/?page_id=5169"},"modified":"2023-07-05T13:39:06","modified_gmt":"2023-07-05T10:39:06","slug":"chestnut-honey","status":"publish","type":"page","link":"https:\/\/aridamlasi.com\/tr\/chestnut-honey\/","title":{"rendered":"Chestnut Honey"},"content":{"rendered":"<p>Kestane Bal\u0131<br \/>\nAr\u0131lar\u0131n kestane a\u011fac\u0131n\u0131n \u00e7i\u00e7eklerinden toplad\u0131\u011f\u0131 nektarlardan elde ettikleri bir \u00e7i\u00e7ek bal\u0131 t\u00fcr\u00fcd\u00fcr.<br \/>\nline<br \/>\nARI DAMLASI<br \/>\nhide<\/p>\n<p><img decoding=\"async\" src=\"https:\/\/aridamlasi.com\/wp-content\/uploads\/2022\/02\/Kestane-Bali-300-2.png\" alt=\"Kestane-Bali-300\" \/><br \/>\nfull<br \/>\ncontain<br \/>\ncenter center<br \/>\nhide<\/p>\n<p>Ar\u0131lar\u0131n kestane a\u011fac\u0131n\u0131n \u00e7i\u00e7eklerinden toplad\u0131\u011f\u0131 nektarlardan elde ettikleri bir \u00e7i\u00e7ek bal\u0131 t\u00fcr\u00fcd\u00fcr. Kestane bal\u0131, kestane a\u011fac\u0131 \u00e7i\u00e7eklerinden belli bir d\u00f6nemde toplanarak elde edilmektedir. Kestane a\u011fa\u00e7lar\u0131n\u0131n may\u0131s ve haziran aylar\u0131nda \u00e7i\u00e7eklenme d\u00f6neminde \u00fcretilir.Kestane bal\u0131 di\u011fer \u00e7i\u00e7ek ballar\u0131na g\u00f6re daha yo\u011fun k\u0131vaml\u0131 ve daha koyu renktedir. Tad\u0131 buruk ve ac\u0131ms\u0131d\u0131r. pH de\u011feri di\u011fer \u00e7i\u00e7ek ballar\u0131na g\u00f6re daha y\u00fcksektir. Fruktoz oran\u0131 glikoz oran\u0131ndan daha y\u00fcksek oldu\u011fu i\u00e7in daha ge\u00e7 kristalle\u015fir. Vitamin ve mineral de\u011ferleri en y\u00fcksek ballardand\u0131r.\u00dclkemizde \u00e7o\u011funlukla Karadeniz B\u00f6lgesinden toplanan ballar analizleri yap\u0131ld\u0131ktan sonra t\u00fcketiciye ula\u015ft\u0131r\u0131lmaktad\u0131r.22.04.2020 tarih ve 31107 say\u0131l\u0131 Resmi Gazete\u2019de yay\u0131mlanan T\u00fcrk G\u0131da Kodeksi Bal Tebli\u011fi\u2019ne uygun olarak \u00fcretilmi\u015ftir.T\u00fcrk G\u0131da Kodeksi gere\u011fince bal katk\u0131 maddesi i\u00e7ermez.<br \/>\nhide<\/p>\n","protected":false},"excerpt":{"rendered":"<p>Kestane Bal\u0131 Ar\u0131lar\u0131n kestane a\u011fac\u0131n\u0131n \u00e7i\u00e7eklerinden toplad\u0131\u011f\u0131 nektarlardan elde ettikleri bir \u00e7i\u00e7ek bal\u0131 t\u00fcr\u00fcd\u00fcr. line ARI DAMLASI hide full contain center center hide Ar\u0131lar\u0131n kestane a\u011fac\u0131n\u0131n<span class=\"excerpt-hellip\"> [\u2026]<\/span><\/p>\n","protected":false},"author":1,"featured_media":0,"parent":0,"menu_order":0,"comment_status":"closed","ping_status":"closed","template":"","meta":{"_joinchat":[],"footnotes":""},"class_list":["post-5169","page","type-page","status-publish","hentry"],"_links":{"self":[{"href":"https:\/\/aridamlasi.com\/tr\/wp-json\/wp\/v2\/pages\/5169","targetHints":{"allow":["GET"]}}],"collection":[{"href":"https:\/\/aridamlasi.com\/tr\/wp-json\/wp\/v2\/pages"}],"about":[{"href":"https:\/\/aridamlasi.com\/tr\/wp-json\/wp\/v2\/types\/page"}],"author":[{"embeddable":true,"href":"https:\/\/aridamlasi.com\/tr\/wp-json\/wp\/v2\/users\/1"}],"replies":[{"embeddable":true,"href":"https:\/\/aridamlasi.com\/tr\/wp-json\/wp\/v2\/comments?post=5169"}],"version-history":[{"count":0,"href":"https:\/\/aridamlasi.com\/tr\/wp-json\/wp\/v2\/pages\/5169\/revisions"}],"wp:attachment":[{"href":"https:\/\/aridamlasi.com\/tr\/wp-json\/wp\/v2\/media?parent=5169"}],"curies":[{"name":"wp","href":"https:\/\/api.w.org\/{rel}","templated":true}]}}