{"id":5171,"date":"2023-04-06T17:05:25","date_gmt":"2023-04-06T14:05:25","guid":{"rendered":"https:\/\/aridamlasi.fedze.com\/?page_id=5171"},"modified":"2023-06-23T13:52:56","modified_gmt":"2023-06-23T10:52:56","slug":"cam-bali-645-g","status":"publish","type":"page","link":"https:\/\/aridamlasi.com\/tr\/cam-bali-645-g\/","title":{"rendered":"\u00c7am Bal\u0131 645 g"},"content":{"rendered":"<p>\u00c7am Bal\u0131<br \/>\n\u00c7am Bal\u0131, baz\u0131 \u00e7am a\u011fa\u00e7lar\u0131 (Pinus brutia, P. nigra, P. pinea) \u00fczerinde ya\u015fayan Marchalina hellenica (ko\u015fnil)\u2019n\u0131n geli\u015fim d\u00f6neminde bu a\u011fa\u00e7lar\u0131n karbonhidrat\u00e7a zengin tatl\u0131 \u00f6zsuyundan olu\u015fturdu\u011fu bal \u00e7i\u011finin, bal ar\u0131lar\u0131 taraf\u0131ndan toplan\u0131p de\u011fi\u015fikli\u011fe u\u011fratarak \u00fcretti\u011fi salg\u0131 bal\u0131n\u0131 ifade etmektedir.<br \/>\nline<br \/>\nARI DAMLASI<br \/>\nhide<\/p>\n<p><img decoding=\"async\" src=\"https:\/\/aridamlasi.com\/wp-content\/uploads\/2022\/03\/Cam-Bali-645-AD-4.png\" alt=\"Cam-Bali-645-AD\" \/><br \/>\nfull<br \/>\ncontain<br \/>\ncenter center<br \/>\nhide<\/p>\n<p>\u00c7am Bal\u0131, baz\u0131 \u00e7am a\u011fa\u00e7lar\u0131 (Pinus brutia, P. nigra, P. pinea) \u00fczerinde ya\u015fayan Marchalina hellenica (ko\u015fnil)\u2019n\u0131n geli\u015fim d\u00f6neminde bu a\u011fa\u00e7lar\u0131n karbonhidrat\u00e7a zengin tatl\u0131 \u00f6zsuyundan olu\u015fturdu\u011fu bal \u00e7i\u011finin, bal ar\u0131lar\u0131 taraf\u0131ndan toplan\u0131p de\u011fi\u015fikli\u011fe u\u011fratarak \u00fcretti\u011fi salg\u0131 bal\u0131n\u0131 ifade etmektedir. \u00c7am bal\u0131 salg\u0131 ballar\u0131 aras\u0131nda en bilinenidir.Ege B\u00f6lgesinden toplanan ballar analizleri yap\u0131ld\u0131ktan sonra t\u00fcketiciye ula\u015ft\u0131r\u0131lmaktad\u0131r.\u00c7am bal\u0131 di\u011fer bal t\u00fcrlerine g\u00f6re rengi, kokusu, nem oran\u0131 bak\u0131m\u0131ndan farkl\u0131l\u0131k g\u00f6stermektedir.\u00c7am bal\u0131 \u00e7i\u00e7ek ballar\u0131na g\u00f6re daha koyu renktedir. \u00c7am ballar\u0131n\u0131n glikoz ve fr\u00fcktoz i\u00e7eri\u011fi \u00e7i\u00e7ek ballar\u0131na g\u00f6re daha d\u00fc\u015f\u00fckt\u00fcr. Daha az tatl\u0131d\u0131r ve bo\u011fazda yak\u0131c\u0131 bir his b\u0131rakmaz. \u00c7i\u00e7ek bal\u0131na oranla k\u0131vam\u0131 bozulmadan ve kristalle\u015fmeden uzun s\u00fcre saklanabilir.Ege B\u00f6lgesinden toplanan ballardan doldurulmu\u015ftur.22.04.2020 tarih ve 31107 say\u0131l\u0131 Resmi Gazete\u2019de yay\u0131mlanan T\u00fcrk G\u0131da Kodeksi Bal Tebli\u011fi\u2019ne uygun olarak \u00fcretilmi\u015ftir.T\u00fcrk G\u0131da Kodeksi gere\u011fince bal katk\u0131 maddesi i\u00e7ermez.<br \/>\nhide<\/p>\n","protected":false},"excerpt":{"rendered":"<p>\u00c7am Bal\u0131 \u00c7am Bal\u0131, baz\u0131 \u00e7am a\u011fa\u00e7lar\u0131 (Pinus brutia, P. nigra, P. pinea) \u00fczerinde ya\u015fayan Marchalina hellenica (ko\u015fnil)\u2019n\u0131n geli\u015fim d\u00f6neminde bu a\u011fa\u00e7lar\u0131n karbonhidrat\u00e7a zengin tatl\u0131 \u00f6zsuyundan<span class=\"excerpt-hellip\"> [\u2026]<\/span><\/p>\n","protected":false},"author":1,"featured_media":0,"parent":0,"menu_order":0,"comment_status":"closed","ping_status":"closed","template":"","meta":{"_joinchat":[],"footnotes":""},"class_list":["post-5171","page","type-page","status-publish","hentry"],"_links":{"self":[{"href":"https:\/\/aridamlasi.com\/tr\/wp-json\/wp\/v2\/pages\/5171","targetHints":{"allow":["GET"]}}],"collection":[{"href":"https:\/\/aridamlasi.com\/tr\/wp-json\/wp\/v2\/pages"}],"about":[{"href":"https:\/\/aridamlasi.com\/tr\/wp-json\/wp\/v2\/types\/page"}],"author":[{"embeddable":true,"href":"https:\/\/aridamlasi.com\/tr\/wp-json\/wp\/v2\/users\/1"}],"replies":[{"embeddable":true,"href":"https:\/\/aridamlasi.com\/tr\/wp-json\/wp\/v2\/comments?post=5171"}],"version-history":[{"count":0,"href":"https:\/\/aridamlasi.com\/tr\/wp-json\/wp\/v2\/pages\/5171\/revisions"}],"wp:attachment":[{"href":"https:\/\/aridamlasi.com\/tr\/wp-json\/wp\/v2\/media?parent=5171"}],"curies":[{"name":"wp","href":"https:\/\/api.w.org\/{rel}","templated":true}]}}