{"id":5173,"date":"2023-04-06T17:06:13","date_gmt":"2023-04-06T14:06:13","guid":{"rendered":"https:\/\/aridamlasi.fedze.com\/?page_id=5173"},"modified":"2023-05-04T18:30:35","modified_gmt":"2023-05-04T15:30:35","slug":"dogal-suzme-cicek-bali-645g","status":"publish","type":"page","link":"https:\/\/aridamlasi.com\/tr\/dogal-suzme-cicek-bali-645g\/","title":{"rendered":"Do\u011fal S\u00fczme \u00c7i\u00e7ek Bal\u0131 645g"},"content":{"rendered":"","protected":false},"excerpt":{"rendered":"","protected":false},"author":1,"featured_media":0,"parent":0,"menu_order":0,"comment_status":"closed","ping_status":"closed","template":"","meta":{"_joinchat":[],"footnotes":""},"class_list":["post-5173","page","type-page","status-publish","hentry"],"_links":{"self":[{"href":"https:\/\/aridamlasi.com\/tr\/wp-json\/wp\/v2\/pages\/5173","targetHints":{"allow":["GET"]}}],"collection":[{"href":"https:\/\/aridamlasi.com\/tr\/wp-json\/wp\/v2\/pages"}],"about":[{"href":"https:\/\/aridamlasi.com\/tr\/wp-json\/wp\/v2\/types\/page"}],"author":[{"embeddable":true,"href":"https:\/\/aridamlasi.com\/tr\/wp-json\/wp\/v2\/users\/1"}],"replies":[{"embeddable":true,"href":"https:\/\/aridamlasi.com\/tr\/wp-json\/wp\/v2\/comments?post=5173"}],"version-history":[{"count":0,"href":"https:\/\/aridamlasi.com\/tr\/wp-json\/wp\/v2\/pages\/5173\/revisions"}],"wp:attachment":[{"href":"https:\/\/aridamlasi.com\/tr\/wp-json\/wp\/v2\/media?parent=5173"}],"curies":[{"name":"wp","href":"https:\/\/api.w.org\/{rel}","templated":true}]}}