{"id":5175,"date":"2023-04-06T17:06:48","date_gmt":"2023-04-06T14:06:48","guid":{"rendered":"https:\/\/aridamlasi.fedze.com\/?page_id=5175"},"modified":"2023-06-22T13:30:48","modified_gmt":"2023-06-22T10:30:48","slug":"l-karnitinli-karisik-bitki-cayi","status":"publish","type":"page","link":"https:\/\/aridamlasi.com\/tr\/l-karnitinli-karisik-bitki-cayi\/","title":{"rendered":"L-Karnitinli Kar\u0131\u015f\u0131k Bitki \u00c7ay\u0131"},"content":{"rendered":"<p>L-Karnitinli Kar\u0131\u015f\u0131k Bitki \u00c7ay\u0131<br \/>\nL-Karnitin, lisin t\u00fcrevi, suda \u00e7\u00f6z\u00fcnebilen bir bile\u015fiktir.<br \/>\nline<br \/>\nARI DAMLASI<br \/>\nhide<\/p>\n<p><img decoding=\"async\" src=\"https:\/\/aridamlasi.com\/wp-content\/uploads\/2022\/12\/L-Karnitinli-Cay.png\" alt=\"L-Karnitinli \u00c7ay\" \/><br \/>\nfull<br \/>\ncontain<br \/>\ncenter center<br \/>\nhide<\/p>\n<p>L-Karnitin, lisin t\u00fcrevi, suda \u00e7\u00f6z\u00fcnebilen bir bile\u015fiktir. Canl\u0131 h\u00fccrelerde ya\u011flar\u0131n sindirimi s\u0131ras\u0131nda, enerji \u00fcretimi i\u00e7in ya\u011f asitlerinin sitoplazmadan mitokondriye girmesinde karnitine ihtiya\u00e7 duyulur. Karnitin, v\u00fccuda giren besinlerin enerjiye \u00e7evrilmesinde \u00f6nemli rol oynayan bir besin maddesidir. Karnitin v\u00fccutta oynad\u0131\u011f\u0131 rol dolay\u0131s\u0131yla vitaminlere benzetilse de v\u00fccudumuzda da d\u00fc\u015f\u00fck miktarda \u00fcretilebildi\u011fi i\u00e7in vitaminler s\u0131n\u0131f\u0131nda yer almamaktad\u0131r.Ye\u015fil \u00c7ay, camellia sinensis yapraklar\u0131ndan elde edilen \u00e7ay. Ye\u015fil \u00e7ay, bildi\u011fimiz klasik \u00e7ay\u0131n elde edildi\u011fi bitkinin en \u00fcst taraf\u0131ndaki yapraklardan elde ediliyor. Siyah \u00e7ay\u0131n aksine fermente edilmeden haz\u0131rland\u0131\u011f\u0131 i\u00e7in a\u00e7\u0131k ye\u015fil rengini muhafaza eder. Ayn\u0131 bitkiden elde edilen siyah \u00e7ay i\u00e7in yapraklar yava\u015f yava\u015f kurutulur, ye\u015fil \u00e7ay ise yapraklar\u0131n toplan\u0131r toplanmaz kavrulup h\u0131zla kurutulmas\u0131 ile elde edilir. Siyah \u00e7ay ve oolong kurutulurken oksijenle tepkimeye girer, ye\u015fil \u00e7ay\u0131n ise tepkimeye girmesine izin verilmez.<br \/>\nhide<\/p>\n","protected":false},"excerpt":{"rendered":"<p>L-Karnitinli Kar\u0131\u015f\u0131k Bitki \u00c7ay\u0131 L-Karnitin, lisin t\u00fcrevi, suda \u00e7\u00f6z\u00fcnebilen bir bile\u015fiktir. line ARI DAMLASI hide full contain center center hide L-Karnitin, lisin t\u00fcrevi, suda \u00e7\u00f6z\u00fcnebilen bir<span class=\"excerpt-hellip\"> [\u2026]<\/span><\/p>\n","protected":false},"author":1,"featured_media":0,"parent":0,"menu_order":0,"comment_status":"closed","ping_status":"closed","template":"","meta":{"_joinchat":[],"footnotes":""},"class_list":["post-5175","page","type-page","status-publish","hentry"],"_links":{"self":[{"href":"https:\/\/aridamlasi.com\/tr\/wp-json\/wp\/v2\/pages\/5175","targetHints":{"allow":["GET"]}}],"collection":[{"href":"https:\/\/aridamlasi.com\/tr\/wp-json\/wp\/v2\/pages"}],"about":[{"href":"https:\/\/aridamlasi.com\/tr\/wp-json\/wp\/v2\/types\/page"}],"author":[{"embeddable":true,"href":"https:\/\/aridamlasi.com\/tr\/wp-json\/wp\/v2\/users\/1"}],"replies":[{"embeddable":true,"href":"https:\/\/aridamlasi.com\/tr\/wp-json\/wp\/v2\/comments?post=5175"}],"version-history":[{"count":0,"href":"https:\/\/aridamlasi.com\/tr\/wp-json\/wp\/v2\/pages\/5175\/revisions"}],"wp:attachment":[{"href":"https:\/\/aridamlasi.com\/tr\/wp-json\/wp\/v2\/media?parent=5175"}],"curies":[{"name":"wp","href":"https:\/\/api.w.org\/{rel}","templated":true}]}}