{"id":5177,"date":"2023-04-06T17:07:43","date_gmt":"2023-04-06T14:07:43","guid":{"rendered":"https:\/\/aridamlasi.fedze.com\/?page_id=5177"},"modified":"2023-07-05T13:42:35","modified_gmt":"2023-07-05T10:42:35","slug":"keten-tohumu-yagi-250-ml","status":"publish","type":"page","link":"https:\/\/aridamlasi.com\/tr\/keten-tohumu-yagi-250-ml\/","title":{"rendered":"Keten Tohumu Ya\u011f\u0131-250 mL"},"content":{"rendered":"<p>Keten Tohumu Ya\u011f\u0131<br \/>\nLatince ismi Linum usitatissimum olan keten bitkisi, 30 cm ile 1 metre aras\u0131nda de\u011fi\u015fen boylarda geli\u015fen, mavi renkte \u00e7i\u00e7ek a\u00e7an ve bir sene ya\u015fayan bir tar\u0131m bitkisidir.<br \/>\nline<br \/>\nARI DAMLASI<br \/>\nhide<\/p>\n<p><img decoding=\"async\" src=\"https:\/\/aridamlasi.com\/wp-content\/themes\/betheme\/muffin-options\/svg\/placeholders\/image.svg\" alt=\"\" \/><br \/>\nfull<br \/>\ncontain<br \/>\ncenter center<br \/>\nhide<\/p>\n<p>Latince ismi\u00a0Linum usitatissimum\u00a0olan keten bitkisi, 30 cm ile 1 metre aras\u0131nda de\u011fi\u015fen boylarda geli\u015fen, mavi renkte \u00e7i\u00e7ek a\u00e7an ve bir sene ya\u015fayan bir tar\u0131m bitkisidir. Keten tohumlar\u0131 ise yakla\u015f\u0131k 5 mm uzunlukta olup yumurta \u015feklindedir. Bu tohumlar yass\u0131, parlak, kokusuz ve ya\u011fl\u0131d\u0131r.\u00a0So\u011fuk s\u0131k\u0131m (pres) y\u00f6ntemi ile elde edilmi\u015ftir.<br \/>\nhide<\/p>\n","protected":false},"excerpt":{"rendered":"<p>Keten Tohumu Ya\u011f\u0131 Latince ismi Linum usitatissimum olan keten bitkisi, 30 cm ile 1 metre aras\u0131nda de\u011fi\u015fen boylarda geli\u015fen, mavi renkte \u00e7i\u00e7ek a\u00e7an ve bir sene<span class=\"excerpt-hellip\"> [\u2026]<\/span><\/p>\n","protected":false},"author":1,"featured_media":0,"parent":0,"menu_order":0,"comment_status":"closed","ping_status":"closed","template":"","meta":{"_joinchat":[],"footnotes":""},"class_list":["post-5177","page","type-page","status-publish","hentry"],"_links":{"self":[{"href":"https:\/\/aridamlasi.com\/tr\/wp-json\/wp\/v2\/pages\/5177","targetHints":{"allow":["GET"]}}],"collection":[{"href":"https:\/\/aridamlasi.com\/tr\/wp-json\/wp\/v2\/pages"}],"about":[{"href":"https:\/\/aridamlasi.com\/tr\/wp-json\/wp\/v2\/types\/page"}],"author":[{"embeddable":true,"href":"https:\/\/aridamlasi.com\/tr\/wp-json\/wp\/v2\/users\/1"}],"replies":[{"embeddable":true,"href":"https:\/\/aridamlasi.com\/tr\/wp-json\/wp\/v2\/comments?post=5177"}],"version-history":[{"count":0,"href":"https:\/\/aridamlasi.com\/tr\/wp-json\/wp\/v2\/pages\/5177\/revisions"}],"wp:attachment":[{"href":"https:\/\/aridamlasi.com\/tr\/wp-json\/wp\/v2\/media?parent=5177"}],"curies":[{"name":"wp","href":"https:\/\/api.w.org\/{rel}","templated":true}]}}