{"id":5186,"date":"2023-04-06T17:09:20","date_gmt":"2023-04-06T14:09:20","guid":{"rendered":"https:\/\/aridamlasi.fedze.com\/?page_id=5186"},"modified":"2023-12-27T12:14:43","modified_gmt":"2023-12-27T09:14:43","slug":"kabak-cekirdegi-yagi-250-ml","status":"publish","type":"page","link":"https:\/\/aridamlasi.com\/tr\/kabak-cekirdegi-yagi-250-ml\/","title":{"rendered":"Kabak \u00c7ekirde\u011fi Ya\u011f\u0131 250 mL"},"content":{"rendered":"<p>Kabak \u00c7ekirde\u011fi Ya\u011f\u0131<br \/>\nKabak \u00e7ekirde\u011fi, bal kaba\u011f\u0131 ,sak\u0131z kaba\u011f\u0131 (Cucurbita pepo) bitkisinin tohumudur.<br \/>\nline<br \/>\nARI DAMLASI<br \/>\nhide<\/p>\n<p><img decoding=\"async\" src=\"https:\/\/aridamlasi.com\/wp-content\/uploads\/2022\/03\/Kabak-Cekirdegi-Yagi-250-1.png\" alt=\"Kabak-Cekirdegi-Yagi-250\" \/><br \/>\nfull<br \/>\ncontain<br \/>\ncenter center<br \/>\nhide<\/p>\n<p>Kabak \u00e7ekirde\u011fi,\u00a0bal kaba\u011f\u0131\u00a0,sak\u0131z kaba\u011f\u0131\u00a0(Cucurbita pepo) bitkisinin tohumudur.<br \/>\nhide<\/p>\n","protected":false},"excerpt":{"rendered":"<p>Kabak \u00c7ekirde\u011fi Ya\u011f\u0131 Kabak \u00e7ekirde\u011fi, bal kaba\u011f\u0131 ,sak\u0131z kaba\u011f\u0131 (Cucurbita pepo) bitkisinin tohumudur. line ARI DAMLASI hide full contain center center hide Kabak \u00e7ekirde\u011fi,\u00a0bal kaba\u011f\u0131\u00a0,sak\u0131z kaba\u011f\u0131\u00a0(Cucurbita<span class=\"excerpt-hellip\"> [\u2026]<\/span><\/p>\n","protected":false},"author":1,"featured_media":0,"parent":0,"menu_order":0,"comment_status":"closed","ping_status":"closed","template":"","meta":{"_joinchat":[],"footnotes":""},"class_list":["post-5186","page","type-page","status-publish","hentry"],"_links":{"self":[{"href":"https:\/\/aridamlasi.com\/tr\/wp-json\/wp\/v2\/pages\/5186","targetHints":{"allow":["GET"]}}],"collection":[{"href":"https:\/\/aridamlasi.com\/tr\/wp-json\/wp\/v2\/pages"}],"about":[{"href":"https:\/\/aridamlasi.com\/tr\/wp-json\/wp\/v2\/types\/page"}],"author":[{"embeddable":true,"href":"https:\/\/aridamlasi.com\/tr\/wp-json\/wp\/v2\/users\/1"}],"replies":[{"embeddable":true,"href":"https:\/\/aridamlasi.com\/tr\/wp-json\/wp\/v2\/comments?post=5186"}],"version-history":[{"count":0,"href":"https:\/\/aridamlasi.com\/tr\/wp-json\/wp\/v2\/pages\/5186\/revisions"}],"wp:attachment":[{"href":"https:\/\/aridamlasi.com\/tr\/wp-json\/wp\/v2\/media?parent=5186"}],"curies":[{"name":"wp","href":"https:\/\/api.w.org\/{rel}","templated":true}]}}