{"id":5202,"date":"2023-04-06T17:17:16","date_gmt":"2023-04-06T14:17:16","guid":{"rendered":"https:\/\/aridamlasi.fedze.com\/?page_id=5202"},"modified":"2023-05-05T16:49:05","modified_gmt":"2023-05-05T13:49:05","slug":"zerdecal-toz-ekstrakt-15-g","status":"publish","type":"page","link":"https:\/\/aridamlasi.com\/tr\/zerdecal-toz-ekstrakt-15-g\/","title":{"rendered":"Zerde\u00e7al Toz Ekstrakt 15 g"},"content":{"rendered":"<p>Zerde\u00e7al Toz Ekstrakt<br \/>Zerde\u00e7al (Curcuma longa), zencefilgiller (Zingiberaceae) familyas\u0131ndan sar\u0131 \u00e7i\u00e7ekli, b\u00fcy\u00fck yaprakl\u0131, \u00e7ok y\u0131ll\u0131k otsu bir bitki cinsidir. Hint safran\u0131 olarak da bilinir.<br \/>line<br \/>ARI DAMLASI<br \/>hide<\/p>\n<p><img decoding=\"async\" src=\"https:\/\/aridamlasi.com\/wp-content\/uploads\/2022\/03\/Zerdacal-Toz-Ekstrakt.png\" alt=\"Zerdacal-Toz-Ekstrakt\" \/><br \/>full<br \/>contain<br \/>center center<br \/>hide<\/p>\n<p>Zerde\u00e7al\u00a0(Curcuma longa),\u00a0zencefilgiller\u00a0(Zingiberaceae) familyas\u0131ndan sar\u0131 \u00e7i\u00e7ekli, b\u00fcy\u00fck yaprakl\u0131, \u00e7ok y\u0131ll\u0131k otsu bir bitki\u00a0cinsidir.\u00a0Hint safran\u0131\u00a0olarak da bilinir. Anavatan\u0131\u00a0G\u00fcney Asya\u2019d\u0131r. Di\u011fer isimleri zerde\u00e7\u00f6p, safran k\u00f6k\u00fc, sar\u0131boya, zerde\u00e7av, hint safran\u0131d\u0131r. Ba\u015fta\u00a0Pakistan,\u00a0Hindistan,\u00a0\u00c7in\u00a0ve\u00a0Banglade\u015f\u00a0olmak \u00fczere Asya\u2019n\u0131n tropik b\u00f6lgelerinde yeti\u015fir. Bitkinin toprak alt\u0131ndaki ana\u00a0k\u00f6kleri\u00a0yumurta veya armut seklindedir. Yan k\u00f6kleri ise parmak \u015feklindedir. Rizomlar\u0131n \u00fcst y\u00fcz\u00fc sar\u0131ms\u0131, i\u00e7 y\u00fcz\u00fc ise sar\u0131 renklidir. Ac\u0131ms\u0131 bir tad\u0131 vard\u0131r.<br \/>hide<\/p>\n","protected":false},"excerpt":{"rendered":"<p>Zerde\u00e7al Toz EkstraktZerde\u00e7al (Curcuma longa), zencefilgiller (Zingiberaceae) familyas\u0131ndan sar\u0131 \u00e7i\u00e7ekli, b\u00fcy\u00fck yaprakl\u0131, \u00e7ok y\u0131ll\u0131k otsu bir bitki cinsidir. Hint safran\u0131 olarak da bilinir.lineARI DAMLASIhide fullcontaincenter centerhide<span class=\"excerpt-hellip\"> [\u2026]<\/span><\/p>\n","protected":false},"author":1,"featured_media":0,"parent":0,"menu_order":0,"comment_status":"closed","ping_status":"closed","template":"","meta":{"_joinchat":[],"footnotes":""},"class_list":["post-5202","page","type-page","status-publish","hentry"],"_links":{"self":[{"href":"https:\/\/aridamlasi.com\/tr\/wp-json\/wp\/v2\/pages\/5202","targetHints":{"allow":["GET"]}}],"collection":[{"href":"https:\/\/aridamlasi.com\/tr\/wp-json\/wp\/v2\/pages"}],"about":[{"href":"https:\/\/aridamlasi.com\/tr\/wp-json\/wp\/v2\/types\/page"}],"author":[{"embeddable":true,"href":"https:\/\/aridamlasi.com\/tr\/wp-json\/wp\/v2\/users\/1"}],"replies":[{"embeddable":true,"href":"https:\/\/aridamlasi.com\/tr\/wp-json\/wp\/v2\/comments?post=5202"}],"version-history":[{"count":0,"href":"https:\/\/aridamlasi.com\/tr\/wp-json\/wp\/v2\/pages\/5202\/revisions"}],"wp:attachment":[{"href":"https:\/\/aridamlasi.com\/tr\/wp-json\/wp\/v2\/media?parent=5202"}],"curies":[{"name":"wp","href":"https:\/\/api.w.org\/{rel}","templated":true}]}}