{"id":5204,"date":"2023-04-06T17:17:51","date_gmt":"2023-04-06T14:17:51","guid":{"rendered":"https:\/\/aridamlasi.fedze.com\/?page_id=5204"},"modified":"2023-05-04T16:48:20","modified_gmt":"2023-05-04T13:48:20","slug":"ari-sutu-tozu-15-g","status":"publish","type":"page","link":"https:\/\/aridamlasi.com\/tr\/ari-sutu-tozu-15-g\/","title":{"rendered":"Ar\u0131 S\u00fct\u00fc Tozu 15 g"},"content":{"rendered":"<p>Ar\u0131 S\u00fct\u00fc Tozu<br \/>Ar\u0131 s\u00fct\u00fc, 5-15 g\u00fcnl\u00fck i\u015f\u00e7i ar\u0131lar\u0131n yutak \u00fcst\u00fc salg\u0131 bezlerinden salg\u0131lad\u0131klar\u0131 bir maddedir. Jel halinde ak\u0131c\u0131 k\u0131vamda, kremsi-beyaz renktedir.<br \/>line<br \/>ARI DAMLASI<br \/>hide<\/p>\n<p><img decoding=\"async\" src=\"https:\/\/aridamlasi.com\/wp-content\/uploads\/2022\/03\/Ari-Sutu-Toz-Ekstrakt.png\" alt=\"Ari-Sutu-Toz-Ekstrakt\" \/><br \/>full<br \/>contain<br \/>center center<br \/>hide<\/p>\n<p>Ar\u0131 s\u00fct\u00fc, 5-15 g\u00fcnl\u00fck i\u015f\u00e7i\u00a0ar\u0131lar\u0131n\u00a0yutak \u00fcst\u00fc salg\u0131 bezlerinden salg\u0131lad\u0131klar\u0131 bir maddedir. Jel halinde ak\u0131c\u0131 k\u0131vamda, kremsi-beyaz renktedir. Tad\u0131 ek\u015fi ve kokusu keskin fenolik yap\u0131dad\u0131r. Yo\u011funlu\u011fu 1.1 g\/cm\u00b3 olup k\u0131smen suda \u00e7\u00f6z\u00fcnebilmektedir. Memeli hayvanlar\u0131n memesinde olu\u015fan\u00a0s\u00fct\u00a0ile ilgisi olmad\u0131\u011f\u0131 halde yavru beslenmesinde kullan\u0131lmas\u0131 ve s\u00fcte benzeyen g\u00f6r\u00fcn\u00fcm\u00fc sebebiyle\u00a0T\u00fcrk\u00e7e,\u00a0H\u0131rvat\u00e7a,\u00a0Bulgarca gibi baz\u0131 dillerde \u201cs\u00fct\u201d olarak adland\u0131r\u0131lmaktad\u0131r. Ba\u015fka baz\u0131 dillerde ise kraliyete ait jel (Royal jelly) olarak adland\u0131r\u0131lmaktad\u0131r.Ar\u0131 s\u00fct\u00fc ana ar\u0131n\u0131n ve larvalar\u0131n besini olup, besin de\u011feri olduk\u00e7a y\u00fcksektir.\u00a0Ana ar\u0131\u00a0ve\u00a0i\u015f\u00e7i ar\u0131lar\u00a0yumurtadan \u00e7\u0131kt\u0131klar\u0131nda ayn\u0131 genetik yap\u0131ya sahip olmalar\u0131na ra\u011fmen,\u00a0larva\u00a0d\u00f6neminde 6 g\u00fcn s\u00fcreyle farkl\u0131 oranda ar\u0131 s\u00fct\u00fcyle beslenmeleri ana ar\u0131lar\u0131n\u0131n biyolojik yap\u0131lar\u0131n\u0131n farkl\u0131la\u015fmas\u0131na neden olmaktad\u0131r, i\u015f\u00e7i ar\u0131larda ise ar\u0131 s\u00fct\u00fc ile beslenme s\u00fcresi 3 g\u00fcn ile s\u0131n\u0131rl\u0131d\u0131r ve daha d\u00fc\u015f\u00fck kalitede bir ar\u0131 s\u00fct\u00fcyle beslenmektedirler. Ortalama olarak i\u015f\u00e7i ar\u0131 larvalar\u0131 3mg, erkek ar\u0131 larvalar\u0131 10mg, ana ar\u0131 larvalar\u0131 ise 350mg ar\u0131 s\u00fct\u00fc ile beslenmektedirler.<br \/>hide<\/p>\n","protected":false},"excerpt":{"rendered":"<p>Ar\u0131 S\u00fct\u00fc TozuAr\u0131 s\u00fct\u00fc, 5-15 g\u00fcnl\u00fck i\u015f\u00e7i ar\u0131lar\u0131n yutak \u00fcst\u00fc salg\u0131 bezlerinden salg\u0131lad\u0131klar\u0131 bir maddedir. Jel halinde ak\u0131c\u0131 k\u0131vamda, kremsi-beyaz renktedir.lineARI DAMLASIhide fullcontaincenter centerhide Ar\u0131 s\u00fct\u00fc,<span class=\"excerpt-hellip\"> [\u2026]<\/span><\/p>\n","protected":false},"author":1,"featured_media":0,"parent":0,"menu_order":0,"comment_status":"closed","ping_status":"closed","template":"","meta":{"_joinchat":[],"footnotes":""},"class_list":["post-5204","page","type-page","status-publish","hentry"],"_links":{"self":[{"href":"https:\/\/aridamlasi.com\/tr\/wp-json\/wp\/v2\/pages\/5204","targetHints":{"allow":["GET"]}}],"collection":[{"href":"https:\/\/aridamlasi.com\/tr\/wp-json\/wp\/v2\/pages"}],"about":[{"href":"https:\/\/aridamlasi.com\/tr\/wp-json\/wp\/v2\/types\/page"}],"author":[{"embeddable":true,"href":"https:\/\/aridamlasi.com\/tr\/wp-json\/wp\/v2\/users\/1"}],"replies":[{"embeddable":true,"href":"https:\/\/aridamlasi.com\/tr\/wp-json\/wp\/v2\/comments?post=5204"}],"version-history":[{"count":0,"href":"https:\/\/aridamlasi.com\/tr\/wp-json\/wp\/v2\/pages\/5204\/revisions"}],"wp:attachment":[{"href":"https:\/\/aridamlasi.com\/tr\/wp-json\/wp\/v2\/media?parent=5204"}],"curies":[{"name":"wp","href":"https:\/\/api.w.org\/{rel}","templated":true}]}}