{"id":5216,"date":"2023-04-06T17:22:21","date_gmt":"2023-04-06T14:22:21","guid":{"rendered":"https:\/\/aridamlasi.fedze.com\/?page_id=5216"},"modified":"2023-06-21T11:40:49","modified_gmt":"2023-06-21T08:40:49","slug":"kukurt-kudret-nari-cilt-bakim-kremi","status":"publish","type":"page","link":"https:\/\/aridamlasi.com\/tr\/kukurt-kudret-nari-cilt-bakim-kremi\/","title":{"rendered":"K\u00fck\u00fcrt &#038; Kudret Nar\u0131 Cilt Bak\u0131m Kremi"},"content":{"rendered":"<p>K\u00fck\u00fcrt &amp; Kudret Nar\u0131 Cilt Bak\u0131m Kremi<br \/>\n\u00d6zel olarak form\u00fcle edilmi\u015f bitkisel i\u00e7eri\u011fiyle g\u00fcnl\u00fck cilt bak\u0131m\u0131n\u0131za katk\u0131 sa\u011flayarak, cildinizin nemlendirilmesine ve sa\u011fl\u0131kl\u0131 g\u00f6r\u00fcnmesine yard\u0131mc\u0131 olur.<br \/>\nline<br \/>\nARI DAMLASI<br \/>\nhide<\/p>\n<p><img decoding=\"async\" src=\"https:\/\/aridamlasi.com\/wp-content\/uploads\/2023\/04\/kudret-nari-kukurt-bakim-kremi.jpg\" alt=\"kudret-nari-kukurt-bakim-kremi\" \/><br \/>\nfull<br \/>\ncontain<br \/>\ncenter center<br \/>\nhide<\/p>\n<p>Cilt Bak\u0131m Kremi\u00d6zel olarak form\u00fcle edilmi\u015f bitkisel i\u00e7eri\u011fiyle g\u00fcnl\u00fck cilt bak\u0131m\u0131n\u0131za katk\u0131 sa\u011flayarak, cildinizin nemlendirilmesine ve sa\u011fl\u0131kl\u0131 g\u00f6r\u00fcnmesine yard\u0131mc\u0131 olur.<br \/>\nhide<\/p>\n","protected":false},"excerpt":{"rendered":"<p>K\u00fck\u00fcrt &amp; Kudret Nar\u0131 Cilt Bak\u0131m Kremi \u00d6zel olarak form\u00fcle edilmi\u015f bitkisel i\u00e7eri\u011fiyle g\u00fcnl\u00fck cilt bak\u0131m\u0131n\u0131za katk\u0131 sa\u011flayarak, cildinizin nemlendirilmesine ve sa\u011fl\u0131kl\u0131 g\u00f6r\u00fcnmesine yard\u0131mc\u0131 olur. line<span class=\"excerpt-hellip\"> [\u2026]<\/span><\/p>\n","protected":false},"author":1,"featured_media":0,"parent":0,"menu_order":0,"comment_status":"closed","ping_status":"closed","template":"","meta":{"_joinchat":[],"footnotes":""},"class_list":["post-5216","page","type-page","status-publish","hentry"],"_links":{"self":[{"href":"https:\/\/aridamlasi.com\/tr\/wp-json\/wp\/v2\/pages\/5216","targetHints":{"allow":["GET"]}}],"collection":[{"href":"https:\/\/aridamlasi.com\/tr\/wp-json\/wp\/v2\/pages"}],"about":[{"href":"https:\/\/aridamlasi.com\/tr\/wp-json\/wp\/v2\/types\/page"}],"author":[{"embeddable":true,"href":"https:\/\/aridamlasi.com\/tr\/wp-json\/wp\/v2\/users\/1"}],"replies":[{"embeddable":true,"href":"https:\/\/aridamlasi.com\/tr\/wp-json\/wp\/v2\/comments?post=5216"}],"version-history":[{"count":0,"href":"https:\/\/aridamlasi.com\/tr\/wp-json\/wp\/v2\/pages\/5216\/revisions"}],"wp:attachment":[{"href":"https:\/\/aridamlasi.com\/tr\/wp-json\/wp\/v2\/media?parent=5216"}],"curies":[{"name":"wp","href":"https:\/\/api.w.org\/{rel}","templated":true}]}}