{"id":5218,"date":"2023-04-06T17:22:47","date_gmt":"2023-04-06T14:22:47","guid":{"rendered":"https:\/\/aridamlasi.fedze.com\/?page_id=5218"},"modified":"2023-06-21T11:42:53","modified_gmt":"2023-06-21T08:42:53","slug":"bitkisel-icerikli-sac-bakim-yagi-100-ml","status":"publish","type":"page","link":"https:\/\/aridamlasi.com\/tr\/bitkisel-icerikli-sac-bakim-yagi-100-ml\/","title":{"rendered":"Bitkisel \u0130\u00e7erikli Sa\u00e7 Bak\u0131m Ya\u011f\u0131 100 mL"},"content":{"rendered":"<p>Bitkisel \u0130\u00e7erikli Sa\u00e7 Bak\u0131m Ya\u011f\u0131<br \/>\nSa\u00e7 Bak\u0131m Ya\u011f\u0131 i\u00e7erisinde yer alan bitkisel ya\u011flar, keratin ve E Vitamini sayesinde sa\u00e7lar\u0131n daha canl\u0131 ve parlak g\u00f6r\u00fcn\u00fcm kazanmas\u0131nda yard\u0131mc\u0131d\u0131r.<br \/>\nline<br \/>\nARI DAMLASI<br \/>\nhide<\/p>\n<p><img decoding=\"async\" src=\"https:\/\/aridamlasi.com\/wp-content\/uploads\/2022\/12\/Sac-Bakim-Yagi.png\" alt=\"Sa\u00e7 Bak\u0131m Ya\u011f\u0131\" \/><br \/>\nfull<br \/>\ncontain<br \/>\ncenter center<br \/>\nhide<\/p>\n<p>Sa\u00e7 Bak\u0131m Ya\u011f\u0131 i\u00e7erisinde yer alan bitkisel ya\u011flar, keratin ve E Vitamini sayesinde sa\u00e7lar\u0131n daha canl\u0131 ve parlak g\u00f6r\u00fcn\u00fcm kazanmas\u0131nda yard\u0131mc\u0131d\u0131r. Kuru, y\u0131pranm\u0131\u015f ve boyal\u0131 sa\u00e7lara uyguland\u0131\u011f\u0131nda sa\u00e7\u0131n\u0131z\u0131n k\u00f6kten uca beslenmesinde katk\u0131 sa\u011flar. D\u00fczenli olarak kullan\u0131ld\u0131\u011f\u0131nda sa\u00e7lar\u0131n \u00f6z\u00fcndeki do\u011fal \u0131\u015f\u0131lt\u0131ya ve sa\u011fl\u0131kl\u0131 g\u00f6r\u00fcn\u00fcme kavu\u015fmas\u0131nda yard\u0131mc\u0131 olur. Kepek olu\u015fumunun \u00f6nlenmesine yard\u0131mc\u0131 olur.Kullan\u0131m \u00d6nerisiHer y\u0131kamadan \u00f6nce bak\u0131m ya\u011f\u0131n\u0131 sa\u00e7 diplerinden masaj yapmaya ba\u015flayarak sa\u00e7 u\u00e7lar\u0131na kadar e\u015fit miktarda da\u011f\u0131t\u0131n\u0131z. Kar\u0131\u015f\u0131m b\u00fct\u00fcn sa\u00e7a uyguland\u0131ktan sonra 1-2 saat bekleyiniz. Daha sonra uygun bir \u015fampuanla y\u0131kayarak bol su ile durulay\u0131n\u0131z.UYARILARHamile ve \u00e7ocuklar\u0131n kullanmadan \u00f6nce doktora dan\u0131\u015fmalar\u0131 \u00f6nerilir.A\u011fza al\u0131nmaz, i\u00e7ilmez.G\u00f6ze temas ettirmeyiniz, temas\u0131 halinde bol su ile y\u0131kay\u0131n\u0131z.\u0130\u00e7eri\u011finde herhangi bir maddeye kar\u015f\u0131 a\u015f\u0131r\u0131 duyarl\u0131l\u0131\u011f\u0131 olan ki\u015filerce kullan\u0131lmamal\u0131d\u0131r.<br \/>\nhide<\/p>\n","protected":false},"excerpt":{"rendered":"<p>Bitkisel \u0130\u00e7erikli Sa\u00e7 Bak\u0131m Ya\u011f\u0131 Sa\u00e7 Bak\u0131m Ya\u011f\u0131 i\u00e7erisinde yer alan bitkisel ya\u011flar, keratin ve E Vitamini sayesinde sa\u00e7lar\u0131n daha canl\u0131 ve parlak g\u00f6r\u00fcn\u00fcm kazanmas\u0131nda yard\u0131mc\u0131d\u0131r.<span class=\"excerpt-hellip\"> [\u2026]<\/span><\/p>\n","protected":false},"author":1,"featured_media":0,"parent":0,"menu_order":0,"comment_status":"closed","ping_status":"closed","template":"","meta":{"_joinchat":[],"footnotes":""},"class_list":["post-5218","page","type-page","status-publish","hentry"],"_links":{"self":[{"href":"https:\/\/aridamlasi.com\/tr\/wp-json\/wp\/v2\/pages\/5218","targetHints":{"allow":["GET"]}}],"collection":[{"href":"https:\/\/aridamlasi.com\/tr\/wp-json\/wp\/v2\/pages"}],"about":[{"href":"https:\/\/aridamlasi.com\/tr\/wp-json\/wp\/v2\/types\/page"}],"author":[{"embeddable":true,"href":"https:\/\/aridamlasi.com\/tr\/wp-json\/wp\/v2\/users\/1"}],"replies":[{"embeddable":true,"href":"https:\/\/aridamlasi.com\/tr\/wp-json\/wp\/v2\/comments?post=5218"}],"version-history":[{"count":0,"href":"https:\/\/aridamlasi.com\/tr\/wp-json\/wp\/v2\/pages\/5218\/revisions"}],"wp:attachment":[{"href":"https:\/\/aridamlasi.com\/tr\/wp-json\/wp\/v2\/media?parent=5218"}],"curies":[{"name":"wp","href":"https:\/\/api.w.org\/{rel}","templated":true}]}}