{"id":5222,"date":"2023-04-06T17:23:33","date_gmt":"2023-04-06T14:23:33","guid":{"rendered":"https:\/\/aridamlasi.fedze.com\/?page_id=5222"},"modified":"2023-06-22T11:46:02","modified_gmt":"2023-06-22T08:46:02","slug":"tamanu-yagi-20-ml","status":"publish","type":"page","link":"https:\/\/aridamlasi.com\/tr\/tamanu-yagi-20-ml\/","title":{"rendered":"Tamanu Ya\u011f\u0131 20 mL"},"content":{"rendered":"<p>Tamanu Ya\u011f\u0131<br \/>\nCalophyllum tacamahaca ( ati ), Calophylaceae familyas\u0131na ait tropik a\u011fa\u00e7lar\u0131n f\u0131nd\u0131klar\u0131ndan preslenir.<br \/>\nline<br \/>\nARI DAMLASI<br \/>\nhide<\/p>\n<p><img decoding=\"async\" src=\"https:\/\/aridamlasi.com\/wp-content\/uploads\/2022\/03\/Tamanu-Yagi-20.png\" alt=\"Tamanu-Yagi-20\" \/><br \/>\nfull<br \/>\ncontain<br \/>\ncenter center<br \/>\nhide<\/p>\n<p>Calophyllum tacamahaca\u00a0(\u00a0ati\u00a0),\u00a0Calophylaceae\u00a0familyas\u0131na ait tropik a\u011fa\u00e7lar\u0131n f\u0131nd\u0131klar\u0131ndan preslenir.\u00a0Kuruyemi\u015fler %70-75 oran\u0131nda ye\u015filimsi sar\u0131 yenmeyen ya\u011f verir.Cilt Bak\u0131m Ya\u011f\u0131G\u00fcnl\u00fck cilt bak\u0131m\u0131n\u0131za katk\u0131 sa\u011flayarak, cildinizin nemlendirilmesine ve sa\u011fl\u0131kl\u0131 g\u00f6r\u00fcnmesine yard\u0131mc\u0131 olur.So\u011fuk s\u0131k\u0131m (pres) y\u00f6ntemi ile elde edilmi\u015ftir.<br \/>\nhide<\/p>\n","protected":false},"excerpt":{"rendered":"<p>Tamanu Ya\u011f\u0131 Calophyllum tacamahaca ( ati ), Calophylaceae familyas\u0131na ait tropik a\u011fa\u00e7lar\u0131n f\u0131nd\u0131klar\u0131ndan preslenir. line ARI DAMLASI hide full contain center center hide Calophyllum tacamahaca\u00a0(\u00a0ati\u00a0),\u00a0Calophylaceae\u00a0familyas\u0131na ait<span class=\"excerpt-hellip\"> [\u2026]<\/span><\/p>\n","protected":false},"author":1,"featured_media":0,"parent":0,"menu_order":0,"comment_status":"closed","ping_status":"closed","template":"","meta":{"_joinchat":[],"footnotes":""},"class_list":["post-5222","page","type-page","status-publish","hentry"],"_links":{"self":[{"href":"https:\/\/aridamlasi.com\/tr\/wp-json\/wp\/v2\/pages\/5222","targetHints":{"allow":["GET"]}}],"collection":[{"href":"https:\/\/aridamlasi.com\/tr\/wp-json\/wp\/v2\/pages"}],"about":[{"href":"https:\/\/aridamlasi.com\/tr\/wp-json\/wp\/v2\/types\/page"}],"author":[{"embeddable":true,"href":"https:\/\/aridamlasi.com\/tr\/wp-json\/wp\/v2\/users\/1"}],"replies":[{"embeddable":true,"href":"https:\/\/aridamlasi.com\/tr\/wp-json\/wp\/v2\/comments?post=5222"}],"version-history":[{"count":0,"href":"https:\/\/aridamlasi.com\/tr\/wp-json\/wp\/v2\/pages\/5222\/revisions"}],"wp:attachment":[{"href":"https:\/\/aridamlasi.com\/tr\/wp-json\/wp\/v2\/media?parent=5222"}],"curies":[{"name":"wp","href":"https:\/\/api.w.org\/{rel}","templated":true}]}}