{"id":5232,"date":"2023-04-06T17:25:59","date_gmt":"2023-04-06T14:25:59","guid":{"rendered":"https:\/\/aridamlasi.fedze.com\/?page_id=5232"},"modified":"2023-06-22T09:53:10","modified_gmt":"2023-06-22T06:53:10","slug":"cam-terebentin-yagi","status":"publish","type":"page","link":"https:\/\/aridamlasi.com\/tr\/cam-terebentin-yagi\/","title":{"rendered":"\u00c7am Terebentin Ya\u011f\u0131"},"content":{"rendered":"<p>\u00c7am Terebentin Ya\u011f\u0131<br \/>\n\u00c7am terebentin veya \u00e7am ya\u011f\u0131 olarak adland\u0131r\u0131lan ve \u00e7am\u0131n kozalakl\u0131lar\u0131n g\u00f6vdesinden akan ve bal ya da re\u00e7ine olarak an\u0131lan k\u0131s\u0131mdan, re\u00e7inesinden elde edilen bir ya\u011fd\u0131r.<br \/>\nline<br \/>\nARI DAMLASI<br \/>\nhide<\/p>\n<p><img decoding=\"async\" src=\"https:\/\/aridamlasi.com\/wp-content\/uploads\/2022\/03\/Cam-Terebentin-Yagi-50.png\" alt=\"Cam-Terebentin-Yagi-50\" \/><br \/>\nfull<br \/>\ncontain<br \/>\ncenter center<br \/>\nhide<\/p>\n<p>\u00c7am terebentin veya \u00e7am ya\u011f\u0131 olarak adland\u0131r\u0131lan ve \u00e7am\u0131n kozalakl\u0131lar\u0131n g\u00f6vdesinden akan ve bal ya da re\u00e7ine olarak an\u0131lan k\u0131s\u0131mdan, re\u00e7inesinden elde edilen bir ya\u011fd\u0131r.Sa\u00e7 Bak\u0131m Ya\u011f\u0131Sa\u00e7lar\u0131n\u0131z\u0131n parlakl\u0131k ve canl\u0131l\u0131k kazanmas\u0131na yard\u0131mc\u0131 olur.Distilasyon y\u00f6ntemi ile elde edilmi\u015ftir.Kullan\u0131m \u00d6nerisiHaftada 1 \u2013 2 defa parmak u\u00e7lar\u0131 yard\u0131m\u0131yla sa\u00e7 diplerine masaj yaparak uygulan\u0131r. Yakla\u015f\u0131k 30 dk. sonra \u0131l\u0131k su ve \u015fampuanla durulan\u0131r. 200 mL \u015fampuan i\u00e7erisine 20 \u2013 25 damla ilave edilerekte kullan\u0131labilir.Muhafaza Ko\u015fullar\u0131\u00c7ocuklardan uzakta, serin ve kuru yerde, a\u011fz\u0131 kapal\u0131 olarak saklay\u0131n\u0131z.UYARILARHamile ve \u00e7ocuklar\u0131n kullanmadan \u00f6nce doktora dan\u0131\u015fmalar\u0131 \u00f6nerilir.A\u011fza al\u0131nmaz, i\u00e7ilmez.G\u00f6ze temas ettirmeyiniz, temas\u0131 halinde bol su ile y\u0131kay\u0131n\u0131z.\u0130\u00e7eri\u011finde herhangi bir maddeye kar\u015f\u0131 a\u015f\u0131r\u0131 duyarl\u0131l\u0131\u011f\u0131 olan ki\u015filerce kullan\u0131lmamal\u0131d\u0131r.<br \/>\nhide<\/p>\n","protected":false},"excerpt":{"rendered":"<p>\u00c7am Terebentin Ya\u011f\u0131 \u00c7am terebentin veya \u00e7am ya\u011f\u0131 olarak adland\u0131r\u0131lan ve \u00e7am\u0131n kozalakl\u0131lar\u0131n g\u00f6vdesinden akan ve bal ya da re\u00e7ine olarak an\u0131lan k\u0131s\u0131mdan, re\u00e7inesinden elde edilen<span class=\"excerpt-hellip\"> [\u2026]<\/span><\/p>\n","protected":false},"author":1,"featured_media":0,"parent":0,"menu_order":0,"comment_status":"closed","ping_status":"closed","template":"","meta":{"_joinchat":[],"footnotes":""},"class_list":["post-5232","page","type-page","status-publish","hentry"],"_links":{"self":[{"href":"https:\/\/aridamlasi.com\/tr\/wp-json\/wp\/v2\/pages\/5232","targetHints":{"allow":["GET"]}}],"collection":[{"href":"https:\/\/aridamlasi.com\/tr\/wp-json\/wp\/v2\/pages"}],"about":[{"href":"https:\/\/aridamlasi.com\/tr\/wp-json\/wp\/v2\/types\/page"}],"author":[{"embeddable":true,"href":"https:\/\/aridamlasi.com\/tr\/wp-json\/wp\/v2\/users\/1"}],"replies":[{"embeddable":true,"href":"https:\/\/aridamlasi.com\/tr\/wp-json\/wp\/v2\/comments?post=5232"}],"version-history":[{"count":0,"href":"https:\/\/aridamlasi.com\/tr\/wp-json\/wp\/v2\/pages\/5232\/revisions"}],"wp:attachment":[{"href":"https:\/\/aridamlasi.com\/tr\/wp-json\/wp\/v2\/media?parent=5232"}],"curies":[{"name":"wp","href":"https:\/\/api.w.org\/{rel}","templated":true}]}}