{"id":5234,"date":"2023-04-06T17:26:18","date_gmt":"2023-04-06T14:26:18","guid":{"rendered":"https:\/\/aridamlasi.fedze.com\/?page_id=5234"},"modified":"2023-06-22T09:55:30","modified_gmt":"2023-06-22T06:55:30","slug":"alabalik-yagi-50-ml","status":"publish","type":"page","link":"https:\/\/aridamlasi.com\/tr\/alabalik-yagi-50-ml\/","title":{"rendered":"Alabal\u0131k Ya\u011f\u0131 50 mL"},"content":{"rendered":"<p>Alabal\u0131k Ya\u011f\u0131<br \/>\nAlabal\u0131k tatl\u0131 su ve denizlerden ya\u015fayan bir bal\u0131k t\u00fcr\u00fcd\u00fcr. Alabal\u0131k, di\u011fer bal\u0131klardan farkl\u0131 olarak daha \u00e7ok omega 3 ya\u011f\u0131na sahiptir. Alabal\u0131k ya\u011f\u0131 30 cm\u2019den b\u00fcy\u00fck olan bal\u0131klardan elde edilen ya\u011fd\u0131r.<br \/>\nline<br \/>\nARI DAMLASI<br \/>\nhide<\/p>\n<p><img decoding=\"async\" src=\"https:\/\/aridamlasi.com\/wp-content\/uploads\/2022\/03\/Alabalik-Yagi-50.png\" alt=\"Alabalik-Yagi-50\" \/><br \/>\nfull<br \/>\ncontain<br \/>\ncenter center<br \/>\nhide<\/p>\n<p>\u0130\u00e7indekilerFish Oil (Alabal\u0131k Ya\u011f\u0131)Kullan\u0131m \u00d6nerisi2-3 damla ya\u011f\u0131 pamuk yard\u0131m\u0131yla cildinize maskeleme yaparak kullan\u0131n\u0131z. Kullanmadan \u00f6nce cildinizin k\u00fc\u00e7\u00fck bir b\u00f6l\u00fcm\u00fcne s\u00fcrerek alerjiniz olup olmad\u0131\u011f\u0131n\u0131 test edebilirsiniz.Muhafaza Ko\u015fullar\u0131\u00c7ocuklardan uzakta, serin ve kuru yerde, a\u011fz\u0131 kapal\u0131 olarak saklay\u0131n\u0131z.UYARILARHamile ve \u00e7ocuklar\u0131n kullanmadan \u00f6nce doktora dan\u0131\u015fmalar\u0131 \u00f6nerilir.A\u011fza al\u0131nmaz, i\u00e7ilmez.G\u00f6ze temas ettirmeyiniz, temas\u0131 halinde bol su ile y\u0131kay\u0131n\u0131z.\u0130\u00e7eri\u011finde herhangi bir maddeye kar\u015f\u0131 a\u015f\u0131r\u0131 duyarl\u0131l\u0131\u011f\u0131 olan ki\u015filerce kullan\u0131lmamal\u0131d\u0131r.<br \/>\nhide<\/p>\n<h3>\u00dcr\u00fcn \u00d6zellikleri<\/h3>\n<p>Net Miktar:\u00a050 mLFormu:\u00a0S\u0131v\u0131Kullan\u0131c\u0131:\u00a0\u00c7ocuk, Yeti\u015fkinMen\u015fei:\u00a0T\u00fcrkiyeRaf \u00d6mr\u00fc:\u00a03 Y\u0131lKategorisi: Bitkisel Ya\u011flar<br \/>\nhide<\/p>\n","protected":false},"excerpt":{"rendered":"<p>Alabal\u0131k Ya\u011f\u0131 Alabal\u0131k tatl\u0131 su ve denizlerden ya\u015fayan bir bal\u0131k t\u00fcr\u00fcd\u00fcr. Alabal\u0131k, di\u011fer bal\u0131klardan farkl\u0131 olarak daha \u00e7ok omega 3 ya\u011f\u0131na sahiptir. Alabal\u0131k ya\u011f\u0131 30 cm\u2019den<span class=\"excerpt-hellip\"> [\u2026]<\/span><\/p>\n","protected":false},"author":1,"featured_media":0,"parent":0,"menu_order":0,"comment_status":"closed","ping_status":"closed","template":"","meta":{"_joinchat":[],"footnotes":""},"class_list":["post-5234","page","type-page","status-publish","hentry"],"_links":{"self":[{"href":"https:\/\/aridamlasi.com\/tr\/wp-json\/wp\/v2\/pages\/5234","targetHints":{"allow":["GET"]}}],"collection":[{"href":"https:\/\/aridamlasi.com\/tr\/wp-json\/wp\/v2\/pages"}],"about":[{"href":"https:\/\/aridamlasi.com\/tr\/wp-json\/wp\/v2\/types\/page"}],"author":[{"embeddable":true,"href":"https:\/\/aridamlasi.com\/tr\/wp-json\/wp\/v2\/users\/1"}],"replies":[{"embeddable":true,"href":"https:\/\/aridamlasi.com\/tr\/wp-json\/wp\/v2\/comments?post=5234"}],"version-history":[{"count":0,"href":"https:\/\/aridamlasi.com\/tr\/wp-json\/wp\/v2\/pages\/5234\/revisions"}],"wp:attachment":[{"href":"https:\/\/aridamlasi.com\/tr\/wp-json\/wp\/v2\/media?parent=5234"}],"curies":[{"name":"wp","href":"https:\/\/api.w.org\/{rel}","templated":true}]}}