{"id":5236,"date":"2023-04-06T17:26:41","date_gmt":"2023-04-06T14:26:41","guid":{"rendered":"https:\/\/aridamlasi.fedze.com\/?page_id=5236"},"modified":"2023-06-22T09:57:04","modified_gmt":"2023-06-22T06:57:04","slug":"hint-yagi-50-ml","status":"publish","type":"page","link":"https:\/\/aridamlasi.com\/tr\/hint-yagi-50-ml\/","title":{"rendered":"Hint Ya\u011f\u0131 50 mL"},"content":{"rendered":"<p>Hint Ya\u011f\u0131<br \/>\nHint ya\u011f\u0131 bitkisi (Ricinus communis), anavatan\u0131 Hindistan olan, s\u00fctle\u011fengiller familyas\u0131ndan bir bitki t\u00fcr\u00fc.<br \/>\nline<br \/>\nARI DAMLASI<br \/>\nhide<\/p>\n<p><img decoding=\"async\" src=\"https:\/\/aridamlasi.com\/wp-content\/uploads\/2022\/03\/Hint-Yagi-50.png\" alt=\"Hint-Yagi-50\" \/><br \/>\nfull<br \/>\ncontain<br \/>\ncenter center<br \/>\nhide<\/p>\n<p>Hint ya\u011f\u0131 bitkisi\u00a0(Ricinus communis), anavatan\u0131\u00a0Hindistan\u00a0olan,\u00a0s\u00fctle\u011fengiller\u00a0familyas\u0131ndan bir bitki\u00a0t\u00fcr\u00fc. Tohumlar\u0131ndan elde edilen ya\u011f, renksiz-soluk sat\u0131 renkli, hafif kokulu bir ya\u011fd\u0131r.Sa\u00e7 Bak\u0131m Ya\u011f\u0131Sa\u00e7lar\u0131n\u0131z\u0131n parlakl\u0131k ve canl\u0131l\u0131k kazanmas\u0131na yard\u0131mc\u0131 olur.\u00a0So\u011fuk s\u0131k\u0131m (pres) y\u00f6ntemiyle elde edilmi\u015ftir.<br \/>\nhide<\/p>\n","protected":false},"excerpt":{"rendered":"<p>Hint Ya\u011f\u0131 Hint ya\u011f\u0131 bitkisi (Ricinus communis), anavatan\u0131 Hindistan olan, s\u00fctle\u011fengiller familyas\u0131ndan bir bitki t\u00fcr\u00fc. line ARI DAMLASI hide full contain center center hide Hint ya\u011f\u0131<span class=\"excerpt-hellip\"> [\u2026]<\/span><\/p>\n","protected":false},"author":1,"featured_media":0,"parent":0,"menu_order":0,"comment_status":"closed","ping_status":"closed","template":"","meta":{"_joinchat":[],"footnotes":""},"class_list":["post-5236","page","type-page","status-publish","hentry"],"_links":{"self":[{"href":"https:\/\/aridamlasi.com\/tr\/wp-json\/wp\/v2\/pages\/5236","targetHints":{"allow":["GET"]}}],"collection":[{"href":"https:\/\/aridamlasi.com\/tr\/wp-json\/wp\/v2\/pages"}],"about":[{"href":"https:\/\/aridamlasi.com\/tr\/wp-json\/wp\/v2\/types\/page"}],"author":[{"embeddable":true,"href":"https:\/\/aridamlasi.com\/tr\/wp-json\/wp\/v2\/users\/1"}],"replies":[{"embeddable":true,"href":"https:\/\/aridamlasi.com\/tr\/wp-json\/wp\/v2\/comments?post=5236"}],"version-history":[{"count":0,"href":"https:\/\/aridamlasi.com\/tr\/wp-json\/wp\/v2\/pages\/5236\/revisions"}],"wp:attachment":[{"href":"https:\/\/aridamlasi.com\/tr\/wp-json\/wp\/v2\/media?parent=5236"}],"curies":[{"name":"wp","href":"https:\/\/api.w.org\/{rel}","templated":true}]}}