{"id":5238,"date":"2023-04-06T17:27:30","date_gmt":"2023-04-06T14:27:30","guid":{"rendered":"https:\/\/aridamlasi.fedze.com\/?page_id=5238"},"modified":"2023-06-07T09:48:28","modified_gmt":"2023-06-07T06:48:28","slug":"kozalakli-bitkisel-karisim","status":"publish","type":"page","link":"https:\/\/aridamlasi.com\/tr\/kozalakli-bitkisel-karisim\/","title":{"rendered":"Kozalakl\u0131 Bitkisel Kar\u0131\u015f\u0131m"},"content":{"rendered":"<p>Kozalakl\u0131 Bitkisel Kar\u0131\u015f\u0131m<br \/>\nServi ya da Selvi (Cupressus), uzun boyu (30\u201335 m) ve koyu ye\u015fil yaprak dokusu ile uzaklardan dikkati \u00e7eker.<br \/>\nline<br \/>\nARI DAMLASI<br \/>\nhide<\/p>\n<p><img decoding=\"async\" src=\"https:\/\/aridamlasi.com\/wp-content\/uploads\/2022\/12\/Kozalakli-Macun-230.png\" alt=\"Kozalakl\u0131 Macun 230\" \/><br \/>\nfull<br \/>\ncontain<br \/>\ncenter center<br \/>\nhide<\/p>\n<p>Servi\u00a0ya da\u00a0Selvi\u00a0(Cupressus), uzun boyu (30\u201335 m) ve koyu ye\u015fil yaprak dokusu ile uzaklardan dikkati \u00e7eker. K\u00fc\u00e7\u00fck bir futbol topuna benzeyen kozalaklar\u0131, birbirini \u00f6rtecek \u015fekilde \u00fcst \u00fcste yerle\u015fmi\u015f pul yapraklar\u0131 ile di\u011fer i\u011fne yaprakl\u0131lardan farkl\u0131d\u0131r. Her dem ye\u015fil a\u011fa\u00e7 ve a\u011fa\u00e7c\u0131k halinde , yapraklar\u0131 pul \u015feklinde odunsu bitkilerdir. S\u00fcrg\u00fcnleri d\u00f6rt k\u00f6\u015feli ya da yuvarlak\u00e7a , ender olarak yass\u0131 g\u00f6r\u00fcl\u00fcr. Pul yapraklar s\u00fcrg\u00fcnlere kar\u015f\u0131l\u0131kl\u0131 d\u00f6rt s\u0131ra \u00fczerine dizilmi\u015f olup, pul yapraklar\u0131n stoma band\u0131 ya da lekeleri yoktur. Ancak arka y\u00fczlerinde ya\u011f bezeleri bulunur. Primer yapraklar i\u011fne yaprak \u015feklindedir.Tek evciklidir. Kozalaklar\u0131 kalkan \u015feklinde pullardan olu\u015fur ve pullar\u0131 olgunla\u015f\u0131nca da\u011f\u0131lmaz.And\u0131z a\u011fac\u0131n\u0131n olgunla\u015fm\u0131\u015f kozalaklar\u0131ndan elde edilen and\u0131z pekmezi, sofralarda s\u0131k g\u00f6r\u00fclen bir pekmez t\u00fcr\u00fcd\u00fcr. And\u0131z meyvesinin \u015f\u0131ras\u0131n\u0131n a\u00e7\u0131kta veya vakumda belirli bir k\u0131vama kadar koyula\u015ft\u0131r\u0131lmas\u0131yla elde edilen bir \u00fcr\u00fcnd\u00fcr. \u0130\u00e7erisinde \u00e7e\u015fitli vitamin ve mineraller bulunmaktad\u0131r.<br \/>\nhide<\/p>\n","protected":false},"excerpt":{"rendered":"<p>Kozalakl\u0131 Bitkisel Kar\u0131\u015f\u0131m Servi ya da Selvi (Cupressus), uzun boyu (30\u201335 m) ve koyu ye\u015fil yaprak dokusu ile uzaklardan dikkati \u00e7eker. line ARI DAMLASI hide full<span class=\"excerpt-hellip\"> [\u2026]<\/span><\/p>\n","protected":false},"author":1,"featured_media":0,"parent":0,"menu_order":0,"comment_status":"closed","ping_status":"closed","template":"","meta":{"_joinchat":[],"footnotes":""},"class_list":["post-5238","page","type-page","status-publish","hentry"],"_links":{"self":[{"href":"https:\/\/aridamlasi.com\/tr\/wp-json\/wp\/v2\/pages\/5238","targetHints":{"allow":["GET"]}}],"collection":[{"href":"https:\/\/aridamlasi.com\/tr\/wp-json\/wp\/v2\/pages"}],"about":[{"href":"https:\/\/aridamlasi.com\/tr\/wp-json\/wp\/v2\/types\/page"}],"author":[{"embeddable":true,"href":"https:\/\/aridamlasi.com\/tr\/wp-json\/wp\/v2\/users\/1"}],"replies":[{"embeddable":true,"href":"https:\/\/aridamlasi.com\/tr\/wp-json\/wp\/v2\/comments?post=5238"}],"version-history":[{"count":0,"href":"https:\/\/aridamlasi.com\/tr\/wp-json\/wp\/v2\/pages\/5238\/revisions"}],"wp:attachment":[{"href":"https:\/\/aridamlasi.com\/tr\/wp-json\/wp\/v2\/media?parent=5238"}],"curies":[{"name":"wp","href":"https:\/\/api.w.org\/{rel}","templated":true}]}}