{"id":5240,"date":"2023-04-06T17:27:52","date_gmt":"2023-04-06T14:27:52","guid":{"rendered":"https:\/\/aridamlasi.fedze.com\/?page_id=5240"},"modified":"2023-06-08T12:48:29","modified_gmt":"2023-06-08T09:48:29","slug":"kina-kina-ekstraktli-bitkisel-karisim-230-g","status":"publish","type":"page","link":"https:\/\/aridamlasi.com\/tr\/kina-kina-ekstraktli-bitkisel-karisim-230-g\/","title":{"rendered":"K\u0131na K\u0131na Ekstraktl\u0131 Bitkisel Kar\u0131\u015f\u0131m 230 g"},"content":{"rendered":"<p>K\u0131na K\u0131na Ekstraktl\u0131 Bitkisel Kar\u0131\u015f\u0131m<br \/>\nK\u0131nak\u0131na (Cinchona officinalis), Amazon Ya\u011fmur Ormanlar\u0131n\u0131n do\u011fal bir a\u011fac\u0131d\u0131r.<br \/>\nline<br \/>\nARI DAMLASI<br \/>\nhide<\/p>\n<p><img decoding=\"async\" src=\"https:\/\/aridamlasi.com\/wp-content\/uploads\/2022\/03\/Kina-Kina-AD.png\" alt=\"Kina-Kina-AD\" \/><br \/>\nfull<br \/>\ncontain<br \/>\ncenter center<br \/>\nhide<\/p>\n<p>K\u0131nak\u0131na\u00a0(Cinchona officinalis),\u00a0Amazon Ya\u011fmur Ormanlar\u0131n\u0131n do\u011fal bir a\u011fac\u0131d\u0131r.\u00a0Kinin\u00a0elde edilmesinde kullan\u0131l\u0131r. K\u0131nak\u0131na a\u011fac\u0131n\u0131n kurutulmu\u015f dal, g\u00f6vde veya k\u00f6k kabu\u011fudur. Peru ve Bolivya\u2019da yeti\u015fmektedir. \u0130\u00e7eri\u011finde tanen, rezin ve alkaloitler (Kinin ve Kinidin) bile\u015fikleri bulunmaktad\u0131r.Ke\u00e7iboynuzu unu,\u00a0Ceratonia siliqua t\u00fcr\u00fcn\u00fcn kurutulmu\u015f meyvesinin toz haline getirilmi\u015f halidir. Ke\u00e7iboynuzu 10 m kadar y\u00fckselebilen ve k\u0131\u015f\u0131n yaprak d\u00f6kmeyen bir a\u011fa\u00e7t\u0131r. \u00c7i\u00e7ekleri k\u00fc\u00e7\u00fck ve ye\u015fil renkli meyveleri ise esmer renkli ve sark\u0131kt\u0131r. Meyvesi 10-20 cm uzunlu\u011funda parlak kahve renklidir. \u00dclkemizde Akdeniz b\u00f6lgesinde yeti\u015fmektedir. Meyvenin \u00e7ekirdekleri \u00e7\u0131kart\u0131l\u0131p kurutulduktan sonra toz haline getirilir. Bile\u015fiminde potasyum, magnezyum, sodyum, kalsiyum, A, B2, B3 ve C vitamini bulunmaktad\u0131r.Spirulina,\u00a0bir filament\u00f6z siyanobakteri cinsi olan Arthrospira t\u00fcrlerinin kurutulmu\u015f k\u00fctlesine verilen isim. Spirulina, genellikle toz halinde veya ek olarak t\u00fcketilen mavi-ye\u015fil alglerdir. Yani, bilinenin aksine, bir bitki t\u00fcr\u00fc olmayan Spirulina su yosunu diye tan\u0131mlanabilir.\u00dcz\u00fcm \u00c7ekirde\u011fi (Vitis vinifera),\u00a0\u00fcz\u00fcm meyvesinin \u00e7ekirdek k\u0131sm\u0131d\u0131r. Bile\u015fiminde demir, potasyum, kalsiyum, A, B, C vitaminleri ve resveratol etken maddeleri bulunmaktad\u0131r.Bu \u00fcr\u00fcnde bulunan t\u00fcm bitki ve bitki ekstraktlar\u0131 \u00f6zenle se\u00e7ilip g\u0131da g\u00fcvenli\u011fi standartlar\u0131yla \u00fcreterek t\u00fcketiciye sunulmaktad\u0131r.\u0130lave \u015feker, koruyucu ve renklendirici i\u00e7ermez.<br \/>\nhide<\/p>\n","protected":false},"excerpt":{"rendered":"<p>K\u0131na K\u0131na Ekstraktl\u0131 Bitkisel Kar\u0131\u015f\u0131m K\u0131nak\u0131na (Cinchona officinalis), Amazon Ya\u011fmur Ormanlar\u0131n\u0131n do\u011fal bir a\u011fac\u0131d\u0131r. line ARI DAMLASI hide full contain center center hide K\u0131nak\u0131na\u00a0(Cinchona officinalis),\u00a0Amazon Ya\u011fmur<span class=\"excerpt-hellip\"> [\u2026]<\/span><\/p>\n","protected":false},"author":1,"featured_media":0,"parent":0,"menu_order":0,"comment_status":"closed","ping_status":"closed","template":"","meta":{"_joinchat":[],"footnotes":""},"class_list":["post-5240","page","type-page","status-publish","hentry"],"_links":{"self":[{"href":"https:\/\/aridamlasi.com\/tr\/wp-json\/wp\/v2\/pages\/5240","targetHints":{"allow":["GET"]}}],"collection":[{"href":"https:\/\/aridamlasi.com\/tr\/wp-json\/wp\/v2\/pages"}],"about":[{"href":"https:\/\/aridamlasi.com\/tr\/wp-json\/wp\/v2\/types\/page"}],"author":[{"embeddable":true,"href":"https:\/\/aridamlasi.com\/tr\/wp-json\/wp\/v2\/users\/1"}],"replies":[{"embeddable":true,"href":"https:\/\/aridamlasi.com\/tr\/wp-json\/wp\/v2\/comments?post=5240"}],"version-history":[{"count":0,"href":"https:\/\/aridamlasi.com\/tr\/wp-json\/wp\/v2\/pages\/5240\/revisions"}],"wp:attachment":[{"href":"https:\/\/aridamlasi.com\/tr\/wp-json\/wp\/v2\/media?parent=5240"}],"curies":[{"name":"wp","href":"https:\/\/api.w.org\/{rel}","templated":true}]}}