{"id":5242,"date":"2023-04-06T17:28:22","date_gmt":"2023-04-06T14:28:22","guid":{"rendered":"https:\/\/aridamlasi.fedze.com\/?page_id=5242"},"modified":"2023-06-21T11:09:41","modified_gmt":"2023-06-21T08:09:41","slug":"propolis-zerdecal-zencefil-ekinezya-ekstraktli-keciboynuzu-pekmezi-250-ml-yetiskin","status":"publish","type":"page","link":"https:\/\/aridamlasi.com\/tr\/propolis-zerdecal-zencefil-ekinezya-ekstraktli-keciboynuzu-pekmezi-250-ml-yetiskin\/","title":{"rendered":"Propolis Zerde\u00e7al Zencefil Ekinezya Ekstraktl\u0131 Ke\u00e7iboynuzu Pekmezi 250 mL \u2013 Yeti\u015fkin"},"content":{"rendered":"<p>Propolis Zerde\u00e7al Zencefil Ekinezya Ekstraktl\u0131 Ke\u00e7iboynuzu Pekmezi<br \/>\nPropolis, k\u0131saca ar\u0131lar\u0131n belirli bitki ve a\u011fa\u00e7lar\u0131n yaprak, tomurcuk ve g\u00f6vdelerinden toplad\u0131klar\u0131 salg\u0131lar\u0131 kendi enzimleri ile i\u015fleyerek \u00fcretti\u011fi re\u00e7inemsi bir madde olarak tan\u0131mlan\u0131yor.<br \/>\nline<br \/>\nARI DAMLASI<br \/>\nhide<\/p>\n<p><img decoding=\"async\" src=\"https:\/\/aridamlasi.com\/wp-content\/uploads\/2022\/03\/keciboynuzu-zencefil-zerdecal-3d.png\" alt=\"keciboynuzu-zencefil-zerdecal-3d\" \/><br \/>\nfull<br \/>\ncontain<br \/>\ncenter center<br \/>\nhide<\/p>\n<p>Propolis,\u00a0k\u0131saca ar\u0131lar\u0131n belirli bitki ve a\u011fa\u00e7lar\u0131n yaprak, tomurcuk ve g\u00f6vdelerinden toplad\u0131klar\u0131 salg\u0131lar\u0131 kendi enzimleri ile i\u015fleyerek \u00fcretti\u011fi re\u00e7inemsi bir madde olarak tan\u0131mlan\u0131yor. Ar\u0131lar, bu maddeyi kovanlar\u0131n\u0131 yabanc\u0131 maddelerden, \u00e7e\u015fitli bakterilerden ve mantarlardan korumak i\u00e7in \u00fcretiyor. Ayr\u0131ca propolis, ar\u0131lar taraf\u0131ndan kovandaki \u00e7atlaklar\u0131 onarmak ve petekleri sa\u011flamla\u015ft\u0131rmak i\u00e7in g\u00fc\u00e7l\u00fc bir yap\u0131 malzemesi olarak da kullan\u0131l\u0131yor. Rengi ye\u015filden k\u0131rm\u0131z\u0131 ve kahverengiye kadar de\u011fi\u015febilen propolis, kendine \u00f6zg\u00fc bir kokuya sahiptir. So\u011fukta k\u0131r\u0131lgan ve sert, s\u0131cakta ise yap\u0131\u015fkand\u0131r. Genel olarak do\u011fal yap\u0131s\u0131nda %30 mum, %50 re\u00e7ine ve bitkisel balsam, %10\u00a0esansiyel\u00a0ve aromatik ya\u011flar, %5 polen ve di\u011fer maddeler vard\u0131r. Propoliste \u00e7ok fazla flavanoid ve fenolik maddeler bulunmaktad\u0131r.Zencefil\u00a0(Zingiber officinale),\u00a0zencefilgiller\u00a0familyas\u0131ndan bir metreye kadar boylanabilen, ince-uzun yaprakl\u0131, sar\u0131-k\u0131rm\u0131z\u0131 renklerde \u00e7i\u00e7ekler a\u00e7an, k\u00f6k yumrular\u0131 baharat ve ila\u00e7 olarak kullan\u0131lan, \u00e7ok y\u0131ll\u0131k bir bitkidir. Ba\u015fta\u00a0\u00c7in\u00a0olmak \u00fczere,\u00a0Hindistan,\u00a0Endonezya,\u00a0Vietnam,\u00a0Japonya\u00a0gibi tropik ya da yar\u0131 tropik iklimlerde yeti\u015fir. D\u0131\u015f g\u00f6r\u00fcn\u00fc\u015f olarak\u00a0Yerelmas\u0131\u00a0ile ayn\u0131d\u0131r.Zerde\u00e7al\u00a0(Curcuma longa),\u00a0zencefilgiller\u00a0(Zingiberaceae) familyas\u0131ndan sar\u0131 \u00e7i\u00e7ekli, b\u00fcy\u00fck yaprakl\u0131, \u00e7ok y\u0131ll\u0131k otsu bir bitki\u00a0cinsidir.\u00a0Hint safran\u0131\u00a0olarak da bilinir. Anavatan\u0131\u00a0G\u00fcney Asya\u2019d\u0131r. Di\u011fer isimleri zerde\u00e7\u00f6p, safran k\u00f6k\u00fc, sar\u0131boya, zerde\u00e7av, hint safran\u0131d\u0131r. Ba\u015fta\u00a0Pakistan,\u00a0Hindistan,\u00a0\u00c7in\u00a0ve\u00a0Banglade\u015f\u00a0olmak \u00fczere Asya\u2019n\u0131n tropik b\u00f6lgelerinde yeti\u015fir. Bitkinin toprak alt\u0131ndaki ana\u00a0k\u00f6kleri\u00a0yumurta veya armut seklindedir. Yan k\u00f6kleri ise parmak \u015feklindedir. Rizomlar\u0131n \u00fcst y\u00fcz\u00fc sar\u0131ms\u0131, i\u00e7 y\u00fcz\u00fc ise sar\u0131 renklidir. Ac\u0131ms\u0131 bir tad\u0131 vard\u0131r.Ekinezya,\u00a0Asteraceae(Compositae) familyas\u0131ndan otsu, \u00e7ok y\u0131ll\u0131k bir bitkidir. G\u00f6vdesi kal\u0131n ve t\u00fcyl\u00fcd\u00fcr. Yapraklar\u0131 uzun ve m\u0131zra\u011f\u0131ms\u0131 olup tepedekiler saps\u0131z alt taraftakiler ise uzun sapl\u0131d\u0131r. \u00c7i\u00e7ekleri eflatun renginde ve \u00e7ok say\u0131da boru seklinde \u00e7i\u00e7eklerden olu\u015fmu\u015f konik bir disk seklindedir.<br \/>\nhide<\/p>\n","protected":false},"excerpt":{"rendered":"<p>Propolis Zerde\u00e7al Zencefil Ekinezya Ekstraktl\u0131 Ke\u00e7iboynuzu Pekmezi Propolis, k\u0131saca ar\u0131lar\u0131n belirli bitki ve a\u011fa\u00e7lar\u0131n yaprak, tomurcuk ve g\u00f6vdelerinden toplad\u0131klar\u0131 salg\u0131lar\u0131 kendi enzimleri ile i\u015fleyerek \u00fcretti\u011fi re\u00e7inemsi<span class=\"excerpt-hellip\"> [\u2026]<\/span><\/p>\n","protected":false},"author":1,"featured_media":0,"parent":0,"menu_order":0,"comment_status":"closed","ping_status":"closed","template":"","meta":{"_joinchat":[],"footnotes":""},"class_list":["post-5242","page","type-page","status-publish","hentry"],"_links":{"self":[{"href":"https:\/\/aridamlasi.com\/tr\/wp-json\/wp\/v2\/pages\/5242","targetHints":{"allow":["GET"]}}],"collection":[{"href":"https:\/\/aridamlasi.com\/tr\/wp-json\/wp\/v2\/pages"}],"about":[{"href":"https:\/\/aridamlasi.com\/tr\/wp-json\/wp\/v2\/types\/page"}],"author":[{"embeddable":true,"href":"https:\/\/aridamlasi.com\/tr\/wp-json\/wp\/v2\/users\/1"}],"replies":[{"embeddable":true,"href":"https:\/\/aridamlasi.com\/tr\/wp-json\/wp\/v2\/comments?post=5242"}],"version-history":[{"count":0,"href":"https:\/\/aridamlasi.com\/tr\/wp-json\/wp\/v2\/pages\/5242\/revisions"}],"wp:attachment":[{"href":"https:\/\/aridamlasi.com\/tr\/wp-json\/wp\/v2\/media?parent=5242"}],"curies":[{"name":"wp","href":"https:\/\/api.w.org\/{rel}","templated":true}]}}