{"id":5246,"date":"2023-04-06T17:30:09","date_gmt":"2023-04-06T14:30:09","guid":{"rendered":"https:\/\/aridamlasi.fedze.com\/?page_id=5246"},"modified":"2023-06-21T10:45:19","modified_gmt":"2023-06-21T07:45:19","slug":"at-kestanesi-ekstraktli-bitkisel-karisim-230-gr","status":"publish","type":"page","link":"https:\/\/aridamlasi.com\/tr\/at-kestanesi-ekstraktli-bitkisel-karisim-230-gr\/","title":{"rendered":"At Kestanesi Ekstraktl\u0131 Bitkisel Kar\u0131\u015f\u0131m 230 gr"},"content":{"rendered":"<p>At Kestanesi Ekstraktl\u0131 Bitkisel Kar\u0131\u015f\u0131m<br \/>\nAt Kestanesi, sapindaceae familyas\u0131ndan Aesculus cinsinden a\u011fa\u00e7 ya da \u00e7al\u0131 formundaki k\u0131\u015f\u0131n yapraklar\u0131n\u0131 d\u00f6ken t\u00fcrlerin ortak ad\u0131.<br \/>\nline<br \/>\nARI DAMLASI<br \/>\nhide<\/p>\n<p><img decoding=\"async\" src=\"https:\/\/aridamlasi.com\/wp-content\/uploads\/2022\/03\/At-Kestanesi-AD.png\" alt=\"At-Kestanesi-AD\" \/><br \/>\nfull<br \/>\ncontain<br \/>\ncenter center<br \/>\nhide<\/p>\n<p>At Kestanesi,\u00a0sapindaceae\u00a0familyas\u0131ndan\u00a0Aesculus\u00a0cinsinden\u00a0a\u011fa\u00e7\u00a0ya da\u00a0\u00e7al\u0131\u00a0formundaki k\u0131\u015f\u0131n yapraklar\u0131n\u0131 d\u00f6ken t\u00fcrlerin ortak ad\u0131. Yapraklar\u00a0uzun sapl\u0131 \u0131\u015f\u0131nsal t\u00fcys\u00fc 5-9 yaprak\u00e7\u0131kl\u0131 olup el g\u00f6r\u00fcn\u00fc\u015f\u00fcnde kenarlar\u0131 di\u015fli ya da d\u00fczd\u00fcr. Sap\u0131 uzundur. Dizili\u015fi kar\u015f\u0131l\u0131kl\u0131; kenarlar\u0131 d\u00fcz veya di\u015flidir. \u00c7i\u00e7ekleri bir evcikli ya da erdi\u015fidir. Bile\u015fik salk\u0131m kurulu\u015fundad\u0131r. Dik duran uzun bir eksen etraf\u0131nda toplanm\u0131\u015ft\u0131r.\u00a0Meyve\u00a0\u00fczeri dikenli veya d\u00fcz b\u00fcy\u00fck bir kaps\u00fcld\u00fcr. Kestaneden tamamen farkl\u0131 bir \u00fcr\u00fcnd\u00fcr.\u00dczerlik Tohumu,\u00a0peganum harmala t\u00fcr\u00fcn\u00fcn olgun tohumlar\u0131d\u0131r. Beyaz \u00e7i\u00e7ekli \u00e7ok y\u0131ll\u0131k bir bitkidir.Ac\u0131 Yav\u015fan,\u00a0bilim literat\u00fcr\u00fcnde teucrium polium\u00a0 olarak bilinen\u00a0yav\u015fan otu, s\u0131racaotugiller ailesine aittir \u00e7ok y\u0131ll\u0131k bir ot t\u00fcr\u00fcd\u00fcr. Bir\u00e7ok ot ile \u00e7ok\u00e7a kar\u0131\u015ft\u0131r\u0131l\u0131r.Bu \u00fcr\u00fcnde bulunan t\u00fcm bitki ve bitki ekstraktlar\u0131 \u00f6zenle se\u00e7ilip g\u0131da g\u00fcvenli\u011fi standartlar\u0131yla \u00fcreterek t\u00fcketiciye sunulmaktad\u0131r.\u0130lave \u015feker, koruyucu ve renklendirici i\u00e7ermez.<br \/>\nhide<\/p>\n","protected":false},"excerpt":{"rendered":"<p>At Kestanesi Ekstraktl\u0131 Bitkisel Kar\u0131\u015f\u0131m At Kestanesi, sapindaceae familyas\u0131ndan Aesculus cinsinden a\u011fa\u00e7 ya da \u00e7al\u0131 formundaki k\u0131\u015f\u0131n yapraklar\u0131n\u0131 d\u00f6ken t\u00fcrlerin ortak ad\u0131. line ARI DAMLASI hide<span class=\"excerpt-hellip\"> [\u2026]<\/span><\/p>\n","protected":false},"author":1,"featured_media":0,"parent":0,"menu_order":0,"comment_status":"closed","ping_status":"closed","template":"","meta":{"_joinchat":[],"footnotes":""},"class_list":["post-5246","page","type-page","status-publish","hentry"],"_links":{"self":[{"href":"https:\/\/aridamlasi.com\/tr\/wp-json\/wp\/v2\/pages\/5246","targetHints":{"allow":["GET"]}}],"collection":[{"href":"https:\/\/aridamlasi.com\/tr\/wp-json\/wp\/v2\/pages"}],"about":[{"href":"https:\/\/aridamlasi.com\/tr\/wp-json\/wp\/v2\/types\/page"}],"author":[{"embeddable":true,"href":"https:\/\/aridamlasi.com\/tr\/wp-json\/wp\/v2\/users\/1"}],"replies":[{"embeddable":true,"href":"https:\/\/aridamlasi.com\/tr\/wp-json\/wp\/v2\/comments?post=5246"}],"version-history":[{"count":0,"href":"https:\/\/aridamlasi.com\/tr\/wp-json\/wp\/v2\/pages\/5246\/revisions"}],"wp:attachment":[{"href":"https:\/\/aridamlasi.com\/tr\/wp-json\/wp\/v2\/media?parent=5246"}],"curies":[{"name":"wp","href":"https:\/\/api.w.org\/{rel}","templated":true}]}}