{"id":5264,"date":"2023-04-06T17:34:06","date_gmt":"2023-04-06T14:34:06","guid":{"rendered":"https:\/\/aridamlasi.fedze.com\/?page_id=5264"},"modified":"2023-05-05T16:36:05","modified_gmt":"2023-05-05T13:36:05","slug":"uzum-pekmezi-640-g","status":"publish","type":"page","link":"https:\/\/aridamlasi.com\/tr\/uzum-pekmezi-640-g\/","title":{"rendered":"\u00dcz\u00fcm Pekmezi 640 g"},"content":{"rendered":"<p>\u00dcz\u00fcm Pekmezi<br \/>Tatl\u0131 S\u0131v\u0131 \u00dcz\u00fcm Pekmezi, fermente olmam\u0131\u015f taze \u00fcz\u00fcm veya kuru \u00fcz\u00fcm ekstrakt\u0131n\u0131n uygun y\u00f6ntemlerle asitli\u011finin azalt\u0131l\u0131p durultulmas\u0131ndan sonra tekni\u011fine uygun olarak vakum alt\u0131nda veya a\u00e7\u0131kta koyula\u015ft\u0131r\u0131lmas\u0131 ile elde edilen k\u0131vaml\u0131 \u00fcr\u00fcn\u00fc ifade eder.<br \/>line<br \/>ARI DAMLASI<br \/>hide<\/p>\n<p><img decoding=\"async\" src=\"https:\/\/aridamlasi.com\/wp-content\/uploads\/2022\/03\/Uzum-Pekmezi-AD-3.png\" alt=\"Uzum-Pekmezi-AD\" \/><br \/>full<br \/>contain<br \/>center center<br \/>hide<\/p>\n<p>Tatl\u0131 S\u0131v\u0131 \u00dcz\u00fcm Pekmezi,\u00a0fermente olmam\u0131\u015f taze \u00fcz\u00fcm veya kuru \u00fcz\u00fcm ekstrakt\u0131n\u0131n uygun y\u00f6ntemlerle asitli\u011finin azalt\u0131l\u0131p durultulmas\u0131ndan sonra tekni\u011fine uygun olarak vakum alt\u0131nda veya a\u00e7\u0131kta koyula\u015ft\u0131r\u0131lmas\u0131 ile elde edilen k\u0131vaml\u0131 \u00fcr\u00fcn\u00fc ifade eder. Ege ve Akdeniz B\u00f6lgesinden se\u00e7ilen \u00fcz\u00fcmler \u00f6zenle se\u00e7ilip y\u0131kand\u0131ktan sonra vakumlu kazanlarda elde edilen k\u0131vaml\u0131 bir \u00a0\u00a0pekmezdir.Pekmezin besin de\u011ferleri, yap\u0131ld\u0131\u011f\u0131 meyveye g\u00f6re de\u011fi\u015fkenlik g\u00f6stermekle birlikte, y\u00fcksek karbonhidrat i\u00e7eri\u011fi dolay\u0131s\u0131yla iyi bir enerji kayna\u011f\u0131d\u0131r. B vitaminleri ve \u00e7e\u015fitli mineral maddeleri i\u00e7ermektedir. Pekmezimizin k\u0131vam\u0131n\u0131n biraz s\u0131v\u0131 olmas\u0131n\u0131n nedeni; HMF de\u011ferinin y\u00fcksek olmamas\u0131 i\u00e7in kapal\u0131 ve vakumlu kazanlarda y\u00fcksek \u0131s\u0131l i\u015flem uygulanmadan uzun s\u00fcre kaynamadan \u00fcretilmesidir. HMF de\u011ferinin y\u00fcksek olmas\u0131; kanserojen madde olu\u015fmas\u0131 demektir.\u00dcz\u00fcm pekmezimiz, 30.06.2017 tarih ve 30110 say\u0131l\u0131 Resmi Gazete\u2019de yay\u0131mlanan T\u00fcrk G\u0131da Kodeksi \u00dcz\u00fcm Pekmezi Tebli\u011fi\u2019ne uygun olarak \u00fcretilmi\u015ftir.T\u00fcrk G\u0131da Kodeksi gere\u011fince \u00fcz\u00fcm pekmezi katk\u0131 maddesi i\u00e7ermez.<br \/>hide<\/p>\n","protected":false},"excerpt":{"rendered":"<p>\u00dcz\u00fcm PekmeziTatl\u0131 S\u0131v\u0131 \u00dcz\u00fcm Pekmezi, fermente olmam\u0131\u015f taze \u00fcz\u00fcm veya kuru \u00fcz\u00fcm ekstrakt\u0131n\u0131n uygun y\u00f6ntemlerle asitli\u011finin azalt\u0131l\u0131p durultulmas\u0131ndan sonra tekni\u011fine uygun olarak vakum alt\u0131nda veya a\u00e7\u0131kta<span class=\"excerpt-hellip\"> [\u2026]<\/span><\/p>\n","protected":false},"author":1,"featured_media":0,"parent":0,"menu_order":0,"comment_status":"closed","ping_status":"closed","template":"","meta":{"_joinchat":[],"footnotes":""},"class_list":["post-5264","page","type-page","status-publish","hentry"],"_links":{"self":[{"href":"https:\/\/aridamlasi.com\/tr\/wp-json\/wp\/v2\/pages\/5264","targetHints":{"allow":["GET"]}}],"collection":[{"href":"https:\/\/aridamlasi.com\/tr\/wp-json\/wp\/v2\/pages"}],"about":[{"href":"https:\/\/aridamlasi.com\/tr\/wp-json\/wp\/v2\/types\/page"}],"author":[{"embeddable":true,"href":"https:\/\/aridamlasi.com\/tr\/wp-json\/wp\/v2\/users\/1"}],"replies":[{"embeddable":true,"href":"https:\/\/aridamlasi.com\/tr\/wp-json\/wp\/v2\/comments?post=5264"}],"version-history":[{"count":0,"href":"https:\/\/aridamlasi.com\/tr\/wp-json\/wp\/v2\/pages\/5264\/revisions"}],"wp:attachment":[{"href":"https:\/\/aridamlasi.com\/tr\/wp-json\/wp\/v2\/media?parent=5264"}],"curies":[{"name":"wp","href":"https:\/\/api.w.org\/{rel}","templated":true}]}}