{"id":5270,"date":"2023-04-06T17:35:23","date_gmt":"2023-04-06T14:35:23","guid":{"rendered":"https:\/\/aridamlasi.fedze.com\/?page_id=5270"},"modified":"2023-05-05T12:39:58","modified_gmt":"2023-05-05T09:39:58","slug":"keciboynuzu-pekmezi-640-g","status":"publish","type":"page","link":"https:\/\/aridamlasi.com\/tr\/keciboynuzu-pekmezi-640-g\/","title":{"rendered":"Ke\u00e7iboynuzu Pekmezi 640 g"},"content":{"rendered":"<p>Ke\u00e7iboynuzu Pekmezi<br \/>Ke\u00e7iboynuzu (Ceratonia siliqua) veya harnup, baklagiller (Fabaceae) familyas\u0131ndan olup Akdeniz ikliminin h\u00fck\u00fcm s\u00fcrd\u00fc\u011f\u00fc yerlerde do\u011fal olarak yeti\u015fen ve baklalar\u0131 (meyveleri) yenen, herdem ye\u015fil \u00e7al\u0131 ya da a\u011fa\u00e7 formunda olan bir bitki t\u00fcr\u00fcd\u00fcr.<br \/>line<br \/>ARI DAMLASI<br \/>hide<\/p>\n<p><img decoding=\"async\" src=\"https:\/\/aridamlasi.com\/wp-content\/uploads\/2022\/03\/Keciboynuzu-Pekmezi-AD-2.png\" alt=\"Keciboynuzu-Pekmezi-AD\" \/><br \/>full<br \/>contain<br \/>center center<br \/>hide<\/p>\n<p>Ke\u00e7iboynuzu\u00a0(Ceratonia siliqua) veya\u00a0harnup,\u00a0baklagiller\u00a0(Fabaceae) familyas\u0131ndan olup\u00a0Akdeniz\u00a0ikliminin h\u00fck\u00fcm s\u00fcrd\u00fc\u011f\u00fc yerlerde do\u011fal olarak yeti\u015fen ve baklalar\u0131 (meyveleri) yenen, herdem ye\u015fil\u00a0\u00e7al\u0131\u00a0ya da\u00a0a\u011fa\u00e7\u00a0formunda olan bir bitki t\u00fcr\u00fcd\u00fcr. Ke\u00e7iboynuzu \u00fclkemizde y\u00f6reden y\u00f6reye \u2018Harnup, Boynuz, Kerti\u2019 diye de an\u0131lmaktad\u0131r.Ke\u00e7iboynuzu Pekmezi ise; ke\u00e7iboynuzu meyvesinden tekni\u011fine uygun olarak \u00f6z\u00fctlenen ve berrakla\u015ft\u0131r\u0131lan \u015f\u0131ran\u0131n a\u00e7\u0131kta veya vakum alt\u0131nda konsantre edilmesi ile \u00fcretilen \u00fcr\u00fcnd\u00fcr. Ke\u00e7iboynuzu zengin besin de\u011ferlerinin yan\u0131 s\u0131ra fenolik maddeler de i\u00e7erir. Bu fenolik maddelerden biri de ke\u00e7iboynuzunda bulunan gallik asittir. Gallik asit ayn\u0131 zamanda bir antioksidand\u0131r. Lif ve do\u011fal \u015feker bile\u015fenleri bak\u0131m\u0131ndan olduk\u00e7a zengin bir besin olan ke\u00e7iboynuzu pekmezi, ayn\u0131 zamanda protein ve ya\u011f asitleri de i\u00e7ermektedir.T\u00fcrk G\u0131da Kodeksi G\u0131da Katk\u0131 Maddeleri Y\u00f6netmeli\u011fi gere\u011fince pekmez katk\u0131 maddesi i\u00e7ermez.<br \/>hide<\/p>\n","protected":false},"excerpt":{"rendered":"<p>Ke\u00e7iboynuzu PekmeziKe\u00e7iboynuzu (Ceratonia siliqua) veya harnup, baklagiller (Fabaceae) familyas\u0131ndan olup Akdeniz ikliminin h\u00fck\u00fcm s\u00fcrd\u00fc\u011f\u00fc yerlerde do\u011fal olarak yeti\u015fen ve baklalar\u0131 (meyveleri) yenen, herdem ye\u015fil \u00e7al\u0131 ya<span class=\"excerpt-hellip\"> [\u2026]<\/span><\/p>\n","protected":false},"author":1,"featured_media":0,"parent":0,"menu_order":0,"comment_status":"closed","ping_status":"closed","template":"","meta":{"_joinchat":[],"footnotes":""},"class_list":["post-5270","page","type-page","status-publish","hentry"],"_links":{"self":[{"href":"https:\/\/aridamlasi.com\/tr\/wp-json\/wp\/v2\/pages\/5270","targetHints":{"allow":["GET"]}}],"collection":[{"href":"https:\/\/aridamlasi.com\/tr\/wp-json\/wp\/v2\/pages"}],"about":[{"href":"https:\/\/aridamlasi.com\/tr\/wp-json\/wp\/v2\/types\/page"}],"author":[{"embeddable":true,"href":"https:\/\/aridamlasi.com\/tr\/wp-json\/wp\/v2\/users\/1"}],"replies":[{"embeddable":true,"href":"https:\/\/aridamlasi.com\/tr\/wp-json\/wp\/v2\/comments?post=5270"}],"version-history":[{"count":0,"href":"https:\/\/aridamlasi.com\/tr\/wp-json\/wp\/v2\/pages\/5270\/revisions"}],"wp:attachment":[{"href":"https:\/\/aridamlasi.com\/tr\/wp-json\/wp\/v2\/media?parent=5270"}],"curies":[{"name":"wp","href":"https:\/\/api.w.org\/{rel}","templated":true}]}}