{"id":5274,"date":"2023-04-06T17:36:18","date_gmt":"2023-04-06T14:36:18","guid":{"rendered":"https:\/\/aridamlasi.fedze.com\/?page_id=5274"},"modified":"2023-06-23T16:03:43","modified_gmt":"2023-06-23T13:03:43","slug":"keciboynuzu-ozu","status":"publish","type":"page","link":"https:\/\/aridamlasi.com\/tr\/keciboynuzu-ozu\/","title":{"rendered":"Ke\u00e7iboynuzu \u00d6z\u00fc"},"content":{"rendered":"<p>Ke\u00e7iboynuzu \u00d6z\u00fc<br \/>\nKe\u00e7iboynuzu (Ceratonia siliqua) veya harnup, baklagiller (Fabaceae) familyas\u0131ndan olup Akdeniz ikliminin h\u00fck\u00fcm s\u00fcrd\u00fc\u011f\u00fc yerlerde do\u011fal olarak yeti\u015fen ve baklalar\u0131 (meyveleri) yenen, herdem ye\u015fil \u00e7al\u0131 ya da a\u011fa\u00e7 formunda olan bir bitki t\u00fcr\u00fcd\u00fcr.<br \/>\nline<br \/>\nARI DAMLASI<br \/>\nhide<\/p>\n<p><img decoding=\"async\" src=\"https:\/\/aridamlasi.com\/wp-content\/uploads\/2022\/03\/Keciboynuzu-Ozu-AD-3.png\" alt=\"Keciboynuzu-Ozu-AD\" \/><br \/>\nfull<br \/>\ncontain<br \/>\ncenter center<br \/>\nhide<\/p>\n<p>Ke\u00e7iboynuzu\u00a0(Ceratonia siliqua) veya\u00a0harnup,\u00a0baklagiller\u00a0(Fabaceae) familyas\u0131ndan olup\u00a0Akdeniz\u00a0ikliminin h\u00fck\u00fcm s\u00fcrd\u00fc\u011f\u00fc yerlerde do\u011fal olarak yeti\u015fen ve baklalar\u0131 (meyveleri) yenen, herdem ye\u015fil\u00a0\u00e7al\u0131\u00a0ya da\u00a0a\u011fa\u00e7\u00a0formunda olan bir bitki t\u00fcr\u00fcd\u00fcr. Ke\u00e7iboynuzu \u00fclkemizde y\u00f6reden y\u00f6reye \u2018Harnup, Boynuz, Kerti\u2019 diye de an\u0131lmaktad\u0131r. Ke\u00e7iboynuzu potasyum, kalsiyum, sodyum, magnezyum ve demir mineralleriyle zengin bir besin kayna\u011f\u0131d\u0131r.Ke\u00e7iboynuzu \u00d6z\u00fc ise; ke\u00e7iboynuzu meyvesinden tekni\u011fine uygun olarak \u00f6z\u00fctlenen ve berrakla\u015ft\u0131r\u0131lan \u015f\u0131ran\u0131n ve meyve \u00e7ekirdeklerinin toz haliyle birlikte a\u00e7\u0131kta veya vakum alt\u0131nda konsantre edilmesi ile \u00fcretilen \u00fcr\u00fcnd\u00fcr. Ke\u00e7iboynuzu \u00f6z\u00fc, ke\u00e7iboynuzu pekmezi gibi s\u0131v\u0131 olmas\u0131na ra\u011fmen daha koyu k\u0131vaml\u0131d\u0131r. Ke\u00e7iboynuzu \u00f6z\u00fcnde \u015f\u0131raya so\u011fuk inf\u00fczyon y\u00f6ntemi uygulanmaktad\u0131r.\u0130lave \u015feker ve koruyucu i\u00e7ermez.<br \/>\nhide<\/p>\n","protected":false},"excerpt":{"rendered":"<p>Ke\u00e7iboynuzu \u00d6z\u00fc Ke\u00e7iboynuzu (Ceratonia siliqua) veya harnup, baklagiller (Fabaceae) familyas\u0131ndan olup Akdeniz ikliminin h\u00fck\u00fcm s\u00fcrd\u00fc\u011f\u00fc yerlerde do\u011fal olarak yeti\u015fen ve baklalar\u0131 (meyveleri) yenen, herdem ye\u015fil \u00e7al\u0131<span class=\"excerpt-hellip\"> [\u2026]<\/span><\/p>\n","protected":false},"author":1,"featured_media":0,"parent":0,"menu_order":0,"comment_status":"closed","ping_status":"closed","template":"","meta":{"_joinchat":[],"footnotes":""},"class_list":["post-5274","page","type-page","status-publish","hentry"],"_links":{"self":[{"href":"https:\/\/aridamlasi.com\/tr\/wp-json\/wp\/v2\/pages\/5274","targetHints":{"allow":["GET"]}}],"collection":[{"href":"https:\/\/aridamlasi.com\/tr\/wp-json\/wp\/v2\/pages"}],"about":[{"href":"https:\/\/aridamlasi.com\/tr\/wp-json\/wp\/v2\/types\/page"}],"author":[{"embeddable":true,"href":"https:\/\/aridamlasi.com\/tr\/wp-json\/wp\/v2\/users\/1"}],"replies":[{"embeddable":true,"href":"https:\/\/aridamlasi.com\/tr\/wp-json\/wp\/v2\/comments?post=5274"}],"version-history":[{"count":0,"href":"https:\/\/aridamlasi.com\/tr\/wp-json\/wp\/v2\/pages\/5274\/revisions"}],"wp:attachment":[{"href":"https:\/\/aridamlasi.com\/tr\/wp-json\/wp\/v2\/media?parent=5274"}],"curies":[{"name":"wp","href":"https:\/\/api.w.org\/{rel}","templated":true}]}}