{"id":5310,"date":"2023-04-17T15:54:48","date_gmt":"2023-04-17T12:54:48","guid":{"rendered":"https:\/\/aridamlasi.fedze.com\/?page_id=5310"},"modified":"2023-05-05T11:46:48","modified_gmt":"2023-05-05T08:46:48","slug":"gida-takviyeleri","status":"publish","type":"page","link":"https:\/\/aridamlasi.com\/tr\/gida-takviyeleri\/","title":{"rendered":"G\u0131da Takviyeleri"},"content":{"rendered":"<p>G\u0131da Takviyeleri<br \/>line<br \/>hide<\/p>\n<p><img decoding=\"async\" src=\"https:\/\/aridamlasi.com\/wp-content\/uploads\/2023\/04\/omega-3-iceren-takviye-edici-gida-097-ac.jpg\" alt=\"omega-3-iceren-takviye-edici-gida-097-ac\" \/><br \/>Omega 3 \u0130\u00e7eren Takviye Edici G\u0131da<br \/><a href=\"https:\/\/aridamlasi.com\/omega-3-iceren-takviye-edici-gida\/\">https:\/\/aridamlasi.com\/omega-3-iceren-takviye-edici-gida\/<\/a><br \/>hide<\/p>\n<p><img decoding=\"async\" src=\"https:\/\/aridamlasi.com\/wp-content\/uploads\/2022\/12\/Kudret-Nari-Softjel.png\" alt=\"Kudret Nar\u0131 Softjel\" \/><br \/>Kudret Nar\u0131 Ya\u011f\u0131 \u0130\u00e7eren Takviye Edici G\u0131da<br \/><a href=\"https:\/\/aridamlasi.com\/kudret-nari-yagi-iceren-takviye-edici-gida\/\">https:\/\/aridamlasi.com\/kudret-nari-yagi-iceren-takviye-edici-gida\/<\/a><br \/>hide<\/p>\n<p><img decoding=\"async\" src=\"https:\/\/aridamlasi.com\/wp-content\/uploads\/2022\/12\/Omega3-Propolis-AD.png\" alt=\"Omega3 Propolis AD\" \/><br \/>Omega 3 ve Propolis \u0130\u00e7eren Takviye Edici G\u0131da<br \/><a href=\"https:\/\/aridamlasi.com\/omega-3-ve-propolis-iceren-takviye-edici-gida\/\">https:\/\/aridamlasi.com\/omega-3-ve-propolis-iceren-takviye-edici-gida\/<\/a><br \/>hide<\/p>\n<p><img decoding=\"async\" src=\"https:\/\/aridamlasi.com\/wp-content\/uploads\/2022\/03\/Ari-Damlasi-Sivi-Propolis.png\" alt=\"Ari-Damlasi-Sivi-Propolis\" \/><br \/>Propolis Ekstresi \u0130\u00e7eren S\u0131v\u0131 Takviye Edici G\u0131da 30 mL<br \/><a href=\"https:\/\/aridamlasi.com\/propolis-ekstresi-iceren-sivi-takviye-edici-gida-30-ml\">https:\/\/aridamlasi.com\/propolis-ekstresi-iceren-sivi-takviye-edici-gida-30-ml<\/a><br \/>hide<\/p>\n","protected":false},"excerpt":{"rendered":"<p>G\u0131da Takviyelerilinehide Omega 3 \u0130\u00e7eren Takviye Edici G\u0131dahttps:\/\/aridamlasi.com\/omega-3-iceren-takviye-edici-gida\/hide Kudret Nar\u0131 Ya\u011f\u0131 \u0130\u00e7eren Takviye Edici G\u0131dahttps:\/\/aridamlasi.com\/kudret-nari-yagi-iceren-takviye-edici-gida\/hide Omega 3 ve Propolis \u0130\u00e7eren Takviye Edici G\u0131dahttps:\/\/aridamlasi.com\/omega-3-ve-propolis-iceren-takviye-edici-gida\/hide Propolis Ekstresi \u0130\u00e7eren<span class=\"excerpt-hellip\"> [\u2026]<\/span><\/p>\n","protected":false},"author":1,"featured_media":0,"parent":0,"menu_order":0,"comment_status":"closed","ping_status":"closed","template":"","meta":{"_joinchat":[],"footnotes":""},"class_list":["post-5310","page","type-page","status-publish","hentry"],"_links":{"self":[{"href":"https:\/\/aridamlasi.com\/tr\/wp-json\/wp\/v2\/pages\/5310","targetHints":{"allow":["GET"]}}],"collection":[{"href":"https:\/\/aridamlasi.com\/tr\/wp-json\/wp\/v2\/pages"}],"about":[{"href":"https:\/\/aridamlasi.com\/tr\/wp-json\/wp\/v2\/types\/page"}],"author":[{"embeddable":true,"href":"https:\/\/aridamlasi.com\/tr\/wp-json\/wp\/v2\/users\/1"}],"replies":[{"embeddable":true,"href":"https:\/\/aridamlasi.com\/tr\/wp-json\/wp\/v2\/comments?post=5310"}],"version-history":[{"count":0,"href":"https:\/\/aridamlasi.com\/tr\/wp-json\/wp\/v2\/pages\/5310\/revisions"}],"wp:attachment":[{"href":"https:\/\/aridamlasi.com\/tr\/wp-json\/wp\/v2\/media?parent=5310"}],"curies":[{"name":"wp","href":"https:\/\/api.w.org\/{rel}","templated":true}]}}